{"id":11646,"date":"2018-05-11T11:02:35","date_gmt":"2018-05-11T09:02:35","guid":{"rendered":"https:\/\/immortella.eu\/p\/tonik-za-lice-100ml\/"},"modified":"2024-12-18T00:01:31","modified_gmt":"2024-12-17T23:01:31","slug":"alkoholfreies-gesichtswasser","status":"publish","type":"product","link":"https:\/\/immortella.eu\/de\/p\/alkoholfreies-gesichtswasser\/","title":{"rendered":"Alkoholfreies Gesichtswasser"},"content":{"rendered":"<p>Erfrischendes Gesichtswasser ohne Alkohol auf Basis von Immortellenwasser, angereichert mit Aloe Vera, NaPCA, nat\u00fcrlichem Feuchtigkeitsspender und Hyalurons\u00e4ure. Dieses feuchtigkeitsspendende Gesichtswasser versorgt die Haut mit Feuchtigkeit, erfrischt und verj\u00fcngt sie. F\u00fcr alle Hauttypen.<\/p>\n<p><strong>\u00a0<\/strong><\/p>\n<p><strong>Vorteile:<\/strong><\/p>\n<p>-erfrischendes alkoholfreies Gesichtswasser f\u00fcr hydratisierte Haut rund um die Uhr<\/p>\n<p>-nat\u00fcrlicher Duft von Immortelle-Bl\u00fctenwasser<\/p>\n<p>-praktische Anwendung mit einem feinen Spr\u00fchnebel f\u00fcr sofortige Erfrischung den ganzen Tag lang<\/p>\n<p>&nbsp;<\/p>\n<p><strong>\u00a0Wichtige Inhaltsstoffe:<\/strong><\/p>\n<p><strong>Immortelle-Bl\u00fctenwasser<\/strong> \u2013 regeneriert die Haut, stimuliert die Mikrozirkulation und wirkt entz\u00fcndungshemmend. Es ist ideal f\u00fcr die Pflege von trockener und empfindlicher Haut.<\/p>\n<p><strong>Aloe Vera <\/strong>\u2013 spendet Feuchtigkeit, beruhigt und regt die Hautregeneration an. Es ist ideal f\u00fcr die Pflege von trockener und empfindlicher Haut.<\/p>\n<p><strong>NaPCA <\/strong>ist eine nat\u00fcrliche Verbindung, die in der Haut aus der Aminos\u00e4ure Glutamin gebildet wird. Seine biologische Funktion liegt darin, Feuchtigkeit in der Haut zu speichern.<\/p>\n<p><strong>Hyalurons\u00e4ure <\/strong>mit niedrigem Molekulargewicht ist eine hochaktive Komponente, die in die tieferen Hautschichten eindringt. Sie sorgt f\u00fcr Geschmeidigkeit, erfrischt das Erscheinungsbild der Haut und wirkt faltenreduzierend.<\/p>\n<p>&nbsp;<\/p>\n<p><strong>Anwendung:<\/strong><\/p>\n<p>Auf die gereinigte Haut aufspr\u00fchen. Das Gesichtswasser wird als erster Schritt der Hautpflege nach der Reinigung des Gesichts angewendet. Es kann auch tags\u00fcber \u00fcber dem Make-up aufgetragen werden, um die Haut zu erfrischen.<\/p>\n<p><strong>\u00a0<\/strong><\/p>\n<p><strong>Verpackung:<\/strong><\/p>\n<p>Das Produkt wird in 100-ml-Glasbeh\u00e4ltern als Spray mit einem feinen Zerstreuer geliefert.<\/p>\n<p><strong>\u00a0<\/strong><\/p>\n<p><strong>Inhaltsstoffe:<br \/>\n<\/strong><\/p>\n<p>Aqua, Helichrysum Italicum Flower Water, Aloe Barbadensis Leaf Juice, Pentylene Glycol, Glycerin, Sodium Pca, Sodium Hyaluronate, Citric Acid, Sodium Phytate, Potassium Sorbate, Sodium Benzoate<\/p>\n<p><strong>\u00a0<\/strong><\/p>\n","protected":false},"excerpt":{"rendered":"<p>&nbsp;<\/p>\n<p><strong>-hydratisiert und erfrischt die Haut<\/strong><\/p>\n<p><strong>-regeneriert intensiv<\/strong><\/p>\n<p><strong>-reguliert die Talgsekretion<\/strong><\/p>\n<p><strong>-100 ml<\/strong><\/p>\n<p>&nbsp;<\/p>\n","protected":false},"featured_media":13750,"comment_status":"open","ping_status":"closed","template":"","meta":[],"product_cat":[1242,108,123,118,370,371,373],"product_tag":[1001],"acf":[],"_links":{"self":[{"href":"https:\/\/immortella.eu\/de\/wp-json\/wp\/v2\/product\/11646"}],"collection":[{"href":"https:\/\/immortella.eu\/de\/wp-json\/wp\/v2\/product"}],"about":[{"href":"https:\/\/immortella.eu\/de\/wp-json\/wp\/v2\/types\/product"}],"replies":[{"embeddable":true,"href":"https:\/\/immortella.eu\/de\/wp-json\/wp\/v2\/comments?post=11646"}],"wp:featuredmedia":[{"embeddable":true,"href":"https:\/\/immortella.eu\/de\/wp-json\/wp\/v2\/media\/13750"}],"wp:attachment":[{"href":"https:\/\/immortella.eu\/de\/wp-json\/wp\/v2\/media?parent=11646"}],"wp:term":[{"taxonomy":"product_cat","embeddable":true,"href":"https:\/\/immortella.eu\/de\/wp-json\/wp\/v2\/product_cat?post=11646"},{"taxonomy":"product_tag","embeddable":true,"href":"https:\/\/immortella.eu\/de\/wp-json\/wp\/v2\/product_tag?post=11646"}],"curies":[{"name":"wp","href":"https:\/\/api.w.org\/{rel}","templated":true}]}}