{"id":11670,"date":"2018-05-11T11:01:51","date_gmt":"2018-05-11T09:01:51","guid":{"rendered":"https:\/\/immortella.eu\/p\/serum-za-lice-30-ml\/"},"modified":"2024-12-18T00:01:31","modified_gmt":"2024-12-17T23:01:31","slug":"gesichtsserum-fuer-strahlende-haut","status":"publish","type":"product","link":"https:\/\/immortella.eu\/de\/p\/gesichtsserum-fuer-strahlende-haut\/","title":{"rendered":"Anti-Falten-Gesichtsserum"},"content":{"rendered":"<p>Ein luxuri\u00f6ses Anti-Falten-Gesichtsserum, das die Haut intensiv regeneriert, ohne sie zu fetten. Eine reichhaltige Kombination pflanzlicher \u00d6le aus Wildrose, Jojoba, Nachtkerze, Olive und Aprikose, angereichert mit Granatapfel-Extrakt und \u00e4therischen \u00d6len von Immortelle und Geranie, verleiht der Haut Glanz, gleicht den Teint aus, regeneriert und wirkt sichtbaren Zeichen der Hautalterung entgegen. Die Haut wird gefestigt, gen\u00e4hrt und verj\u00fcngt. F\u00fcr normale bis trockene Haut.<\/p>\n<p><strong>\u00a0<\/strong><\/p>\n<p><strong>Vorteile:<\/strong><\/p>\n<p>-schnell einziehende Textur mit luxuri\u00f6sem Duft f\u00fcr strahlende Haut<\/p>\n<p>-reiche Kombination aus nat\u00fcrlichen Inhaltsstoffen<\/p>\n<p>-wir empfehlen als Nacht- oder Tagespflege<\/p>\n<p><strong>\u00a0<\/strong><\/p>\n<p><strong>Wichtige Inhaltsstoffe:<\/strong><\/p>\n<p><strong>Granatapfelextrakt<\/strong> \u2013 hat bedeutende antioxidative Eigenschaften, stimuliert die Hautregeneration und wirkt faltenreduzierend<\/p>\n<p><strong>Pflanzen\u00f6l der Wildrosenfrucht-Pflanzen\u00f6l <\/strong>\u2013 ein luxuri\u00f6ses \u00d6l, reich an Vitamin E und Beta-Carotin, stimuliert die Elastizit\u00e4t und wirkt bei Hautunreinheiten, ein luxuri\u00f6ses \u00d6l<\/p>\n<p><strong>\u00c4therisches Immortelle-\u00d6l <\/strong>\u2013 ein kostbares \u00d6l mit starker regenerativer und entz\u00fcndungshemmender Wirkung<\/p>\n<p><strong>Nachtkerzen\u00f6l<\/strong> \u2013 ein geruchloses \u00d6l mit bedeutenden beruhigenden und wohltuenden Eigenschaften<\/p>\n<p><strong>\u00a0<\/strong><\/p>\n<p><strong>Anwendung:<\/strong><\/p>\n<p>Einige Tropfen auf die gereinigte Haut von Gesicht und Hals einmassieren. F\u00fcr bessere Ergebnisse empfehlen wir, die Produkte nach dem Gesichtswasser und vor der Gesichtscreme aufzutragen.<\/p>\n<p>&nbsp;<\/p>\n<p><strong>Verpackung:<\/strong><\/p>\n<p>Das Produkt wird in einem 30-ml-Glasbeh\u00e4lter mit einer Pipette geliefert.<\/p>\n<p>&nbsp;<\/p>\n<p><strong>Inhaltsstoffe:<\/strong><\/p>\n<p>Prunus Armeniaca Kernel Oil*, Simmondsia Chinensis Seed Oil*, Olea Europaea Fruit Oil*, Oenothera Biennis Oil, Rosa Rubiginosa Seed Oil*, Coco-Caprylate, Punica Granatum Seed Extract, Helichrysum Italicum Flower Oil*, Pelargonium Graveolens Oil, Rosmarinus Officinalis Leaf Extract, Helianthus Annuus Seed Oil, Tocopherol, Citronellol, Limonene, Citral, Geraniol, Linalool<br \/>\n*Zertifizierte organische Inhaltsstoffe<\/p>\n<p>&nbsp;<\/p>\n","protected":false},"excerpt":{"rendered":"<p>&nbsp;<\/p>\n<p><strong>-luxuri\u00f6ses Anti-Age-Gesichtsserum<\/strong><\/p>\n<p><strong>-f\u00fcr straffe, gen\u00e4hrte und verj\u00fcngte Haut<\/strong><\/p>\n<p><strong>-schafft einen gleichm\u00e4\u00dfigen Hautton<\/strong><\/p>\n<p><strong>-30 ml<\/strong><\/p>\n<p>&nbsp;<\/p>\n","protected":false},"featured_media":13753,"comment_status":"open","ping_status":"closed","template":"","meta":[],"product_cat":[118,370,371],"product_tag":[381],"acf":[],"_links":{"self":[{"href":"https:\/\/immortella.eu\/de\/wp-json\/wp\/v2\/product\/11670"}],"collection":[{"href":"https:\/\/immortella.eu\/de\/wp-json\/wp\/v2\/product"}],"about":[{"href":"https:\/\/immortella.eu\/de\/wp-json\/wp\/v2\/types\/product"}],"replies":[{"embeddable":true,"href":"https:\/\/immortella.eu\/de\/wp-json\/wp\/v2\/comments?post=11670"}],"wp:featuredmedia":[{"embeddable":true,"href":"https:\/\/immortella.eu\/de\/wp-json\/wp\/v2\/media\/13753"}],"wp:attachment":[{"href":"https:\/\/immortella.eu\/de\/wp-json\/wp\/v2\/media?parent=11670"}],"wp:term":[{"taxonomy":"product_cat","embeddable":true,"href":"https:\/\/immortella.eu\/de\/wp-json\/wp\/v2\/product_cat?post=11670"},{"taxonomy":"product_tag","embeddable":true,"href":"https:\/\/immortella.eu\/de\/wp-json\/wp\/v2\/product_tag?post=11670"}],"curies":[{"name":"wp","href":"https:\/\/api.w.org\/{rel}","templated":true}]}}