{"id":11726,"date":"2020-03-09T16:20:09","date_gmt":"2020-03-09T15:20:09","guid":{"rendered":"https:\/\/immortella.eu\/p\/piling-i-maska-za-lice\/"},"modified":"2024-12-18T00:01:30","modified_gmt":"2024-12-17T23:01:30","slug":"gesichts-ton-peeling-maske","status":"publish","type":"product","link":"https:\/\/immortella.eu\/de\/p\/gesichts-ton-peeling-maske\/","title":{"rendered":"Gesichts-Ton-Peeling &#038; Maske"},"content":{"rendered":"<p>Eine nat\u00fcrliche 2-in-1-Behandlung, die die Haut gr\u00fcndlich reinigt, erneuert und sie gl\u00e4nzend und weich macht. Durch sanftes Massieren des Gesichts entfernen Aprikosenpartikel abgestorbene Zellen von der Hautoberfl\u00e4che, wei\u00dfe Tonerde regeneriert und beruhigt die Haut und gr\u00fcne Tonerde entfernt Giftstoffe und Unreinheiten. Jojoba- und Aprikosen\u00f6l pflegen und Immortelle wirkt auf die Zeichen der Hautalterung. Reguliert die Talgsekretion und mattiert die Haut. Das Produkt ist f\u00fcr alle Hauttypen bestimmt, au\u00dfer f\u00fcr zu Akne neigende Haut.<\/p>\n<p><strong>\u00a0<\/strong><\/p>\n<p><strong>Vorteile:<\/strong><\/p>\n<p>-feine Aprikosenpartikel entfernen abgestorbene Hautzellen<\/p>\n<p>-entfernt \u00fcbersch\u00fcssigen Talg<\/p>\n<p>-das Ergebnis ist eine weiche und strahlende Haut<\/p>\n<p><strong>\u00a0<\/strong><\/p>\n<p><strong>Wichtige Inhaltsstoffe:<\/strong><\/p>\n<p><strong>\u00c4therisches Immortelle-\u00d6l<\/strong> \u2013 wertvolles \u00d6l mit starker regenerativer und entz\u00fcndungshemmender Wirkung.<\/p>\n<p><strong>Gr\u00fcne Tonerde <\/strong>\u2013 enth\u00e4lt Mineralsalze und Spurenelemente, entfernt Unreinheiten von der Haut und reguliert die Talgsekretion.<\/p>\n<p><strong>Aprikosenpartikel<\/strong> \u2013 feine Partikel, die abgestorbene Hautzellen entfernen.<\/p>\n<p><strong>\u00a0<\/strong><\/p>\n<p><strong>Anwendung:<\/strong><\/p>\n<p>Tragen Sie das Gesichtspeeling und die Maske aus Tonerde zweimal pro Woche auf die gereinigte und getrocknete Haut auf. 1 Minute einmassieren und 10 bis 20 Minuten auf der Haut einwirken lassen. Sp\u00fclen Sie die Maske ab und tragen Sie Ihr Lieblingsserum oder Ihre Lieblingscreme auf.<\/p>\n<p><strong>\u00a0<\/strong><\/p>\n<p><strong>Verpackung:<\/strong><\/p>\n<p>Das Produkt wird in einem 50-ml-Glasgef\u00e4\u00df geliefert.<\/p>\n<p>&nbsp;<\/p>\n<p><strong>Inhaltsstoffe:<\/strong><\/p>\n<p>Aqua, Prunus Armeniaca, Kernel Oil*, Cetearyl Olivate, Sorbitan Olivate, Simmondsia Chinesis Seed Oil*, Montmorillonite, Illite, Kaolin, Prunus Armeniaca Seed Powder, Glycerin, Helichrysum Italicum Flower Oil*, Cinnamomum Champhora Linalooliferum Wood Oil, Rosmarinus Officinalis Leaf Extract, Helianthus Annuus Seed Oil, Xanthan Gum, Benzyl Alcohol, Sodium Phytate, Citric Acid, Dehydroacetic Acid, Linalool, Limonene<br \/>\n*Zertifizierte organische Inhaltsstoffe<\/p>\n<p><strong>\u00a0<\/strong><\/p>\n","protected":false},"excerpt":{"rendered":"<p>&nbsp;<\/p>\n<p><strong>-nat\u00fcrliche 2 in 1 Behandlung<\/strong><\/p>\n<p><strong>-reinigt die Gesichtshaut tiefgreifend<\/strong><\/p>\n<p><strong>-f\u00fcr strahlende und glatte Haut<\/strong><\/p>\n<p><strong>-50 ml<\/strong><\/p>\n<p>&nbsp;<\/p>\n","protected":false},"featured_media":11733,"comment_status":"open","ping_status":"closed","template":"","meta":[],"product_cat":[1242,108,123,118,370,373],"product_tag":[375],"acf":[],"_links":{"self":[{"href":"https:\/\/immortella.eu\/de\/wp-json\/wp\/v2\/product\/11726"}],"collection":[{"href":"https:\/\/immortella.eu\/de\/wp-json\/wp\/v2\/product"}],"about":[{"href":"https:\/\/immortella.eu\/de\/wp-json\/wp\/v2\/types\/product"}],"replies":[{"embeddable":true,"href":"https:\/\/immortella.eu\/de\/wp-json\/wp\/v2\/comments?post=11726"}],"wp:featuredmedia":[{"embeddable":true,"href":"https:\/\/immortella.eu\/de\/wp-json\/wp\/v2\/media\/11733"}],"wp:attachment":[{"href":"https:\/\/immortella.eu\/de\/wp-json\/wp\/v2\/media?parent=11726"}],"wp:term":[{"taxonomy":"product_cat","embeddable":true,"href":"https:\/\/immortella.eu\/de\/wp-json\/wp\/v2\/product_cat?post=11726"},{"taxonomy":"product_tag","embeddable":true,"href":"https:\/\/immortella.eu\/de\/wp-json\/wp\/v2\/product_tag?post=11726"}],"curies":[{"name":"wp","href":"https:\/\/api.w.org\/{rel}","templated":true}]}}