{"id":11742,"date":"2021-04-12T14:04:47","date_gmt":"2021-04-12T12:04:47","guid":{"rendered":"https:\/\/immortella.eu\/p\/deo-krema-cajevac\/"},"modified":"2025-05-16T15:06:28","modified_gmt":"2025-05-16T13:06:28","slug":"deodorant-creme-mit-teebaumoel","status":"publish","type":"product","link":"https:\/\/immortella.eu\/de\/p\/deodorant-creme-mit-teebaumoel\/","title":{"rendered":"Deodorant-Creme mit Teebaum\u00f6l"},"content":{"rendered":"<p>Das aluminiumfreie nat\u00fcrliche Deodorant mit \u00e4therischen \u00d6len von Teebaum und Ravintsara ist f\u00fcr alle Hauttypen geeignet und bietet sicheren Schutz den ganzen Tag lang. Eine wirksame Formulierung, die den ganzen Tag \u00fcber Frische ohne sch\u00e4dliche Inhaltsstoffe bietet. Mit seiner Zusammensetzung nimmt es Feuchtigkeit auf, neutralisiert Ger\u00fcche und pflegt die Achselhaut. Es enth\u00e4lt kein Natriumbikarbonat, Aluminium und Alkohol.<\/p>\n<p>&nbsp;<\/p>\n<p><strong>Vorteile:<\/strong><\/p>\n<p>-ohne Aluminium, nat\u00fcrliche Inhaltsstoffe<\/p>\n<p>-verursacht keine Reizungen<\/p>\n<p>-verstopft nicht die Poren<\/p>\n<p>&nbsp;<\/p>\n<p><strong>Wichtige Inhaltsstoffe:<\/strong><\/p>\n<p><strong>Aru-Pulver \u2013 <\/strong>absorbiert Feuchtigkeit, wirkt antibakteriell und macht die Haut weicher und glatter.<\/p>\n<p><strong>Magnesiummineralien \u2013 <\/strong>neutralisieren unangenehme Ger\u00fcche, absorbieren Schwei\u00df und Feuchtigkeit und kontrollieren das Wachstum von Bakterien.<\/p>\n<p><strong>\u00c4therische \u00d6le von Teebaum und Ravintsara \u2013 <\/strong>bieten effektiven Schutz und tragen zur Verhinderung des Bakterienwachstums bei.<\/p>\n<p><strong>\u00a0<\/strong><\/p>\n<p><strong>Anwendung:<\/strong><\/p>\n<p>Tragen Sie eine kleine Menge des Deodorants auf die saubere und trockene Haut der Achselh\u00f6hlen auf. Warten Sie vor dem Anziehen einige Minuten, bis die Creme so gut wie m\u00f6glich in die Haut eingezogen ist.<\/p>\n<p><strong>\u00a0<\/strong><\/p>\n<p><strong>Verpackung:<\/strong><\/p>\n<p>Das Produkt wird in einem 50-ml-Glasgef\u00e4\u00df geliefert.<\/p>\n<p><strong>\u00a0<\/strong><\/p>\n<p><strong>Inhaltsstoffe:<br \/>\n<\/strong><\/p>\n<p>Maranta Arundinacea Root Powder, Mangifera Indica Seed Butter, Cocos Nucifera Oil, Magnesium Hydroxide, Prunus Armeniaca Kernel Oil, Butyrospermum Parkii Butter, Cera Alba, Magnesium Carbonate Hydroxide, Lysolecithin, Cinnamomum Camphora Leaf Oil, Melaleuca Alternifolia Leaf Oil, Limonene<\/p>\n<p>&nbsp;<\/p>\n","protected":false},"excerpt":{"rendered":"<p>&nbsp;<\/p>\n<p><strong>-nat\u00fcrliches antibakterielles Deodorant<\/strong><\/p>\n<p><strong>-f\u00fcr alle Hauttypen geeignet<\/strong><\/p>\n<p><strong>-frei von Aluminium, Natriumbikarbonat und Alkohol<\/strong><\/p>\n<p><strong>-50 ml<\/strong><\/p>\n<p>&nbsp;<\/p>\n","protected":false},"featured_media":11747,"comment_status":"open","ping_status":"closed","template":"","meta":[],"product_cat":[119,118,953],"product_tag":[],"acf":[],"_links":{"self":[{"href":"https:\/\/immortella.eu\/de\/wp-json\/wp\/v2\/product\/11742"}],"collection":[{"href":"https:\/\/immortella.eu\/de\/wp-json\/wp\/v2\/product"}],"about":[{"href":"https:\/\/immortella.eu\/de\/wp-json\/wp\/v2\/types\/product"}],"replies":[{"embeddable":true,"href":"https:\/\/immortella.eu\/de\/wp-json\/wp\/v2\/comments?post=11742"}],"wp:featuredmedia":[{"embeddable":true,"href":"https:\/\/immortella.eu\/de\/wp-json\/wp\/v2\/media\/11747"}],"wp:attachment":[{"href":"https:\/\/immortella.eu\/de\/wp-json\/wp\/v2\/media?parent=11742"}],"wp:term":[{"taxonomy":"product_cat","embeddable":true,"href":"https:\/\/immortella.eu\/de\/wp-json\/wp\/v2\/product_cat?post=11742"},{"taxonomy":"product_tag","embeddable":true,"href":"https:\/\/immortella.eu\/de\/wp-json\/wp\/v2\/product_tag?post=11742"}],"curies":[{"name":"wp","href":"https:\/\/api.w.org\/{rel}","templated":true}]}}