{"id":11751,"date":"2020-06-04T08:12:59","date_gmt":"2020-06-04T06:12:59","guid":{"rendered":"https:\/\/immortella.eu\/p\/deo-sprej-neutral-100-ml\/"},"modified":"2025-05-16T15:05:54","modified_gmt":"2025-05-16T13:05:54","slug":"deodorant-spray-neutral","status":"publish","type":"product","link":"https:\/\/immortella.eu\/de\/p\/deodorant-spray-neutral\/","title":{"rendered":"Deodorant-Spray NEUTRAL"},"content":{"rendered":"<p>Unparf\u00fcmiertes Deodorant f\u00fcr den ganzt\u00e4gigen Schutz, das sowohl f\u00fcr M\u00e4nner als auch f\u00fcr Frauen geeignet ist. Es absorbiert auf nat\u00fcrliche Weise Feuchtigkeit, neutralisiert Ger\u00fcche und hinterl\u00e4sst ein sauberes und angenehmes Gef\u00fchl auf der Haut. Es ist f\u00fcr alle Hauttypen geeignet. Das Produkt enth\u00e4lt kein Aluminiumchloralhydrat und keinen Alkohol. Es hinterl\u00e4sst keine Spuren auf der Kleidung.<\/p>\n<p><strong>\u00a0<\/strong><\/p>\n<p><strong>Vorteile:<\/strong><\/p>\n<p>-praktische Anwendung<\/p>\n<p>-keine Flecken auf der Kleidung<\/p>\n<p>-verstopft nicht die Poren<\/p>\n<p><strong>\u00a0<\/strong><\/p>\n<p><strong>Wichtige Inhaltsstoffe:<\/strong><\/p>\n<p><strong>NaPCA <\/strong>\u2013 eine nat\u00fcrliche Verbindung, die die Feuchtigkeit in der Haut h\u00e4lt.<\/p>\n<p><strong>Kaliumalaun<\/strong> &#8211; ein Mineralsalz, das Ger\u00fcche neutralisiert und das Wachstum von sch\u00e4dlichen Bakterien verhindert.<\/p>\n<p><strong>\u00a0<\/strong><\/p>\n<p><strong>Anwendung:<\/strong><\/p>\n<p>Tragen Sie das Deodorant auf die saubere und trockene Achselhaut auf.<\/p>\n<p><strong>\u00a0<\/strong><\/p>\n<p><strong>Verpackung:<\/strong><\/p>\n<p>Das Produkt wird in einer 100 ml Plastikflasche mit Spray geliefert.<\/p>\n<p><strong>\u00a0<\/strong><\/p>\n<p><strong>Inhaltsstoffe:<\/strong><\/p>\n<p>Aqua, Potassium Alum, Sodium PCA, Benzyl Alcohol, Dehydroacetic Acid<\/p>\n<p>&nbsp;<\/p>\n","protected":false},"excerpt":{"rendered":"<p>&nbsp;<\/p>\n<p><strong>-nat\u00fcrlich und lang anhaltend<\/strong><\/p>\n<p><strong>-ohne Duft, frei von Aluminiumchloralhydrat und Alkohol<\/strong><\/p>\n<p><strong>-hinterl\u00e4sst keine Flecken auf der Kleidung<\/strong><\/p>\n<p><strong>-100 ml<\/strong><\/p>\n<p>&nbsp;<\/p>\n","protected":false},"featured_media":11756,"comment_status":"open","ping_status":"closed","template":"","meta":[],"product_cat":[108,123,119,118,953],"product_tag":[],"acf":[],"_links":{"self":[{"href":"https:\/\/immortella.eu\/de\/wp-json\/wp\/v2\/product\/11751"}],"collection":[{"href":"https:\/\/immortella.eu\/de\/wp-json\/wp\/v2\/product"}],"about":[{"href":"https:\/\/immortella.eu\/de\/wp-json\/wp\/v2\/types\/product"}],"replies":[{"embeddable":true,"href":"https:\/\/immortella.eu\/de\/wp-json\/wp\/v2\/comments?post=11751"}],"wp:featuredmedia":[{"embeddable":true,"href":"https:\/\/immortella.eu\/de\/wp-json\/wp\/v2\/media\/11756"}],"wp:attachment":[{"href":"https:\/\/immortella.eu\/de\/wp-json\/wp\/v2\/media?parent=11751"}],"wp:term":[{"taxonomy":"product_cat","embeddable":true,"href":"https:\/\/immortella.eu\/de\/wp-json\/wp\/v2\/product_cat?post=11751"},{"taxonomy":"product_tag","embeddable":true,"href":"https:\/\/immortella.eu\/de\/wp-json\/wp\/v2\/product_tag?post=11751"}],"curies":[{"name":"wp","href":"https:\/\/api.w.org\/{rel}","templated":true}]}}