{"id":11759,"date":"2020-10-07T08:00:52","date_gmt":"2020-10-07T06:00:52","guid":{"rendered":"https:\/\/immortella.eu\/p\/deo-roll-on-floral\/"},"modified":"2025-05-16T15:07:16","modified_gmt":"2025-05-16T13:07:16","slug":"deo-roll-on-floral","status":"publish","type":"product","link":"https:\/\/immortella.eu\/de\/p\/deo-roll-on-floral\/","title":{"rendered":"Deo-Roll-on FLORAL"},"content":{"rendered":"<p>Das nat\u00fcrliche Deo im Roll-on bietet ganzt\u00e4gigen Schutz und wird aufgrund des blumigen Duftes von \u00e4therischen Lavendel- und Ylang-Ylang-\u00d6len besonders von Frauen geliebt.<\/p>\n<p>Eine wirksame Formulierung, die den ganzen Tag \u00fcber f\u00fcr Frische sorgt, ohne sch\u00e4dliche Inhaltsstoffe. Es nimmt Feuchtigkeit auf, neutralisiert Ger\u00fcche und pflegt die Achselhaut. Der Deoroller f\u00fcr alle Hauttypen geeignet. Das Deo enth\u00e4lt kein Aluminiumchlorhydrat und keinen Alkohol. Es hinterl\u00e4sst keine Spuren auf der Kleidung.<\/p>\n<p>&nbsp;<\/p>\n<p><strong>Vorteile:<\/strong><\/p>\n<p>-praktische Anwendung<\/p>\n<p>-hinterl\u00e4sst keine Spuren auf der Kleidung<\/p>\n<p>-verstopft nicht die Poren<\/p>\n<p><strong>\u00a0<\/strong><\/p>\n<p><strong>Wichtige Inhaltsstoffe:<\/strong><\/p>\n<p><strong>Kaliumalaun <\/strong>\u2013 ein Mineralsalz, das Ger\u00fcche neutralisiert und das Wachstum von sch\u00e4dlichen Bakterien verhindert.<\/p>\n<p><strong>\u00c4therische \u00d6le aus Salbei, Lavendel und Ylang Ylang <\/strong>\u2013 bieten einen wirksamen Schutz und tragen zur Verhinderung des Bakterienwachstums bei.<\/p>\n<p><strong>\u00a0<\/strong><\/p>\n<p><strong>Anwendung:<\/strong><\/p>\n<p>Tragen Sie das Produkt auf die saubere und trockene Haut der Achselh\u00f6hlen auf.<\/p>\n<p><strong>\u00a0<\/strong><\/p>\n<p><strong>Verpackung: <\/strong><\/p>\n<p>Das Produkt kommt in einer praktischen 50-ml-Flasche mit Roll-on-Kugel.<\/p>\n<p><strong>\u00a0<\/strong><\/p>\n<p><strong>Inhaltsstoffe:<\/strong><\/p>\n<p>Aqua, Glycerin, Pentylene Glycol, Potassium Alum, Lavandula Angustifolia Oil, Cananga Odorata Flower Oil, Salvia Officinalis Oil, Xanthan Gum, Cinnamomum Camphora Linalooliferum Wood Oil, Sodium Phytate, Sodium Hydroxide, Linalool, Benzyl Benzoate, Benzyl Salicylate, Geraniol*, Limonene*, Farnesol*<br \/>\n*aus nat\u00fcrlichen \u00e4therischen \u00d6len<\/p>\n<p>&nbsp;<\/p>\n","protected":false},"excerpt":{"rendered":"<p>&nbsp;<\/p>\n<p><strong>-nat\u00fcrliches und lang anhaltendes Deodorant<\/strong><\/p>\n<p><strong>-ohne Aluminium und Alkohol<\/strong><\/p>\n<p><strong>-hinterl\u00e4sst keine Flecken auf der Kleidung<\/strong><\/p>\n<p><strong>-50 ml<\/strong><\/p>\n<p>&nbsp;<\/p>\n","protected":false},"featured_media":11760,"comment_status":"open","ping_status":"closed","template":"","meta":[],"product_cat":[119,118,953],"product_tag":[],"acf":[],"_links":{"self":[{"href":"https:\/\/immortella.eu\/de\/wp-json\/wp\/v2\/product\/11759"}],"collection":[{"href":"https:\/\/immortella.eu\/de\/wp-json\/wp\/v2\/product"}],"about":[{"href":"https:\/\/immortella.eu\/de\/wp-json\/wp\/v2\/types\/product"}],"replies":[{"embeddable":true,"href":"https:\/\/immortella.eu\/de\/wp-json\/wp\/v2\/comments?post=11759"}],"wp:featuredmedia":[{"embeddable":true,"href":"https:\/\/immortella.eu\/de\/wp-json\/wp\/v2\/media\/11760"}],"wp:attachment":[{"href":"https:\/\/immortella.eu\/de\/wp-json\/wp\/v2\/media?parent=11759"}],"wp:term":[{"taxonomy":"product_cat","embeddable":true,"href":"https:\/\/immortella.eu\/de\/wp-json\/wp\/v2\/product_cat?post=11759"},{"taxonomy":"product_tag","embeddable":true,"href":"https:\/\/immortella.eu\/de\/wp-json\/wp\/v2\/product_tag?post=11759"}],"curies":[{"name":"wp","href":"https:\/\/api.w.org\/{rel}","templated":true}]}}