{"id":11767,"date":"2020-10-07T08:30:24","date_gmt":"2020-10-07T06:30:24","guid":{"rendered":"https:\/\/immortella.eu\/p\/deo-roll-on-man\/"},"modified":"2025-05-16T15:02:46","modified_gmt":"2025-05-16T13:02:46","slug":"deo-roll-on-man","status":"publish","type":"product","link":"https:\/\/immortella.eu\/de\/p\/deo-roll-on-man\/","title":{"rendered":"Deo-Roll-on MEN"},"content":{"rendered":"<p>Deo f\u00fcr M\u00e4nner ohne Aluminium und Alkohol, f\u00fcr den ganzt\u00e4gigen Schutz gegen Schwei\u00df, mit \u00e4therischen \u00d6len aus Sandelholz und Zitrone. Eine wirksame Formulierung, die den ganzen Tag \u00fcber f\u00fcr Frische sorgt, ohne sch\u00e4dliche Inhaltsstoffe.\u00a0 Es nimmt Feuchtigkeit auf, neutralisiert Ger\u00fcche und pflegt die Achselhaut. F\u00fcr alle Hauttypen geeignet. Es hinterl\u00e4sst keine Spuren auf der Kleidung.<\/p>\n<p>&nbsp;<\/p>\n<p><strong>Vorteile:<\/strong><\/p>\n<p>-praktische Anwendung<\/p>\n<p>-hinterl\u00e4sst keine Spuren auf der Kleidung<\/p>\n<p>-verstopft die Poren nicht<\/p>\n<p><strong>\u00a0<\/strong><\/p>\n<p><strong>Wichtige Inhaltsstoffe:<\/strong><\/p>\n<p><strong>Kaliumalaun <\/strong>\u2013 ein Mineralsalz, das Ger\u00fcche neutralisiert und das Wachstum von sch\u00e4dlichen Bakterien verhindert.<\/p>\n<p><strong>\u00c4therische \u00d6le aus Salbei, Sandelholz und Zitrone <\/strong>\u2013 bieten einen wirksamen Schutz und tragen zur Verhinderung des Bakterienwachstums bei.<\/p>\n<p><strong>\u00a0<\/strong><\/p>\n<p><strong>Anwendung:<\/strong><\/p>\n<p>Tragen Sie das Produkt auf die saubere und trockene Haut der Achselh\u00f6hlen auf.<\/p>\n<p><strong>\u00a0<\/strong><\/p>\n<p><strong>Verpackung: <\/strong><\/p>\n<p>Das Produkt kommt in einer praktischen 50-ml-Flasche mit Roll-on-Kugel.<\/p>\n<p><strong>\u00a0<\/strong><\/p>\n<p><strong>Inhaltsstoffe:<\/strong><\/p>\n<p>Aqua, Glycerin, Pentylene Glycol, Potassium Alum, Amyris Balsamifera Bark Oil, Xanthan Gum, Citrus Limon Fruit Oil, Salvia Officinalis Oil, Sodium Phytate, Sodium Hydroxide, Limonene*, Citral*<br \/>\n*aus nat\u00fcrlichen \u00e4therischen \u00d6len<\/p>\n<p>&nbsp;<\/p>\n","protected":false},"excerpt":{"rendered":"<p>&nbsp;<\/p>\n<p><strong>-nat\u00fcrliches und lang anhaltendes Deodorant<\/strong><\/p>\n<p><strong>-aluminiumfrei, alkoholfrei<\/strong><\/p>\n<p><strong>-hinterl\u00e4sst keine Spuren auf der Kleidung<\/strong><\/p>\n<p><strong>-50 ml<\/strong><\/p>\n<p>&nbsp;<\/p>\n","protected":false},"featured_media":11766,"comment_status":"open","ping_status":"closed","template":"","meta":[],"product_cat":[119,118,953],"product_tag":[],"acf":[],"_links":{"self":[{"href":"https:\/\/immortella.eu\/de\/wp-json\/wp\/v2\/product\/11767"}],"collection":[{"href":"https:\/\/immortella.eu\/de\/wp-json\/wp\/v2\/product"}],"about":[{"href":"https:\/\/immortella.eu\/de\/wp-json\/wp\/v2\/types\/product"}],"replies":[{"embeddable":true,"href":"https:\/\/immortella.eu\/de\/wp-json\/wp\/v2\/comments?post=11767"}],"wp:featuredmedia":[{"embeddable":true,"href":"https:\/\/immortella.eu\/de\/wp-json\/wp\/v2\/media\/11766"}],"wp:attachment":[{"href":"https:\/\/immortella.eu\/de\/wp-json\/wp\/v2\/media?parent=11767"}],"wp:term":[{"taxonomy":"product_cat","embeddable":true,"href":"https:\/\/immortella.eu\/de\/wp-json\/wp\/v2\/product_cat?post=11767"},{"taxonomy":"product_tag","embeddable":true,"href":"https:\/\/immortella.eu\/de\/wp-json\/wp\/v2\/product_tag?post=11767"}],"curies":[{"name":"wp","href":"https:\/\/api.w.org\/{rel}","templated":true}]}}