{"id":11769,"date":"2025-07-28T11:06:32","date_gmt":"2025-07-28T09:06:32","guid":{"rendered":"https:\/\/immortella.eu\/p\/losion-poslije-suncanja-200-ml\/"},"modified":"2025-07-28T19:16:27","modified_gmt":"2025-07-28T17:16:27","slug":"after-sun-lotion-mit-aloe-vera","status":"publish","type":"product","link":"https:\/\/immortella.eu\/de\/p\/after-sun-lotion-mit-aloe-vera\/","title":{"rendered":"Tan Prolonger &#8211; After Sun Lotion"},"content":{"rendered":"<p>Eine schnell einziehende Lotion, die sofortige Linderung, intensive Feuchtigkeit, ein beruhigendes Gef\u00fchl sowie angenehme Frische nach dem Sonnenbaden spendet. Sie hinterl\u00e4sst kein schweres Hautgef\u00fchl und ist daher die ideale K\u00f6rperlotion f\u00fcr den Sommer. Die Lotion verl\u00e4ngert die Br\u00e4une und sorgt f\u00fcr ein langanhaltendes Gef\u00fchl von Wohlbefinden.<\/p>\n<p>Angereichert mit pflegenden Inhaltsstoffen und Antioxidantien beruhigt die After Sun Lotion gereizte Haut, unterst\u00fctzt die Regeneration der gesch\u00e4digten Hautbarriere und verl\u00e4ngert sichtbar die Haltbarkeit der Br\u00e4une. Die Haut bleibt geschmeidig, gepflegt und strahlend \u2013 bereit f\u00fcr jeden neuen Sonnentag.<\/p>\n<p>Mit kraftvollen, nat\u00fcrlichen Inhaltsstoffen wie Aloe Vera, Lavendel und Hagebutten\u00f6l beruhigt diese Lotion R\u00f6tungen, f\u00f6rdert die Zellerneuerung und stellt die nat\u00fcrliche Geschmeidigkeit, Elastizit\u00e4t und Frische der Haut wieder her. Dank der enthaltenen Antioxidantien hilft sie, die durch die Sonne beeintr\u00e4chtigte Hautbarriere zu regenerieren \u2013 f\u00fcr eine sichtbar gen\u00e4hrte, gesunde Haut.<\/p>\n<p>Die After Sun Lotion ist f\u00fcr alle Hauttypen geeignet \u2013 sowohl direkt nach dem Sonnenbad als auch langfristig zur Pflege und zum Erhalt der Br\u00e4une.<\/p>\n<p>Dermatologisch getestet. Vegane Formel mit nat\u00fcrlichen Inhaltsstoffen. F\u00fcr alle Hauttypen geeignet.<\/p>\n<p><strong>Hauptinhaltsstoffe:<\/strong><\/p>\n<p>Aloe Vera \u2013 spendet Feuchtigkeit, beruhigt und unterst\u00fctzt die Hautregeneration.<br \/>\nHagebutten\u00f6l \u2013 ein luxuri\u00f6ses \u00d6l, reich an Vitamin E und Beta-Carotin; verbessert die Elastizit\u00e4t und regt die Zellerneuerung an.<br \/>\nLavendel\u00f6l \u2013 beruhigt empfindliche und sonnengesch\u00e4digte Haut.<br \/>\nSheabutter \u2013 eine reichhaltige Butter mit starken antioxidativen Eigenschaften, ideal zur Pflege trockener und strapazierter Haut.<\/p>\n<p><strong>Anwendung:<\/strong><br \/>\nNach dem Sonnenbad auf die gereinigte Haut auftragen und sanft einmassieren. Bei Bedarf wiederholen.<\/p>\n<p><strong>Verpackung:<\/strong><br \/>\nDie Lotion ist in einer 150-ml-Flasche mit Pumpspender f\u00fcr eine pr\u00e4zise Dosierung erh\u00e4ltlich. Der Verschlussmechanismus sch\u00fctzt zuverl\u00e4ssig vor dem Auslaufen.<\/p>\n<p><strong>Inhaltsstoffe:<\/strong><br \/>\nAqua, Aloe Barbadensis Leaf Juice, Glycerin, Butyrospermum Parkii Butter*, Simmondsia Chinensis Seed Oil*, Cetearyl Olivate, Sorbitan Olivate, Sodium PCA, Cocos Nucifera Oil*, Prunus Armeniaca Seed Oil*, Coco-Caprylate, Rosa Moschata Seed Oil*, Benzyl Alcohol, Tocopherol, Dehydroacetic Acid, Sodium Phytate, Lavandula Angustifolia Flower Oil*, Citric Acid, Linalool<\/p>\n<p>*Zertifizierte organische Inhaltsstoffe<\/p>\n","protected":false},"excerpt":{"rendered":"<p>After-Sun-Lotion, 150 ml<\/p>\n<p>Spendet Feuchtigkeit, beruhigt und regeneriert die Haut nach dem Sonnenbaden.<\/p>\n<p>Sorgt f\u00fcr eine langanhaltende Br\u00e4une.<\/p>\n<p>Mit Aloe Vera, Lavendel, Hagebutte und Sheabutter.<\/p>\n","protected":false},"featured_media":25182,"comment_status":"open","ping_status":"closed","template":"","meta":[],"product_cat":[118,953],"product_tag":[998],"acf":[],"_links":{"self":[{"href":"https:\/\/immortella.eu\/de\/wp-json\/wp\/v2\/product\/11769"}],"collection":[{"href":"https:\/\/immortella.eu\/de\/wp-json\/wp\/v2\/product"}],"about":[{"href":"https:\/\/immortella.eu\/de\/wp-json\/wp\/v2\/types\/product"}],"replies":[{"embeddable":true,"href":"https:\/\/immortella.eu\/de\/wp-json\/wp\/v2\/comments?post=11769"}],"wp:featuredmedia":[{"embeddable":true,"href":"https:\/\/immortella.eu\/de\/wp-json\/wp\/v2\/media\/25182"}],"wp:attachment":[{"href":"https:\/\/immortella.eu\/de\/wp-json\/wp\/v2\/media?parent=11769"}],"wp:term":[{"taxonomy":"product_cat","embeddable":true,"href":"https:\/\/immortella.eu\/de\/wp-json\/wp\/v2\/product_cat?post=11769"},{"taxonomy":"product_tag","embeddable":true,"href":"https:\/\/immortella.eu\/de\/wp-json\/wp\/v2\/product_tag?post=11769"}],"curies":[{"name":"wp","href":"https:\/\/api.w.org\/{rel}","templated":true}]}}