{"id":11777,"date":"2018-05-11T11:05:58","date_gmt":"2018-05-11T09:05:58","guid":{"rendered":"https:\/\/immortella.eu\/p\/ulje-za-broncanu-put-100-ml\/"},"modified":"2025-05-16T15:04:22","modified_gmt":"2025-05-16T13:04:22","slug":"bronze-braeunungsoel","status":"publish","type":"product","link":"https:\/\/immortella.eu\/de\/p\/bronze-braeunungsoel\/","title":{"rendered":"Bronze-Br\u00e4unungs\u00f6l"},"content":{"rendered":"<p><img decoding=\"async\" loading=\"lazy\" class=\"aligncenter wp-image-23443\" src=\"https:\/\/immortella.eu\/wp-content\/uploads\/2018\/05\/Grazia-Awards-Winner.png\" alt=\"\" width=\"167\" height=\"167\" srcset=\"https:\/\/immortella.eu\/wp-content\/uploads\/2018\/05\/Grazia-Awards-Winner.png 312w, https:\/\/immortella.eu\/wp-content\/uploads\/2018\/05\/Grazia-Awards-Winner-300x300.png 300w, https:\/\/immortella.eu\/wp-content\/uploads\/2018\/05\/Grazia-Awards-Winner-150x150.png 150w, https:\/\/immortella.eu\/wp-content\/uploads\/2018\/05\/Grazia-Awards-Winner-100x100.png 100w\" sizes=\"(max-width: 167px) 100vw, 167px\" \/><\/p>\n<p>&nbsp;<\/p>\n<p><span style=\"font-weight: 400;\">Bronze Tan Oil ist ein trockenes \u00d6l, das den Prozess der Br\u00e4unung w\u00e4hrend des Sonnenbadens beschleunigt. Es pflegt und sch\u00fctzt die Haut vor Austrocknung und zieht schnell ein. Es hinterl\u00e4sst eine gen\u00e4hrte, geschmeidige und gl\u00e4nzende Haut.<\/span><\/p>\n<p><span style=\"font-weight: 400;\">Das wertvolle Karottenmazerat und Walnussschalen in Oliven\u00f6l sind eine bew\u00e4hrte Kombination f\u00fcr eine beschleunigte Br\u00e4unung.<\/span> <span style=\"font-weight: 400;\">Der Karottenextrakt beschleunigt die Melaninsynthese und sorgt f\u00fcr eine gleichm\u00e4\u00dfige Hautfarbe. Das pflegende Haselnuss\u00f6l tr\u00e4gt zur Hautpflege bei und liefert das Vitamin E.<\/span><\/p>\n<p><span style=\"font-weight: 400;\">Geeignet f\u00fcr Hauttypen, die gut die Sonne vertragen.\u00a0<\/span><\/p>\n<p><span style=\"font-weight: 400;\">Bronze Tan Oil enth\u00e4lt keine UV-Filter und sch\u00fctzt nicht vor Sonnenstrahlen.<\/span><\/p>\n<p>&nbsp;<\/p>\n<p><b>Hauptinhaltsstoffe:<\/b><\/p>\n<p><span style=\"font-weight: 400;\">Karottenextrakt &#8211; extrem reich an Beta-Carotin, stimuliert die Melaninsynthese.<\/span><\/p>\n<p><span style=\"font-weight: 400;\">Das Karottenmazerat und Walnussschalen in Oliven\u00f6l &#8211; eine bew\u00e4hrte Kombination, um einen bronzenen Teint zu erzielen.<\/span><\/p>\n<p><span style=\"font-weight: 400;\">Haselnuss\u00f6l &#8211; schnell einziehendes \u00d6l reich an Vitamin E.<\/span><\/p>\n<p>&nbsp;<\/p>\n<p><b>Anwendung:<\/b><\/p>\n<p><span style=\"font-weight: 400;\">Vor oder w\u00e4hrend der Sonnenaussetzung auf die Haut auftragen. Vor dem Auftragen des Bronze Tan Oils empfiehlt es sich, ein Sonnenschutzmittel aufzutragen.<\/span><\/p>\n<p>&nbsp;<\/p>\n<p><b>Produkttyp:<\/b><\/p>\n<p><span style=\"font-weight: 400;\">Das Produkt wird in einer Glasverpackung mit Pumpe zur pr\u00e4zisen Dosierung geliefert. Der Verschlussmechanismus der Kappe sch\u00fctzt vor Versch\u00fctten.\u00a0<\/span><\/p>\n<p><span style=\"font-weight: 400;\">\u00a0<\/span><\/p>\n<p><b>Inhalt (INCI):<\/b><\/p>\n<p><span style=\"font-weight: 400;\">Corylus Avellana Seed Oil, Prunus Armeniaca Kernel Oil*, Juglans Regia Shell Extract, Simmondsia Chinensis Seed Oil*, Coco-Caprylate, Daucus Carota Sativa Root Extract, Olea Europaea Fruit Oil*, Rosmarinus Officinalis Leaf Extract, Cananga Odorata Flower Oil, Helianthus Annuus Seed Oil, Farnesol, Geraniol, Benzyl Salicylate, Benzyl Benzoate, Linalool<\/span><span style=\"font-weight: 400;\"><br \/>\n<\/span><span style=\"font-weight: 400;\">*Zertifizierte organische Inhaltsstoffe<\/span><\/p>\n","protected":false},"excerpt":{"rendered":"<p>&nbsp;<\/p>\n<p><span style=\"font-weight: 400;\">Bronze Tan Oil, 100 ml.<\/span><\/p>\n<p><span style=\"font-weight: 400;\">Reich an Beta-Carotinen und Vitamin E.<\/span><\/p>\n<p><span style=\"font-weight: 400;\">Beschleunigt die Br\u00e4unung w\u00e4hren des Sonnenbadens. Ohne UV-Filter.<\/span><\/p>\n","protected":false},"featured_media":24343,"comment_status":"open","ping_status":"closed","template":"","meta":[],"product_cat":[118,953],"product_tag":[],"acf":[],"_links":{"self":[{"href":"https:\/\/immortella.eu\/de\/wp-json\/wp\/v2\/product\/11777"}],"collection":[{"href":"https:\/\/immortella.eu\/de\/wp-json\/wp\/v2\/product"}],"about":[{"href":"https:\/\/immortella.eu\/de\/wp-json\/wp\/v2\/types\/product"}],"replies":[{"embeddable":true,"href":"https:\/\/immortella.eu\/de\/wp-json\/wp\/v2\/comments?post=11777"}],"wp:featuredmedia":[{"embeddable":true,"href":"https:\/\/immortella.eu\/de\/wp-json\/wp\/v2\/media\/24343"}],"wp:attachment":[{"href":"https:\/\/immortella.eu\/de\/wp-json\/wp\/v2\/media?parent=11777"}],"wp:term":[{"taxonomy":"product_cat","embeddable":true,"href":"https:\/\/immortella.eu\/de\/wp-json\/wp\/v2\/product_cat?post=11777"},{"taxonomy":"product_tag","embeddable":true,"href":"https:\/\/immortella.eu\/de\/wp-json\/wp\/v2\/product_tag?post=11777"}],"curies":[{"name":"wp","href":"https:\/\/api.w.org\/{rel}","templated":true}]}}