{"id":11790,"date":"2020-10-09T15:38:33","date_gmt":"2020-10-09T13:38:33","guid":{"rendered":"https:\/\/immortella.eu\/p\/hagebuttenol-fur-das-gesicht\/"},"modified":"2025-11-17T11:37:55","modified_gmt":"2025-11-17T10:37:55","slug":"hagebuttenol-fur-das-gesicht","status":"publish","type":"product","link":"https:\/\/immortella.eu\/de\/p\/hagebuttenol-fur-das-gesicht\/","title":{"rendered":"Wildrosen\u00f6l | Organisches"},"content":{"rendered":"<p><span style=\"font-weight: 400;\">Luxuri\u00f6ses, nicht komedogenes \u00d6l, das f\u00fcr seine regenerierenden Eigenschaften bekannt ist. Es behandelt effektiv verschiedene Erkrankungen aller Hauttypen und hat eine starke Anti-Aging-Wirkung. F\u00f6rdert die Zellerneuerung und Kollagenbildung. Es ist reich an Beta-Carotin, Antioxidantien, Vitaminen und essentiellen Fetts\u00e4uren (Omega 3 und 6).<\/span><\/p>\n<p><span style=\"font-weight: 400;\">Das Wildrosenfrucht\u00f6l hilft bei der Minderung von Falten, Narben, feinen Linien, Dehnungsstreifen, Hyperpigmentierung und Altersflecken. Zieht schnell ein, verstopft nicht die Poren und sorgt f\u00fcr strahlende Haut.<\/span><\/p>\n<p><span style=\"font-weight: 400;\">Es hilft bei entz\u00fcndlichen Hauterkrankungen wie Akne, Dermatitis, Ekzemen, Seborrhoe, atopische Dermatitis, Psoriasis und bei der Heilung der Haut, die Verbrennungen erlitten hat.\u00a0<\/span><\/p>\n<p>&nbsp;<\/p>\n<p><b>Warum sollten Sie es ausprobieren:<\/b><\/p>\n<ul>\n<li style=\"font-weight: 400;\" aria-level=\"1\"><span style=\"font-weight: 400;\">Es hellt den Teint auf und versch\u00f6nert ihn.<\/span><\/li>\n<li style=\"font-weight: 400;\" aria-level=\"1\"><span style=\"font-weight: 400;\">Es regt die Regeneration der Hautzellen an.\u00a0<\/span><\/li>\n<li style=\"font-weight: 400;\" aria-level=\"1\"><span style=\"font-weight: 400;\">Wirkt auf die Zeichen der Hautalterung.\u00a0<\/span><\/li>\n<li style=\"font-weight: 400;\" aria-level=\"1\"><span style=\"font-weight: 400;\">Hellt auf und beugt Pigmentver\u00e4nderungen vor.<\/span><\/li>\n<li style=\"font-weight: 400;\" aria-level=\"1\"><span style=\"font-weight: 400;\">Mindert Narben, Dehnungsstreifen, Falten und deine Linien.<\/span><\/li>\n<li style=\"font-weight: 400;\" aria-level=\"1\"><span style=\"font-weight: 400;\">Regt die Kollagenbildung an.<\/span><\/li>\n<li style=\"font-weight: 400;\" aria-level=\"1\"><span style=\"font-weight: 400;\">Verstopft nicht die Poren und zieht schnell ein.<\/span><\/li>\n<\/ul>\n<p>&nbsp;<\/p>\n<p><b>Anwendung:<\/b><\/p>\n<p><span style=\"font-weight: 400;\">Ein paar Tropfen sanft auf die gereinigte Haut einmassieren. Alleine oder zusammen mit der Lieblingscreme oder als letzten Schritt in der Pflegeroutine anwenden.\u00a0<\/span><\/p>\n<p>&nbsp;<\/p>\n<p><b>Produkttyp:<\/b><\/p>\n<p><span style=\"font-weight: 400;\">Das Produkt besteht aus einer 20-ml-Glasflasche mit einem Pipetten-Applikator zur pr\u00e4zisen Anwendung.<\/span><\/p>\n<p>&nbsp;<\/p>\n<p><b>Inhalt (INCI):<\/b><\/p>\n<p><span style=\"font-weight: 400;\">100 % <em>rosa mosqueta, <\/em>organisches und kalt gepresstes \u00d6l aus Samen der Wildrosenfrucht*<\/span><\/p>\n<p><span style=\"font-weight: 400;\">*zertifizierte organische Inhaltsstoffe<\/span><\/p>\n","protected":false},"excerpt":{"rendered":"<p><span style=\"font-weight: 400;\">Organisches Wildrosen\u00f6l, 20 ml.<\/span><\/p>\n<p><span style=\"font-weight: 400;\">F\u00f6rdert die Hautregeneration, hellt die Haut auf und gleich den Teint aus.<\/span><\/p>\n<p><span style=\"font-weight: 400;\">Wirkt gegen die Zeichen der Hautalterung. Nicht komedogen.<\/span><\/p>\n<p><span style=\"font-weight: 400;\">100 % organisch und kalt gepresst.<\/span><\/p>\n","protected":false},"featured_media":23191,"comment_status":"open","ping_status":"closed","template":"","meta":[],"product_cat":[1242,118,121,370,371,373,120],"product_tag":[],"acf":[],"_links":{"self":[{"href":"https:\/\/immortella.eu\/de\/wp-json\/wp\/v2\/product\/11790"}],"collection":[{"href":"https:\/\/immortella.eu\/de\/wp-json\/wp\/v2\/product"}],"about":[{"href":"https:\/\/immortella.eu\/de\/wp-json\/wp\/v2\/types\/product"}],"replies":[{"embeddable":true,"href":"https:\/\/immortella.eu\/de\/wp-json\/wp\/v2\/comments?post=11790"}],"wp:featuredmedia":[{"embeddable":true,"href":"https:\/\/immortella.eu\/de\/wp-json\/wp\/v2\/media\/23191"}],"wp:attachment":[{"href":"https:\/\/immortella.eu\/de\/wp-json\/wp\/v2\/media?parent=11790"}],"wp:term":[{"taxonomy":"product_cat","embeddable":true,"href":"https:\/\/immortella.eu\/de\/wp-json\/wp\/v2\/product_cat?post=11790"},{"taxonomy":"product_tag","embeddable":true,"href":"https:\/\/immortella.eu\/de\/wp-json\/wp\/v2\/product_tag?post=11790"}],"curies":[{"name":"wp","href":"https:\/\/api.w.org\/{rel}","templated":true}]}}