{"id":11798,"date":"2020-10-09T15:34:19","date_gmt":"2020-10-09T13:34:19","guid":{"rendered":"https:\/\/immortella.eu\/p\/biljno-ulje-badema-prunus-amygdalus-dulcis-oil-100-ml\/"},"modified":"2025-11-17T11:39:06","modified_gmt":"2025-11-17T10:39:06","slug":"mandeloel-fuer-die-haut","status":"publish","type":"product","link":"https:\/\/immortella.eu\/de\/p\/mandeloel-fuer-die-haut\/","title":{"rendered":"Mandel\u00f6l f\u00fcr die Haut"},"content":{"rendered":"<p>Das vielseitige Mandel\u00f6l ist ein Synonym f\u00fcr Gesichts- und K\u00f6rperpflege. Es eignet sich zum Abschminken, ist f\u00fcr trockene und empfindliche Haut, zu Irritationen und Juckreiz neigende Haut sowie f\u00fcr die Haut in der Schwangerschaft und f\u00fcr Kinderhaut geeignet. Mandel\u00f6l wird in der Aromatherapie h\u00e4ufig als Tr\u00e4gerstoff f\u00fcr \u00e4therische \u00d6le verwendet. Es zieht schnell ein und ist eines der beliebtesten Massage\u00f6le. Das Mandel\u00f6l ist reich an Omega-3- und Omega-6-Fetts\u00e4uren sowie an den Vitaminen A, B1, B2, B6 und E.<\/p>\n<p>&nbsp;<\/p>\n<p><strong>Vorteile:<\/strong><\/p>\n<p>-sanftes \u00d6l, geeignet f\u00fcr empfindliche Haut<\/p>\n<p>-ein schnell einziehendes \u00d6l, das die Haut mit Feuchtigkeit versorgt und n\u00e4hrt<\/p>\n<p><strong>\u00a0<\/strong><\/p>\n<p><strong>Verpackung:<\/strong><\/p>\n<p>Das Produkt wird in einer 100 ml Kunststoffflasche (HDPE) geliefert.<\/p>\n<p>&nbsp;<\/p>\n<p><b>Inhalt (INCI):<\/b><\/p>\n<p>100% <i>prunus amygdalus dulcis <\/i><span style=\"font-weight: 400;\">kalt gepresstes \u00d6l.<\/span><\/p>\n","protected":false},"excerpt":{"rendered":"<p>&nbsp;<\/p>\n<p><strong>-kaltgepresstes, unraffiniertes \u00d6l<\/strong><\/p>\n<p><strong>-beruhigt und sch\u00fctzt die Haut<\/strong><\/p>\n<p><strong>-geeignet f\u00fcr die Pflege der Babyhaut<\/strong><\/p>\n<p><strong>-100 ml<\/strong><\/p>\n<p>&nbsp;<\/p>\n","protected":false},"featured_media":21489,"comment_status":"open","ping_status":"closed","template":"","meta":[],"product_cat":[118,121,953,120],"product_tag":[],"acf":[],"_links":{"self":[{"href":"https:\/\/immortella.eu\/de\/wp-json\/wp\/v2\/product\/11798"}],"collection":[{"href":"https:\/\/immortella.eu\/de\/wp-json\/wp\/v2\/product"}],"about":[{"href":"https:\/\/immortella.eu\/de\/wp-json\/wp\/v2\/types\/product"}],"replies":[{"embeddable":true,"href":"https:\/\/immortella.eu\/de\/wp-json\/wp\/v2\/comments?post=11798"}],"wp:featuredmedia":[{"embeddable":true,"href":"https:\/\/immortella.eu\/de\/wp-json\/wp\/v2\/media\/21489"}],"wp:attachment":[{"href":"https:\/\/immortella.eu\/de\/wp-json\/wp\/v2\/media?parent=11798"}],"wp:term":[{"taxonomy":"product_cat","embeddable":true,"href":"https:\/\/immortella.eu\/de\/wp-json\/wp\/v2\/product_cat?post=11798"},{"taxonomy":"product_tag","embeddable":true,"href":"https:\/\/immortella.eu\/de\/wp-json\/wp\/v2\/product_tag?post=11798"}],"curies":[{"name":"wp","href":"https:\/\/api.w.org\/{rel}","templated":true}]}}