{"id":12308,"date":"2020-10-09T11:37:13","date_gmt":"2020-10-09T09:37:13","guid":{"rendered":"https:\/\/immortella.eu\/p\/etericno-ulje-cajevac-melaleuca-alternifolia\/"},"modified":"2026-04-14T11:05:25","modified_gmt":"2026-04-14T09:05:25","slug":"aetherisches-oel-teebaum-melaleuca-alternifolia-10-ml","status":"publish","type":"product","link":"https:\/\/immortella.eu\/de\/p\/aetherisches-oel-teebaum-melaleuca-alternifolia-10-ml\/","title":{"rendered":"\u00c4therisches Teebaum\u00f6l (Melaleuca alternifolia), 10 ml"},"content":{"rendered":"<p>Teebaum\u00f6l ist ein 100 % reines und nat\u00fcrliches \u00d6l, das durch Destillation der Bl\u00e4tter des Teebaums (Melaleuca alternifolia) gewonnen wird. Es findet Verwendung in zahlreichen Kosmetikprodukten und ist besonders f\u00fcr seine Anwendung bei Akne und unreiner Haut bekannt. Es lindert die Symptome von Erk\u00e4ltungen und verschiedenen Infektionen.<\/p>\n<p>&nbsp;<\/p>\n<p><strong>Wirkung:<\/strong><\/p>\n<p>-immunstimulierend<br \/>\n-Vorbeugung von Infektionen, Entz\u00fcndungen<br \/>\n-schmerzlindernd<br \/>\n-Neurotonic (hilft bei der Vorbeugung von Symptomen von Depressionen, PMS und Angstzust\u00e4nden)<\/p>\n<p>&nbsp;<\/p>\n<p><strong>Vermischt sich gut mitvermischt sich gut mit:<\/strong><\/p>\n<p>Lavendel, Zitrone, Eukalyptus, Rosmarin, Rosenholz, Geranie, Zitronenmelisse.<\/p>\n<p>&nbsp;<\/p>\n<p><strong>Botanischer name:<\/strong><\/p>\n<p>Melaleuca alternifolia<\/p>\n<p>&nbsp;<\/p>\n<p><strong>Anbau: <\/strong><\/p>\n<p>konventionell<\/p>\n<p>&nbsp;<\/p>\n<p><strong>Erhaltungsweise:<\/strong><\/p>\n<p>Wasserdampfdestillation von Bl\u00e4ttern<\/p>\n<p>&nbsp;<\/p>\n<p><strong>Ursprungslandursprungsland:<\/strong><\/p>\n<p>Australien<\/p>\n<p>&nbsp;<\/p>\n<p><strong>Vorsichtsmassnahmen: \u00a0<\/strong><\/p>\n<p>Verd\u00fcnnen Sie das \u00e4therische \u00d6l vor dem Gebrauch in Pflanzen\u00f6l. Au\u00dferhalb der Reichweite von Kindern aufbewahren. Schwangere, stillende M\u00fctter und Menschen mit gesundheitlichen Problemen sollten vor der Anwendung einen Arzt konsultieren.<\/p>\n","protected":false},"excerpt":{"rendered":"<p>&nbsp;<\/p>\n<p><strong>Reinigendes und anregendes nat\u00fcrliches \u00e4therisches \u00d6l.<\/strong><\/p>\n<p>-Verwendung in Diffusoren zur Luftreinigung und -erfrischung<\/p>\n<p>-geeignet f\u00fcr zu Akne neigende Haut<\/p>\n<p>-hilft bei der St\u00e4rkung des Immunsystems<\/p>\n<p>&nbsp;<\/p>\n","protected":false},"featured_media":12203,"comment_status":"open","ping_status":"closed","template":"","meta":[],"product_cat":[121],"product_tag":[],"acf":[],"_links":{"self":[{"href":"https:\/\/immortella.eu\/de\/wp-json\/wp\/v2\/product\/12308"}],"collection":[{"href":"https:\/\/immortella.eu\/de\/wp-json\/wp\/v2\/product"}],"about":[{"href":"https:\/\/immortella.eu\/de\/wp-json\/wp\/v2\/types\/product"}],"replies":[{"embeddable":true,"href":"https:\/\/immortella.eu\/de\/wp-json\/wp\/v2\/comments?post=12308"}],"wp:featuredmedia":[{"embeddable":true,"href":"https:\/\/immortella.eu\/de\/wp-json\/wp\/v2\/media\/12203"}],"wp:attachment":[{"href":"https:\/\/immortella.eu\/de\/wp-json\/wp\/v2\/media?parent=12308"}],"wp:term":[{"taxonomy":"product_cat","embeddable":true,"href":"https:\/\/immortella.eu\/de\/wp-json\/wp\/v2\/product_cat?post=12308"},{"taxonomy":"product_tag","embeddable":true,"href":"https:\/\/immortella.eu\/de\/wp-json\/wp\/v2\/product_tag?post=12308"}],"curies":[{"name":"wp","href":"https:\/\/api.w.org\/{rel}","templated":true}]}}