{"id":12314,"date":"2020-05-12T13:33:44","date_gmt":"2020-05-12T11:33:44","guid":{"rendered":"https:\/\/immortella.eu\/p\/etericno-ulje-eukaliptus-eucalyptus-radiata-10-ml\/"},"modified":"2026-04-14T10:45:41","modified_gmt":"2026-04-14T08:45:41","slug":"aetherisches-oel-eukalyptus-eucalyptus-radiata-10-ml","status":"publish","type":"product","link":"https:\/\/immortella.eu\/de\/p\/aetherisches-oel-eukalyptus-eucalyptus-radiata-10-ml\/","title":{"rendered":"\u00c4therisches \u00d6l Eukalyptus (Eucalyptus radiata), 10 ml"},"content":{"rendered":"<p>Ein kraftvolles \u00e4therisches \u00d6l, geeignet zur Vorbeugung von Grippe und verschiedenen Infektionen. Es wird h\u00e4ufig in Inhalatoren, Mundsp\u00fclungen, als Repellent, in Reinigungsmitteln und in der Aromatherapie verwendet (wirkt auf die Atemwege, das Immunsystem, das Nervensystem usw.).<\/p>\n<p>&nbsp;<\/p>\n<p><strong>Wirkungen:<\/strong><\/p>\n<p>-Immunstimulierend<br \/>\n-Anti-Katarrhalisch, schleiml\u00f6send<\/p>\n<p>&nbsp;<\/p>\n<p><strong>Vermischt sich gut mitvermischt sich gut mit:<\/strong><\/p>\n<p>Lavendel, Zitrone, Teebaum, Rosmarin, Zitronengras, Zedernholz, Pfefferminz.<\/p>\n<p>&nbsp;<\/p>\n<p><strong>Botanicher name<\/strong>:<\/p>\n<p>Eucalyptus radiata Oil<\/p>\n<p>&nbsp;<\/p>\n<p><strong>Anbau:<\/strong><\/p>\n<p>Konventionell<\/p>\n<p>&nbsp;<\/p>\n<p><strong>Erhaltungsweise:<\/strong><\/p>\n<p>Wasserdampfdestillation von Bl\u00e4ttern<\/p>\n<p>&nbsp;<\/p>\n<p><strong>Ursprungslandursprungsland:<\/strong><\/p>\n<p>S\u00fcdafrika<\/p>\n","protected":false},"excerpt":{"rendered":"<p>&nbsp;<\/p>\n<p><strong>Nat\u00fcrliches \u00e4therisches \u00d6l mit einem frischen, angenehmen Duft.<\/strong><\/p>\n<p>-mildes \u00d6l mit wohltuender Wirkung auf die Atemwege<\/p>\n<p>-wird in Lufterfrischer-Diffusoren verwendet<\/p>\n<p>&nbsp;<\/p>\n","protected":false},"featured_media":12098,"comment_status":"open","ping_status":"closed","template":"","meta":[],"product_cat":[123,121],"product_tag":[],"acf":[],"_links":{"self":[{"href":"https:\/\/immortella.eu\/de\/wp-json\/wp\/v2\/product\/12314"}],"collection":[{"href":"https:\/\/immortella.eu\/de\/wp-json\/wp\/v2\/product"}],"about":[{"href":"https:\/\/immortella.eu\/de\/wp-json\/wp\/v2\/types\/product"}],"replies":[{"embeddable":true,"href":"https:\/\/immortella.eu\/de\/wp-json\/wp\/v2\/comments?post=12314"}],"wp:featuredmedia":[{"embeddable":true,"href":"https:\/\/immortella.eu\/de\/wp-json\/wp\/v2\/media\/12098"}],"wp:attachment":[{"href":"https:\/\/immortella.eu\/de\/wp-json\/wp\/v2\/media?parent=12314"}],"wp:term":[{"taxonomy":"product_cat","embeddable":true,"href":"https:\/\/immortella.eu\/de\/wp-json\/wp\/v2\/product_cat?post=12314"},{"taxonomy":"product_tag","embeddable":true,"href":"https:\/\/immortella.eu\/de\/wp-json\/wp\/v2\/product_tag?post=12314"}],"curies":[{"name":"wp","href":"https:\/\/api.w.org\/{rel}","templated":true}]}}