{"id":12317,"date":"2020-05-12T12:13:08","date_gmt":"2020-05-12T10:13:08","guid":{"rendered":"https:\/\/immortella.eu\/p\/etericno-ulje-limun-citrus-limon-10-ml\/"},"modified":"2026-04-14T11:25:38","modified_gmt":"2026-04-14T09:25:38","slug":"aetherisches-oel-zitrone-citrus-limon-10-ml","status":"publish","type":"product","link":"https:\/\/immortella.eu\/de\/p\/aetherisches-oel-zitrone-citrus-limon-10-ml\/","title":{"rendered":"\u00c4therisches Zitronen\u00f6l (Citrus Limon), 10 ml"},"content":{"rendered":"<p>Ein angenehm riechendes \u00e4therisches \u00d6l, das vielseitig verwendet werden kann. Neben therapeutischen Zwecken wird dieses \u00d6l gerne und oft in Kosmetika, Parf\u00fcms, Lufterfrischern, Reinigungsmitteln und in der Lebensmittelproduktion abgewendet.<\/p>\n<p>&nbsp;<\/p>\n<p><strong>Vermischt sich gut mitvermischt sich gut mit:<\/strong><\/p>\n<p>Lavendel, Teebaum, Eukalyptus, Geranie, Salbei, Minze, Ylang Ylang, Sandelholz.<\/p>\n<p>&nbsp;<\/p>\n<p><strong>Botanitscher name<\/strong>:<\/p>\n<p>Citrus limon oil<\/p>\n<p>&nbsp;<\/p>\n<p><strong>Anbau<\/strong>:<\/p>\n<p>Konventionell<\/p>\n<p>&nbsp;<\/p>\n<p><strong>Erhaltungsweise:<\/strong><\/p>\n<p>Kaltpressung von Fruchtrinde<\/p>\n<p>&nbsp;<\/p>\n<p><strong>Ursprungslandursprungsland:<\/strong><\/p>\n<p>Italien<\/p>\n","protected":false},"excerpt":{"rendered":"<p>&nbsp;<\/p>\n<p><strong>Erfrischendes und reinigendes \u00e4therisches \u00d6l mit angenehmem Zitrusduft.<\/strong><\/p>\n<p>&#8211; wirkt entspannend, beruhigend und stimmungsaufhellend<\/p>\n<p>&#8211; wird in Lufterfrischer-Diffusoren verwendet<\/p>\n<p>&nbsp;<\/p>\n","protected":false},"featured_media":12095,"comment_status":"open","ping_status":"closed","template":"","meta":[],"product_cat":[121],"product_tag":[],"acf":[],"_links":{"self":[{"href":"https:\/\/immortella.eu\/de\/wp-json\/wp\/v2\/product\/12317"}],"collection":[{"href":"https:\/\/immortella.eu\/de\/wp-json\/wp\/v2\/product"}],"about":[{"href":"https:\/\/immortella.eu\/de\/wp-json\/wp\/v2\/types\/product"}],"replies":[{"embeddable":true,"href":"https:\/\/immortella.eu\/de\/wp-json\/wp\/v2\/comments?post=12317"}],"wp:featuredmedia":[{"embeddable":true,"href":"https:\/\/immortella.eu\/de\/wp-json\/wp\/v2\/media\/12095"}],"wp:attachment":[{"href":"https:\/\/immortella.eu\/de\/wp-json\/wp\/v2\/media?parent=12317"}],"wp:term":[{"taxonomy":"product_cat","embeddable":true,"href":"https:\/\/immortella.eu\/de\/wp-json\/wp\/v2\/product_cat?post=12317"},{"taxonomy":"product_tag","embeddable":true,"href":"https:\/\/immortella.eu\/de\/wp-json\/wp\/v2\/product_tag?post=12317"}],"curies":[{"name":"wp","href":"https:\/\/api.w.org\/{rel}","templated":true}]}}