{"id":12322,"date":"2020-05-12T11:08:25","date_gmt":"2020-05-12T09:08:25","guid":{"rendered":"https:\/\/immortella.eu\/p\/etericno-ulje-ravintsara-cinnamomum-camphora-ct-cineol-10-ml\/"},"modified":"2026-04-14T10:40:08","modified_gmt":"2026-04-14T08:40:08","slug":"aetherisches-oel-ravintsara-cinnamomum-camphora-ct-cineol-10-ml","status":"publish","type":"product","link":"https:\/\/immortella.eu\/de\/p\/aetherisches-oel-ravintsara-cinnamomum-camphora-ct-cineol-10-ml\/","title":{"rendered":"\u00c4therisches \u00d6l von Ravintsara (Cinnamomum camphora ct. Cineol), 10 ml"},"content":{"rendered":"<p>Ravensara ist ein sehr mildes und sicheres Mehrzweck\u00f6l und eines der wirksamsten \u00e4therischen \u00d6le. Es wird zur Vorbeugung w\u00e4hrend der Grippesaison, in der Aromatherapie und zur Raumbeduftung eingesetzt.<\/p>\n<p>&nbsp;<\/p>\n<p><strong>Wirkungen:<\/strong><\/p>\n<p>&#8211; immunstimulierend<br \/>\n&#8211; antikataral, schleiml\u00f6send<br \/>\n&#8211; neurotonisch<\/p>\n<p>&nbsp;<\/p>\n<p><strong>Vermischt sich gut mitvermischt sich gut mit:<\/strong><\/p>\n<p>Lavendel, Rose, r\u00f6mische Kamille, Pfefferminz.<\/p>\n<p>&nbsp;<\/p>\n<p><strong>Botanischer name<\/strong>:<\/p>\n<p>Cinnamomum camphora oil<\/p>\n<p>&nbsp;<\/p>\n<p><strong>Anbau:<\/strong><\/p>\n<p>Konventionell<\/p>\n<p>&nbsp;<\/p>\n<p><strong>Erhaltungsweise:<\/strong><\/p>\n<p>Wasserdampfdestillation von Bl\u00e4ttern<\/p>\n<p>&nbsp;<\/p>\n<p><strong>Ursprungslandursprungsland:<\/strong><\/p>\n<p>Madagaskar<\/p>\n<p>&nbsp;<\/p>\n<p><strong>Vorsichtsmassnahmen: \u00a0<\/strong><\/p>\n<p>Die Verwendung von \u00d6l wird f\u00fcr schwangere und stillende Frauen sowie f\u00fcr Kinder unter 3 Monaten nicht empfohlen. Aufgrund des hohen Gehalts an 1,8 Cineol sollten Asthmatiker bei der Anwendung vorsichtig sein.<\/p>\n","protected":false},"excerpt":{"rendered":"<p>&nbsp;<\/p>\n<p><strong>Nat\u00fcrliches \u00e4therisches \u00d6l mit frischem, eukalyptus\u00e4hnlichem Duft.<\/strong><\/p>\n<p>&#8211; st\u00e4rkt das Immunsystem<\/p>\n<p>&#8211; hilft bei der Behandlung von Grippe und viralen Infektionen<\/p>\n<p>&#8211; ideal zum Auffrischen der Luft in den R\u00e4umen<\/p>\n<p>&nbsp;<\/p>\n","protected":false},"featured_media":12094,"comment_status":"open","ping_status":"closed","template":"","meta":[],"product_cat":[121],"product_tag":[],"acf":[],"_links":{"self":[{"href":"https:\/\/immortella.eu\/de\/wp-json\/wp\/v2\/product\/12322"}],"collection":[{"href":"https:\/\/immortella.eu\/de\/wp-json\/wp\/v2\/product"}],"about":[{"href":"https:\/\/immortella.eu\/de\/wp-json\/wp\/v2\/types\/product"}],"replies":[{"embeddable":true,"href":"https:\/\/immortella.eu\/de\/wp-json\/wp\/v2\/comments?post=12322"}],"wp:featuredmedia":[{"embeddable":true,"href":"https:\/\/immortella.eu\/de\/wp-json\/wp\/v2\/media\/12094"}],"wp:attachment":[{"href":"https:\/\/immortella.eu\/de\/wp-json\/wp\/v2\/media?parent=12322"}],"wp:term":[{"taxonomy":"product_cat","embeddable":true,"href":"https:\/\/immortella.eu\/de\/wp-json\/wp\/v2\/product_cat?post=12322"},{"taxonomy":"product_tag","embeddable":true,"href":"https:\/\/immortella.eu\/de\/wp-json\/wp\/v2\/product_tag?post=12322"}],"curies":[{"name":"wp","href":"https:\/\/api.w.org\/{rel}","templated":true}]}}