{"id":12335,"date":"2020-04-08T15:53:25","date_gmt":"2020-04-08T13:53:25","guid":{"rendered":"https:\/\/immortella.eu\/p\/summer-body\/"},"modified":"2025-07-28T19:11:33","modified_gmt":"2025-07-28T17:11:33","slug":"sommerkoerper","status":"publish","type":"product","link":"https:\/\/immortella.eu\/de\/p\/sommerkoerper\/","title":{"rendered":"SOMMERK\u00d6RPER SET"},"content":{"rendered":"<p>Testen Sie unsere bew\u00e4hrte Bronze-Teint-Behandlung. Das <strong>Summer Body Set<\/strong> besteht aus zwei Produkten: Bronze Br\u00e4unungs\u00f6l und Tan Prolonger \u2013 After Sun Lotion.<\/p>\n<p>&nbsp;<\/p>\n<p><strong>Bronze-Br\u00e4unungs\u00f6l<\/strong><\/p>\n<p>Bronze Tan Oil ist ein trockenes \u00d6l, das den Prozess der Br\u00e4unung w\u00e4hrend des Sonnenbadens beschleunigt. Es pflegt und sch\u00fctzt die Haut vor Austrocknung und zieht schnell ein. Es hinterl\u00e4sst eine gen\u00e4hrte, geschmeidige und gl\u00e4nzende Haut.<\/p>\n<p>Das wertvolle Karottenmazerat und Walnussschalen in Oliven\u00f6l sind eine bew\u00e4hrte Kombination f\u00fcr eine beschleunigte Br\u00e4unung.\u00a0Der Karottenextrakt beschleunigt die Melaninsynthese und sorgt f\u00fcr eine gleichm\u00e4\u00dfige Hautfarbe. Das pflegende Haselnuss\u00f6l tr\u00e4gt zur Hautpflege bei und liefert das Vitamin E.<\/p>\n<p>Geeignet f\u00fcr Hauttypen, die gut die Sonne vertragen.<\/p>\n<p>Bronze Tan Oil enth\u00e4lt keine UV-Filter und sch\u00fctzt nicht vor Sonnenstrahlen.<\/p>\n<p>&nbsp;<\/p>\n<p><strong>Anwendung:<\/strong><\/p>\n<p>Vor oder w\u00e4hrend der Sonnenaussetzung auf die Haut auftragen. Vor dem Auftragen des Bronze Tan Oils empfiehlt es sich, ein Sonnenschutzmittel aufzutragen.<\/p>\n<p>&nbsp;<\/p>\n<p><strong>Tan Prolonger \u2013 After Sun Lotion<\/strong><\/p>\n<p>Eine schnell einziehende Lotion, die sofortige Linderung, intensive Feuchtigkeit, ein beruhigendes Gef\u00fchl sowie angenehme Frische nach dem Sonnenbaden spendet. Sie hinterl\u00e4sst kein schweres Hautgef\u00fchl und ist daher die ideale K\u00f6rperlotion f\u00fcr den Sommer. Die Lotion verl\u00e4ngert die Br\u00e4une und sorgt f\u00fcr ein langanhaltendes Gef\u00fchl von Wohlbefinden.<\/p>\n<p>Angereichert mit pflegenden Inhaltsstoffen und Antioxidantien beruhigt die After Sun Lotion gereizte Haut, unterst\u00fctzt die Regeneration der gesch\u00e4digten Hautbarriere und verl\u00e4ngert sichtbar die Haltbarkeit der Br\u00e4une. Die Haut bleibt geschmeidig, gepflegt und strahlend \u2013 bereit f\u00fcr jeden neuen Sonnentag.<\/p>\n<p>Mit kraftvollen nat\u00fcrlichen Inhaltsstoffen wie Aloe Vera, Lavendel und Hagebutten\u00f6l beruhigt diese Lotion R\u00f6tungen, f\u00f6rdert die Zellerneuerung und stellt die nat\u00fcrliche Geschmeidigkeit, Elastizit\u00e4t und Frische der Haut wieder her. Dank der enthaltenen Antioxidantien hilft sie, die durch die Sonne beeintr\u00e4chtigte Hautbarriere zu regenerieren \u2013 f\u00fcr eine sichtbar gen\u00e4hrte, gesunde Haut.<\/p>\n<p>Die After Sun Lotion ist f\u00fcr alle Hauttypen geeignet \u2013 sowohl direkt nach dem Sonnenbad als auch langfristig zur Pflege und zum Erhalt der Br\u00e4une.<\/p>\n<p>Dermatologisch getestet. Vegane Formel mit nat\u00fcrlichen Inhaltsstoffen. F\u00fcr alle Hauttypen geeignet.<\/p>\n<p>&nbsp;<\/p>\n<p><strong>Anwendung:<\/strong><br \/>\nNach dem Sonnenbad auf die gereinigte Haut auftragen und sanft einmassieren. Bei Bedarf wiederholen.<\/p>\n<p>&nbsp;<\/p>\n<p><strong>Inhaltsstoffe Bronze Tan Oil:<\/strong><\/p>\n<p>Corylus Avellana Seed Oil, Prunus Armeniaca Kernel Oil*, Juglans Regia Shell Extract, Simmondsia Chinensis Seed Oil*, Coco-Caprylate, Daucus Carota Sativa Root Extract, Olea Europaea Fruit Oil*, Rosmarinus Officinalis Leaf Extract, Cananga Odorata Flower Oil, Helianthus Annuus Seed Oil, Farnesol, Geraniol, Benzyl Salicylate, Benzyl Benzoate, Linalool<\/p>\n<p>*Zertifizierte organische Inhaltsstoffe<\/p>\n<p><strong>Inhaltsstoffe Tan Prolonger &#8211; After Sun Lotion:<\/strong><\/p>\n<p>Aqua, Helichrysum Italicum Flower Water, Olea Europaea Fruit Oil*, Aloe Barbadensis Leaf Juice, Glycerin, Sorbitan Olivate, Cetearyl Olivate, Coco-Caprylate, Rosa Canina Fruit Oil*, Butyrospermum Parkii Butter, Lavandula Angustifolia Oil, Benzyl Alcohol, Xanthan Gum, Tocopherol, Sodium Phytate, Helianthus Annuus Seed Oil, Rosmarinus Officinalis Leaf Extract, Dehydroacetic Acid, Citric Acid, Potassium Sorbate, Sodium Benzoate, Limonene, Linalool<br \/>\n*Zertifizierte organische Inhaltsstoffe<\/p>\n","protected":false},"excerpt":{"rendered":"<p>&nbsp;<\/p>\n<p>Das Sommer-K\u00f6rper-Set enth\u00e4lt:<\/p>\n<p>Bronze Tan Oil, 100 ml<\/p>\n<p>Tan Prolonger &#8211; After Sun Lotion, 150 ml<\/p>\n<p>&nbsp;<\/p>\n","protected":false},"featured_media":25193,"comment_status":"open","ping_status":"closed","template":"","meta":[],"product_cat":[951,1160,123,953],"product_tag":[],"acf":[],"_links":{"self":[{"href":"https:\/\/immortella.eu\/de\/wp-json\/wp\/v2\/product\/12335"}],"collection":[{"href":"https:\/\/immortella.eu\/de\/wp-json\/wp\/v2\/product"}],"about":[{"href":"https:\/\/immortella.eu\/de\/wp-json\/wp\/v2\/types\/product"}],"replies":[{"embeddable":true,"href":"https:\/\/immortella.eu\/de\/wp-json\/wp\/v2\/comments?post=12335"}],"wp:featuredmedia":[{"embeddable":true,"href":"https:\/\/immortella.eu\/de\/wp-json\/wp\/v2\/media\/25193"}],"wp:attachment":[{"href":"https:\/\/immortella.eu\/de\/wp-json\/wp\/v2\/media?parent=12335"}],"wp:term":[{"taxonomy":"product_cat","embeddable":true,"href":"https:\/\/immortella.eu\/de\/wp-json\/wp\/v2\/product_cat?post=12335"},{"taxonomy":"product_tag","embeddable":true,"href":"https:\/\/immortella.eu\/de\/wp-json\/wp\/v2\/product_tag?post=12335"}],"curies":[{"name":"wp","href":"https:\/\/api.w.org\/{rel}","templated":true}]}}