{"id":12339,"date":"2020-11-20T11:33:24","date_gmt":"2020-11-20T10:33:24","guid":{"rendered":"https:\/\/immortella.eu\/p\/perfect-duo-christmas-set-2020\/"},"modified":"2025-12-04T15:22:23","modified_gmt":"2025-12-04T14:22:23","slug":"perfektes-duo","status":"publish","type":"product","link":"https:\/\/immortella.eu\/de\/p\/perfektes-duo\/","title":{"rendered":"PERFECT DUO"},"content":{"rendered":"<p>Das <strong>PERFECT DUO<\/strong> Set f\u00fcr zauberhaft sch\u00f6ne und gepflegte Haut besteht aus wertvollen nat\u00fcrlichen Inhaltsstoffen, die Sie in der perfekten Kombination aus Gesichtscreme und Peeling und Gesichtsmasken 2 in 1 finden.<\/p>\n<p>Wird in einer Luxusverpackung verkauft und ist ein ideales Geschenk f\u00fcr Sie und Ihre Liebsten.<\/p>\n<p>&nbsp;<\/p>\n<p><strong>Feuchtigkeitsspendende Anti-Falten-Creme zur Stimulierung der Kollagensynthese<\/strong><\/p>\n<p>Eine regenerierende Creme mit leichter Textur und nat\u00fcrlichen Inhaltsstoffen, die gegen sichtbare Zeichen der Hautalterung wirkt. Rotalgen und Immortelle unterst\u00fctzen die Hautregeneration und Elastizit\u00e4t der Haut, indem sie die Kollagensynthese stimulieren, w\u00e4hrend Argan, Jojoba und Nachtkerze die Haut tiefgehend n\u00e4hren und pflegen. Die Die Haut wird gefestigt, revitalisiert und strahlt. F\u00fcr normale bis trockene Haut.<\/p>\n<p><strong>Anwendung:<\/strong><\/p>\n<p>Sanft auf die gereinigte Gesichts- und Halshaut einmassieren. F\u00fcr bessere Ergebnisse empfehlen wir, vorher ein Gesichtswasser zu benutzen.<\/p>\n<p><strong>Inhaltsstoffe:<\/strong><\/p>\n<p>Aqua, Argania Spinosa Kernel Oil*, Simmondsia Chinensis Seed Oil*, Prunus Armeniaca Kernel Oil*, Cetearyl Olivate, Sorbitan Olivate, Oenothera Biennis Oil, Coco-Caprylate, Tocopherol, Ahnfeltiopsis Concinna Extract, Helianthus Annuus Seed Oil, Citric Acid, Helichrysum Italicum Flower Oil*, Cinnamomum Camphora Linalooliferum Wood Oil, Rosmarinus Officinalis Leaf Extract, Sodium Phytate, Dehydroacetic Acid, Phenoxyethanol,<br \/>\nPropylene Glycol, Chlorphenesin, Sodium Dehydroacetate, Linalool, Benzyl Alcohol, Limonene, Geraniol<br \/>\n<b><\/b>*Zertifizierte organische Inhaltsstoffe<\/p>\n<p>&nbsp;<\/p>\n<p><strong>Gesichts-Ton-Peeling &amp; Maske<\/strong><\/p>\n<p>Eine nat\u00fcrliche 2-in-1-Behandlung, die die Haut gr\u00fcndlich reinigt, erneuert und sie gl\u00e4nzend und weich macht. Durch sanftes Massieren des Gesichts entfernen Aprikosenpartikel abgestorbene Zellen von der Hautoberfl\u00e4che, wei\u00dfe Tonerde regeneriert und beruhigt die Haut und gr\u00fcne Tonerde entfernt Giftstoffe und Unreinheiten. Jojoba- und Aprikosen\u00f6l pflegen und Immortelle wirkt auf die Zeichen der Hautalterung. Reguliert die Talgsekretion und mattiert die Haut. Das Produkt ist f\u00fcr alle Hauttypen bestimmt, au\u00dfer f\u00fcr zu Akne neigende Haut.<\/p>\n<p><strong>Anwendung:<\/strong><\/p>\n<p>Tragen Sie das Gesichtspeeling und die Maske aus Tonerde zweimal pro Woche auf die gereinigte und getrocknete Haut auf. 1 Minute einmassieren und 10 bis 20 Minuten auf der Haut einwirken lassen. Sp\u00fclen Sie die Maske ab und tragen Sie Ihr Lieblingsserum oder Ihre Lieblingscreme auf.<\/p>\n<p><strong>Inhaltsstoffe:<\/strong><\/p>\n<p>Aqua, Prunus Armeniaca, Kernel Oil*, Cetearyl Olivate, Sorbitan Olivate, Simmondsia Chinesis Seed Oil*, Montmorillonite, Illite, Kaolin, Prunus Armeniaca Seed Powder, Glycerin, Helichrysum Italicum Flower Oil*, Cinnamomum Champhora Linalooliferum Wood Oil, Rosmarinus Officinalis Leaf Extract, Helianthus Annuus Seed Oil, Xanthan Gum, Benzyl Alcohol, Sodium Phytate, Citric Acid, Dehydroacetic Acid, Linalool, Limonene<br \/>\n*Zertifizierte organische Inhaltsstoffe<\/p>\n<p>&nbsp;<\/p>\n","protected":false},"excerpt":{"rendered":"<p>&nbsp;<\/p>\n<p><strong>F\u00fcr g\u00f6ttlich sch\u00f6ne und gepflegte Haut:<\/strong><\/p>\n<p>-Feuchtigkeitsspendende Anti-Falten-Creme zur Stimulierung der Kollagensynthese, 50 ml<\/p>\n<p>-Gesichts-Ton-Peeling &amp; Maske, 50 ml<\/p>\n<p>&nbsp;<\/p>\n","protected":false},"featured_media":21344,"comment_status":"open","ping_status":"closed","template":"","meta":[],"product_cat":[1160,118],"product_tag":[],"acf":[],"_links":{"self":[{"href":"https:\/\/immortella.eu\/de\/wp-json\/wp\/v2\/product\/12339"}],"collection":[{"href":"https:\/\/immortella.eu\/de\/wp-json\/wp\/v2\/product"}],"about":[{"href":"https:\/\/immortella.eu\/de\/wp-json\/wp\/v2\/types\/product"}],"replies":[{"embeddable":true,"href":"https:\/\/immortella.eu\/de\/wp-json\/wp\/v2\/comments?post=12339"}],"wp:featuredmedia":[{"embeddable":true,"href":"https:\/\/immortella.eu\/de\/wp-json\/wp\/v2\/media\/21344"}],"wp:attachment":[{"href":"https:\/\/immortella.eu\/de\/wp-json\/wp\/v2\/media?parent=12339"}],"wp:term":[{"taxonomy":"product_cat","embeddable":true,"href":"https:\/\/immortella.eu\/de\/wp-json\/wp\/v2\/product_cat?post=12339"},{"taxonomy":"product_tag","embeddable":true,"href":"https:\/\/immortella.eu\/de\/wp-json\/wp\/v2\/product_tag?post=12339"}],"curies":[{"name":"wp","href":"https:\/\/api.w.org\/{rel}","templated":true}]}}