{"id":12351,"date":"2020-11-04T10:56:35","date_gmt":"2020-11-04T09:56:35","guid":{"rendered":"https:\/\/immortella.eu\/p\/respiratory-set\/"},"modified":"2026-04-14T11:19:56","modified_gmt":"2026-04-14T09:19:56","slug":"beatmungsset","status":"publish","type":"product","link":"https:\/\/immortella.eu\/de\/p\/beatmungsset\/","title":{"rendered":"BEATMUNGSSET"},"content":{"rendered":"<p>\u00c4therische \u00d6le eignen sich hervorragend zur Linderung von Atemwegsinfektionen. Ihre starke Wirkung hilft bei der Bek\u00e4mpfung von Grippe und Erk\u00e4ltungen. Wir empfehlen die Inhalation und die Anwendung in Diffusoren.<\/p>\n<p>&nbsp;<\/p>\n<p><b>\u00c4therisches \u00d6l Ravintsara (Cinnamomum camphora ct. Cineol), 10 ml<\/b><\/p>\n<p>Ravensara ist ein sehr mildes und sicheres Mehrzweck\u00f6l und eines der wirksamsten \u00e4therischen \u00d6le. Es wird zur Vorbeugung w\u00e4hrend der Grippesaison, in der Aromatherapie und zur Raumbeduftung eingesetzt.<\/p>\n<p><strong>Benefits<\/strong>:<\/p>\n<p>&#8211; Immunstimulierend<br \/>\n&#8211; Anti katarrhalisch<br \/>\n&#8211; Neurotonisch<\/p>\n<p><strong>Passt gut zu:<\/strong><\/p>\n<p>Lavendel, Rose, r\u00f6mische Kamille, Pfefferminz.<\/p>\n<p>&nbsp;<\/p>\n<p><b>\u00c4therisches \u00d6l Eukalyptus (Eucalyptus radiata), 10 ml<\/b><\/p>\n<p>Ein kraftvolles \u00e4therisches \u00d6l, geeignet zur Vorbeugung von Grippe und verschiedenen Infektionen. Es wird h\u00e4ufig in Inhalatoren, Mundsp\u00fclungen, als Repellent, in Reinigungsmitteln und in der Aromatherapie verwendet (wirkt auf die Atemwege, das Immunsystem, das Nervensystem usw.).<\/p>\n<p><strong>Benefits<\/strong>:<\/p>\n<p>&#8211; Immunstimulierend<br \/>\n&#8211; Anti-Katarrhalisch, schleiml\u00f6send<\/p>\n<p><strong>Passt gut zu:<\/strong><\/p>\n<p>Lavendel, Zitrone, Teebaum, Rosmarin, Zitronengras, Zedernholz, Pfefferminz.<\/p>\n<p>&nbsp;<\/p>\n<p><b>\u00c4therisches \u00d6l Teebaum (Melaleuca alternifolia), 10 ml<\/b><\/p>\n<p>Teebaum\u00f6l ist ein 100 % reines und nat\u00fcrliches \u00d6l, das durch Destillation der Bl\u00e4tter des Teebaums (Melaleuca alternifolia) gewonnen wird. Es findet Verwendung in zahlreichen Kosmetikprodukten und ist besonders f\u00fcr seine Anwendung bei Akne und unreiner Haut bekannt. Es lindert die Symptome von Erk\u00e4ltungen und verschiedenen Infektionen.<\/p>\n<p><strong>Benefits<\/strong>:<\/p>\n<p>-Immunstimulierend<br \/>\n-Vorbeugung von Infektionen, Entz\u00fcndungen<br \/>\n-Schmerzlinderer<br \/>\n-Neurotonisch (hilft bei der Vorbeugung von Symptomen von Depressionen, PMS und Angstzust\u00e4nden)<\/p>\n<p><strong>Passt gut zu:<\/strong><\/p>\n<p>Lavendel, Zitrone, Eukalyptus, Rosmarin, Zitronengras, Rosenholz, Geranie, Zitronenmelisse.<\/p>\n","protected":false},"excerpt":{"rendered":"<p>&nbsp;<\/p>\n<p><strong>Das Set enth\u00e4lt \u00e4therische \u00d6le:<\/strong><\/p>\n<p>-\u00c4therisches \u00d6l von Ravintsara (Cinnamomum camphora ct. Cineol), 10 ml<\/p>\n<p>-\u00c4therisches \u00d6l Eukalyptus (Eucalyptus radiata), 10 ml<\/p>\n<p>-\u00c4therisches Teebaum\u00f6l (Melaleuca alternifolia), 10 ml<\/p>\n<p>&nbsp;<\/p>\n","protected":false},"featured_media":26133,"comment_status":"open","ping_status":"closed","template":"","meta":[],"product_cat":[1160,121],"product_tag":[],"acf":[],"_links":{"self":[{"href":"https:\/\/immortella.eu\/de\/wp-json\/wp\/v2\/product\/12351"}],"collection":[{"href":"https:\/\/immortella.eu\/de\/wp-json\/wp\/v2\/product"}],"about":[{"href":"https:\/\/immortella.eu\/de\/wp-json\/wp\/v2\/types\/product"}],"replies":[{"embeddable":true,"href":"https:\/\/immortella.eu\/de\/wp-json\/wp\/v2\/comments?post=12351"}],"wp:featuredmedia":[{"embeddable":true,"href":"https:\/\/immortella.eu\/de\/wp-json\/wp\/v2\/media\/26133"}],"wp:attachment":[{"href":"https:\/\/immortella.eu\/de\/wp-json\/wp\/v2\/media?parent=12351"}],"wp:term":[{"taxonomy":"product_cat","embeddable":true,"href":"https:\/\/immortella.eu\/de\/wp-json\/wp\/v2\/product_cat?post=12351"},{"taxonomy":"product_tag","embeddable":true,"href":"https:\/\/immortella.eu\/de\/wp-json\/wp\/v2\/product_tag?post=12351"}],"curies":[{"name":"wp","href":"https:\/\/api.w.org\/{rel}","templated":true}]}}