{"id":12353,"date":"2020-11-04T10:55:50","date_gmt":"2020-11-04T09:55:50","guid":{"rendered":"https:\/\/immortella.eu\/p\/relax-set\/"},"modified":"2026-04-14T11:27:28","modified_gmt":"2026-04-14T09:27:28","slug":"entspannungsset","status":"publish","type":"product","link":"https:\/\/immortella.eu\/de\/p\/entspannungsset\/","title":{"rendered":"ENTSPANNUNGSSET"},"content":{"rendered":"<p>Eine Reihe von \u00e4therischen \u00d6len zur Entspannung und Beruhigung von K\u00f6rper und Geist. Verwenden Sie sie in einem Diffusor, um zu entspannen und die Luft zu erfrischen oder in Pflanzen\u00f6l aufgel\u00f6st f\u00fcr die Massage.<\/p>\n<p>&nbsp;<\/p>\n<p><b>\u00c4therisches \u00d6l Zitrone (Citrus Limon), 10 ml<\/b><\/p>\n<p>\u00c4therisches \u00d6l mit angenehmem Duft, das auf verschiedene Weise verwendet werden kann. Au\u00dfer f\u00fcr therapeutische Zwecke wird es oft in der Kosmetik, Parf\u00fcmerie, Lufterfrischer, Reinigungsmittel, Lebensmittelproduktion verwendet.<\/p>\n<p><strong>Passt gut zu:<\/strong><\/p>\n<p>Lavendel, Teebaum, Eukalyptus, Geranie, Salbei, Minze, Ylang Ylang, Sandelholz.<\/p>\n<p>&nbsp;<\/p>\n<p><strong>\u00c4therisches S\u00fc\u00dforangen\u00f6l (Citrus aurantium dulcis \/ Citrus sinensis), 10 ml<\/strong><\/p>\n<p>S\u00fc\u00dfes, \u00e4therisches Zitrus\u00f6l, das entspannend und stimmungsaufhellend wirkt. Wegen der revitalisierenden Wirkung auf die Haut und angenehmen Duft ist es oft verwenden din Kosmetika. Es ist auch in Diffusoren f\u00fcr Luft verwendet Erfrischung oder in der Kerzenherstellung, als Parf\u00fcmierungsbestandteil.<\/p>\n<p><strong>Benefits<\/strong>:<\/p>\n<p>&#8211; Sedativum, beruhigend (hilft bei Angstzust\u00e4nden, Nervosit\u00e4t,<br \/>\n&#8211; Karminativ<\/p>\n<p>&#8211; Verdauungsf\u00f6rdernd<br \/>\n&#8211; Hilft bei der Senkung von hohem Blutdruck<\/p>\n<p><strong>Passt gut zu<\/strong>:<\/p>\n<p>Lavendel, Zitrone, Rosenholz, Salbei.<\/p>\n<p>&nbsp;<\/p>\n<p><strong>\u00c4therisches \u00d6l Lavendel (Lavandula angustifolia), 10 ml<\/strong><\/p>\n<p>Es ist eines der bekanntesten \u00e4therischen \u00d6le, mild und harmlos. Universal\u00f6l, das verwendet wird sowohl in der Aromatherapie als auch in der Kosmetik. Ein paar Tropfen Lavendel\u00f6l in Creme oder \u00d6l beruhigen die Haut nach Sonneneinstrahlung. Lavendel\u00f6l ist vor allem f\u00fcr seine beruhigende und entspannende Funktion bekannt.<\/p>\n<p><strong>Benefits<\/strong>:<\/p>\n<p>&#8211; krampfl\u00f6send<br \/>\n&#8211; Heilung und Hautpflege<br \/>\n&#8211; Beruhigend, sedierend, antidepressiv<br \/>\n&#8211; Reduziert Bl\u00e4hungen<br \/>\n&#8211; Insektizid<\/p>\n<p><strong>L\u00e4sst sich gut kombinieren mit:<\/strong><\/p>\n<p>Rosmarin, Geranie, Rose, Orange, Mandarine, Ylang-Ylang, Kamille, Salbei, Lorbeer, Patchouli, Zitrone<\/p>\n","protected":false},"excerpt":{"rendered":"<p>&nbsp;<\/p>\n<p><strong>Das Set enth\u00e4lt \u00e4therische \u00d6le:<\/strong><\/p>\n<p>-\u00c4therisches Zitronen\u00f6l (Citrus Limon), 10 ml<\/p>\n<p>-\u00c4therisches S\u00fc\u00dforangen\u00f6l (Citrus aurantium dulcis \/ Citrus sinensis), 10 ml<\/p>\n<p>-\u00c4therisches Lavendel\u00f6l (Lavandula angustifolia), 10 ml<\/p>\n<p>&nbsp;<\/p>\n","protected":false},"featured_media":26136,"comment_status":"open","ping_status":"closed","template":"","meta":[],"product_cat":[1160,121],"product_tag":[],"acf":[],"_links":{"self":[{"href":"https:\/\/immortella.eu\/de\/wp-json\/wp\/v2\/product\/12353"}],"collection":[{"href":"https:\/\/immortella.eu\/de\/wp-json\/wp\/v2\/product"}],"about":[{"href":"https:\/\/immortella.eu\/de\/wp-json\/wp\/v2\/types\/product"}],"replies":[{"embeddable":true,"href":"https:\/\/immortella.eu\/de\/wp-json\/wp\/v2\/comments?post=12353"}],"wp:featuredmedia":[{"embeddable":true,"href":"https:\/\/immortella.eu\/de\/wp-json\/wp\/v2\/media\/26136"}],"wp:attachment":[{"href":"https:\/\/immortella.eu\/de\/wp-json\/wp\/v2\/media?parent=12353"}],"wp:term":[{"taxonomy":"product_cat","embeddable":true,"href":"https:\/\/immortella.eu\/de\/wp-json\/wp\/v2\/product_cat?post=12353"},{"taxonomy":"product_tag","embeddable":true,"href":"https:\/\/immortella.eu\/de\/wp-json\/wp\/v2\/product_tag?post=12353"}],"curies":[{"name":"wp","href":"https:\/\/api.w.org\/{rel}","templated":true}]}}