{"id":12356,"date":"2020-11-04T10:56:14","date_gmt":"2020-11-04T09:56:14","guid":{"rendered":"https:\/\/immortella.eu\/p\/baby-set\/"},"modified":"2026-04-14T10:56:08","modified_gmt":"2026-04-14T08:56:08","slug":"baby-set","status":"publish","type":"product","link":"https:\/\/immortella.eu\/de\/p\/baby-set\/","title":{"rendered":"BABY SET"},"content":{"rendered":"<p><strong>BABY SET<\/strong> Enth\u00e4lt \u00e4therische \u00d6le, die f\u00fcr die Anwendung bei Kleinkindern (ab drei Monaten) geeignet sind. \u00c4therische \u00d6le aus Ravintsara und Eukalyptus unterst\u00fctzen die Vorbeugung von Erk\u00e4ltungen und Grippe, Lavendel wirkt beruhigend und entspannend. Wir empfehlen die Anwendung im Diffusor und zur \u00e4u\u00dferlichen Anwendung (verd\u00fcnnt in Pflanzen\u00f6l).<\/p>\n<p>&nbsp;<\/p>\n<p><b>\u00c4therisches \u00d6l Ravintsara (Cinnamomum camphora ct. Cineol), 10 ml<\/b><\/p>\n<p>Ravensara ist ein sehr mildes und sicheres Mehrzweck\u00f6l und eines der wirksamsten \u00e4therischen \u00d6le. Es wird zur Vorbeugung w\u00e4hrend der Grippesaison, in der Aromatherapie und zur Raumbeduftung eingesetzt.<\/p>\n<p><strong>Benefits<\/strong>:<\/p>\n<p>&#8211; Anti katarrhalisch<br \/>\n&#8211; Neurotonisch<\/p>\n<p><strong>Passt gut zu:<\/strong><\/p>\n<p>Lavendel, Rose, r\u00f6mische Kamille, Pfefferminz.<\/p>\n<p>&nbsp;<\/p>\n<p><b>\u00c4therisches \u00d6l Eukalyptus (Eucalyptus radiata), 10 ml<\/b><\/p>\n<p>Ein kraftvolles \u00e4therisches \u00d6l, geeignet zur Vorbeugung von Grippe und verschiedenen Infektionen. Es wird h\u00e4ufig in Inhalatoren, Mundsp\u00fclungen, als Repellent, in Reinigungsmitteln und in der Aromatherapie verwendet (wirkt auf die Atemwege, das Immunsystem, das Nervensystem usw.).<\/p>\n<p><strong>Benefits<\/strong>:<\/p>\n<p>&#8211; Immunstimulierend<br \/>\n&#8211; Anti-Katarrhalisch, schleiml\u00f6send<\/p>\n<p><strong>Passt gut zu:<\/strong><\/p>\n<p>Lavendel, Zitrone, Teebaum, Rosmarin, Zitronengras, Zedernholz, Pfefferminz.<\/p>\n<p>&nbsp;<\/p>\n<p><strong>\u00c4therisches \u00d6l Lavendel (Lavandula angustifolia), 10 ml<\/strong><\/p>\n<p>Es ist eines der bekanntesten \u00e4therischen \u00d6le, mild und harmlos. Universal\u00f6l, das verwendet wird sowohl in der Aromatherapie als auch in der Kosmetik. Ein paar Tropfen Lavendel\u00f6l in Creme oder \u00d6l beruhigen die Haut nach Sonneneinstrahlung. Lavendel\u00f6l ist vor allem f\u00fcr seine beruhigende und entspannende Funktion bekannt.<\/p>\n<p><strong>Benefits<\/strong>:<\/p>\n<p>&#8211; krampfl\u00f6send<br \/>\n&#8211; Heilung und Hautpflege<br \/>\n&#8211; Beruhigend, sedierend, antidepressiv<br \/>\n&#8211; Reduziert Bl\u00e4hungen<br \/>\n&#8211; Insektizid<\/p>\n<p><strong>L\u00e4sst sich gut kombinieren mit:<\/strong><\/p>\n<p>Rosmarin, Geranie, Rose, Orange, Mandarine, Ylang-Ylang, Kamille, Salbei, Lorbeer, Patchouli, Zitrone.<\/p>\n","protected":false},"excerpt":{"rendered":"<p>&nbsp;<\/p>\n<p><strong>Das Set enth\u00e4lt \u00e4therische \u00d6le:<\/strong><\/p>\n<p>-\u00c4therisches \u00d6l von Ravintsara (Cinnamomum camphora ct. Cineol), 10 ml<\/p>\n<p>-\u00c4therisches \u00d6l Eukalyptus (Eucalyptus radiata), 10 ml<\/p>\n<p>-\u00c4therisches Lavendel\u00f6l (Lavandula angustifolia), 10 ml<\/p>\n<p>&nbsp;<\/p>\n","protected":false},"featured_media":26139,"comment_status":"open","ping_status":"closed","template":"","meta":[],"product_cat":[1160,121],"product_tag":[],"acf":[],"_links":{"self":[{"href":"https:\/\/immortella.eu\/de\/wp-json\/wp\/v2\/product\/12356"}],"collection":[{"href":"https:\/\/immortella.eu\/de\/wp-json\/wp\/v2\/product"}],"about":[{"href":"https:\/\/immortella.eu\/de\/wp-json\/wp\/v2\/types\/product"}],"replies":[{"embeddable":true,"href":"https:\/\/immortella.eu\/de\/wp-json\/wp\/v2\/comments?post=12356"}],"wp:featuredmedia":[{"embeddable":true,"href":"https:\/\/immortella.eu\/de\/wp-json\/wp\/v2\/media\/26139"}],"wp:attachment":[{"href":"https:\/\/immortella.eu\/de\/wp-json\/wp\/v2\/media?parent=12356"}],"wp:term":[{"taxonomy":"product_cat","embeddable":true,"href":"https:\/\/immortella.eu\/de\/wp-json\/wp\/v2\/product_cat?post=12356"},{"taxonomy":"product_tag","embeddable":true,"href":"https:\/\/immortella.eu\/de\/wp-json\/wp\/v2\/product_tag?post=12356"}],"curies":[{"name":"wp","href":"https:\/\/api.w.org\/{rel}","templated":true}]}}