{"id":12649,"date":"2021-07-11T08:36:58","date_gmt":"2021-07-13T12:48:59","guid":{"rendered":"https:\/\/immortella.eu\/?post_type=product&#038;p=12649"},"modified":"2024-12-18T00:01:30","modified_gmt":"2024-12-17T23:01:30","slug":"behandlung-ueber-nacht","status":"publish","type":"product","link":"https:\/\/immortella.eu\/de\/p\/behandlung-ueber-nacht\/","title":{"rendered":"\u00dcbernacht-Behandlung"},"content":{"rendered":"<p>Wachen Sie mit fester, strahlender und glatter Haut auf dank unserer reichhaltigen Nachtbehandlung mit regenerierenden Extrakten, die \u00fcber Nacht wirken. Das Produkt erneuert und gl\u00e4ttet die Haut und hilft gleichzeitig, das Auftreten von feinen Linien und F\u00e4ltchen zu reduzieren. F\u00fcr normale bis trockene Haut.<\/p>\n<p>&nbsp;<\/p>\n<p><strong>Vorteile:<\/strong><\/p>\n<p>-die Haut ist nat\u00fcrlich gesund und strahlend<\/p>\n<p>-f\u00fcr einen gleichm\u00e4\u00dfigen Hautton<\/p>\n<p>-die Haut wird glatter und F\u00e4ltchen und Linien sind weniger sichtbar<\/p>\n<p><strong>\u00a0<\/strong><\/p>\n<p><strong>Wichtige Inhaltsstoffe:<\/strong><\/p>\n<p><strong>Niacinamid <\/strong>\u2013 die aktive Form des Vitamins B3 sch\u00fctzt vor \u00e4u\u00dferen Einfl\u00fcssen, gleicht den Teint aus, wirkt entz\u00fcndungshemmend und reduziert das Auftreten von feinen Linien und F\u00e4ltchen<\/p>\n<p><strong>Granatapfelextrakt<\/strong> \u2013 hat bedeutende antioxidative Eigenschaften, stimuliert die Hautregeneration und reduziert Falten<\/p>\n<p><strong>Hyalurons\u00e4ure<\/strong> \u2013 niedermolekular; eine hochaktive Komponente, die in die tieferen Schichten der Haut eindringt. Sorgt f\u00fcr Geschmeidigkeit, erfrischt das Erscheinungsbild der Haut und wirkt faltenreduzierend.<\/p>\n<p><strong>\u00c4therisches Immortelle-\u00d6l<\/strong> \u2013 ein kostbares \u00d6l mit starker regenerativer und entz\u00fcndungshemmender Wirkung<\/p>\n<p><strong>\u00a0<\/strong><\/p>\n<p><strong>Anwendung:<\/strong><\/p>\n<p>Eine dickere Schicht auf die gereinigte Haut von Gesicht und Hals auftragen und \u00fcber Nacht einwirken lassen. Sie k\u00f6nnen das Produkt jede Nacht oder nach Bedarf verwenden.<\/p>\n<p>&nbsp;<\/p>\n<p><strong>Verpackung:<\/strong><\/p>\n<p>Das Produkt wird in einer Airless-Verpackung von 50 ml geliefert, um eine pr\u00e4zisere Anwendung und eine l\u00e4ngere Frische des Produkts zu gew\u00e4hrleisten, ohne die Anwesenheit von Luft und die M\u00f6glichkeit einer Kontamination.<\/p>\n<p><strong>\u00a0<\/strong><\/p>\n<p><strong>\u00a0Inhaltsstoffe:<\/strong><\/p>\n<p>Aqua, Butyrospermum Parkii Butter, Prunus Amygdalus Dulcis Oil, Simmondsia Chinensis Seed Oil*, Cetearyl Alcohol, Pentylene Glycol, Niacinamide, Rosa Canina Fruit Oil*, Candelilla Cera, Glycerin, Cetearyl Glucoside, Lysolecithin, Punica Granatum Seed Extract, Sodium Hyaluronate, Tocopherol, Pelargonium Graveolens Oil, Helichrysum Italicum Flower Oil*, Coco-Caprylate, Xanthan Gum, Sodium Stearoyl Glutamate, Rosmarinus Officinalis Leaf<br \/>\nExtract, Sodium Phytate, Helianthus Annuus Seed Oil, Citric Acid, Glycine Soja Oil, Linalool**, Citral**, Limonene**, Citronellol**, Geraniol**<br \/>\n*Zertifizierte organische Inhaltsstoffe<br \/>\n**aus nat\u00fcrlichen \u00e4therischen \u00d6len<\/p>\n<p>&nbsp;<\/p>\n","protected":false},"excerpt":{"rendered":"<p>&nbsp;<\/p>\n<p><strong>-regenerierende Nachtbehandlung<\/strong><\/p>\n<p><strong>-f\u00fcr eine erneuerte und gegl\u00e4ttete Haut<\/strong><\/p>\n<p><strong>-ohne feine Linien und F\u00e4ltchen<\/strong><\/p>\n<p><strong>-50 ml<\/strong><\/p>\n<p>&nbsp;<\/p>\n","protected":false},"featured_media":12638,"comment_status":"open","ping_status":"closed","template":"","meta":[],"product_cat":[118,370,371,129],"product_tag":[],"acf":[],"_links":{"self":[{"href":"https:\/\/immortella.eu\/de\/wp-json\/wp\/v2\/product\/12649"}],"collection":[{"href":"https:\/\/immortella.eu\/de\/wp-json\/wp\/v2\/product"}],"about":[{"href":"https:\/\/immortella.eu\/de\/wp-json\/wp\/v2\/types\/product"}],"replies":[{"embeddable":true,"href":"https:\/\/immortella.eu\/de\/wp-json\/wp\/v2\/comments?post=12649"}],"wp:featuredmedia":[{"embeddable":true,"href":"https:\/\/immortella.eu\/de\/wp-json\/wp\/v2\/media\/12638"}],"wp:attachment":[{"href":"https:\/\/immortella.eu\/de\/wp-json\/wp\/v2\/media?parent=12649"}],"wp:term":[{"taxonomy":"product_cat","embeddable":true,"href":"https:\/\/immortella.eu\/de\/wp-json\/wp\/v2\/product_cat?post=12649"},{"taxonomy":"product_tag","embeddable":true,"href":"https:\/\/immortella.eu\/de\/wp-json\/wp\/v2\/product_tag?post=12649"}],"curies":[{"name":"wp","href":"https:\/\/api.w.org\/{rel}","templated":true}]}}