{"id":12675,"date":"2021-07-06T11:42:58","date_gmt":"2021-07-13T12:48:35","guid":{"rendered":"https:\/\/immortella.eu\/?post_type=product&#038;p=12675"},"modified":"2024-12-18T00:01:30","modified_gmt":"2024-12-17T23:01:30","slug":"rosa-hafer-maske","status":"publish","type":"product","link":"https:\/\/immortella.eu\/de\/p\/rosa-hafer-maske\/","title":{"rendered":"Gesichtsmaske aus Hafer und rosa Ton"},"content":{"rendered":"<p>Die luxuri\u00f6se Tonerde-Gesichtsmaske mit dem Zusatz von Hafer kombiniert nat\u00fcrliche Inhaltsstoffe, um Hautton und Textur zu verbessern. Haferextrakt, angereichert mit Probiotika, Pr\u00e4biotika und nat\u00fcrlichen Alpha-Hydroxys\u00e4uren, stimuliert die Zellerneuerung und enth\u00fcllt eine strahlende Haut, w\u00e4hrend rosa Tonerde Unreinheiten und Giftstoffe entfernt. Dank Hyalurons\u00e4ure spendet es tiefenwirksam Feuchtigkeit und hinterl\u00e4sst die Haut glatt und strahlend. Das Produkt ist f\u00fcr normale bis trockene Haut bestimmt. Auch f\u00fcr empfindliche Haut geeignet.<\/p>\n<p>&nbsp;<\/p>\n<p><strong>Vorteile:<\/strong><\/p>\n<p>-reinigt die Haut tiefgreifend<\/p>\n<p>-milde Behandlung, geeignet f\u00fcr empfindliche Haut<\/p>\n<p>-stimuliert die Erneuerung des Hautmikrobioms<\/p>\n<p>&nbsp;<\/p>\n<p><strong>Wichtige Inhaltsstoffe:<\/strong><\/p>\n<p><strong>Haferextrakt \u2013 <\/strong>ein nat\u00fcrlicher aktiver fermentierter Wirkstoff, der die Erneuerung des Hautmikrobioms stimuliert und beschleunigt. Verbessert das Erscheinungsbild von gesch\u00e4digter und gereizter Haut und l\u00e4sst sie strahlen. Es enth\u00e4lt Probiotika, Pr\u00e4biotika und AHA-S\u00e4ure, die als Nebenprodukt im Fermentationsprozess entsteht.<\/p>\n<p><strong>Rosa Tonerde \u2013 <\/strong>beseitigt Unreinheiten, reduziert R\u00f6tungen und verleiht den Effekt eines gesunden Glanzes. Sie ist sehr reich an Mineralsalzen und dank dessen wirkt sie adstringierend und porenverengend.<\/p>\n<p><strong>Hyalurons\u00e4ure &#8211; <\/strong>mit niedrigem Molekulargewicht ist eine hochaktive Komponente, die in die tieferen Schichten der Haut eindringt. Sie sorgt f\u00fcr Geschmeidigkeit, erfrischt das Erscheinungsbild der Haut und wirkt faltenreduzierend.<\/p>\n<p><strong>\u00a0<\/strong><\/p>\n<p><strong>Anwendung:<\/strong><\/p>\n<p>Tragen Sie das Produkt 2 bis3 Mal pro Woche auf die gereinigte und getrocknete Haut auf. 15 Minuten einwirken lassen, dann mit warmem Wasser absp\u00fclen oder mit einem feuchten Handtuch abwischen.<\/p>\n<p>&nbsp;<\/p>\n<p><strong>Verpackung:<\/strong><\/p>\n<p>Das Produkt wird in einem 50-ml-Glasgef\u00e4\u00df geliefert.<\/p>\n<p><strong>\u00a0<\/strong><\/p>\n<p><strong>Inhaltsstoffe:<\/strong><\/p>\n<p>Aqua, Clay, Butyrospermum Parkii Butter, Prunus Amygdalus Dulcis Oil, Avena Sativa Kernel Oil, Aloe Barbadensis Leaf Juice, Cetearyl Alcohol, Glycerin, Cetearyl Glucoside, Lactobacillus Ferment, Avena Sativa Kernel Extract, Sodium Hyaluronate, Tocopherol, Sodium Stearoyl Glutamate, Xanthan Gum, Rosmarinus Officinalis Leaf Extract, Citric Acid, Sodium Phytate, Helianthus Annuus Seed Oil, Dehydroacetic Acid, Sodium Benzoate, Potassium Sorbate, Benzyl Alcohol, Glycine Soja Oil<\/p>\n<p>&nbsp;<\/p>\n","protected":false},"excerpt":{"rendered":"<p>&nbsp;<\/p>\n<p><strong>-verbessert die Hauttextur<\/strong><\/p>\n<p><strong>-hydratisiert und beruhigt<\/strong><\/p>\n<p><strong>-bietet ein mildes Peeling<\/strong><\/p>\n<p><strong>-50 ml<\/strong><\/p>\n<p>&nbsp;<\/p>\n","protected":false},"featured_media":12653,"comment_status":"open","ping_status":"closed","template":"","meta":[],"product_cat":[1242,118,370,371,372,128,373],"product_tag":[375,377,379],"acf":[],"_links":{"self":[{"href":"https:\/\/immortella.eu\/de\/wp-json\/wp\/v2\/product\/12675"}],"collection":[{"href":"https:\/\/immortella.eu\/de\/wp-json\/wp\/v2\/product"}],"about":[{"href":"https:\/\/immortella.eu\/de\/wp-json\/wp\/v2\/types\/product"}],"replies":[{"embeddable":true,"href":"https:\/\/immortella.eu\/de\/wp-json\/wp\/v2\/comments?post=12675"}],"wp:featuredmedia":[{"embeddable":true,"href":"https:\/\/immortella.eu\/de\/wp-json\/wp\/v2\/media\/12653"}],"wp:attachment":[{"href":"https:\/\/immortella.eu\/de\/wp-json\/wp\/v2\/media?parent=12675"}],"wp:term":[{"taxonomy":"product_cat","embeddable":true,"href":"https:\/\/immortella.eu\/de\/wp-json\/wp\/v2\/product_cat?post=12675"},{"taxonomy":"product_tag","embeddable":true,"href":"https:\/\/immortella.eu\/de\/wp-json\/wp\/v2\/product_tag?post=12675"}],"curies":[{"name":"wp","href":"https:\/\/api.w.org\/{rel}","templated":true}]}}