{"id":16829,"date":"2022-02-04T08:00:01","date_gmt":"2022-02-04T07:00:13","guid":{"rendered":"https:\/\/immortella.eu\/?post_type=product&#038;p=16829"},"modified":"2026-04-14T12:07:14","modified_gmt":"2026-04-14T10:07:14","slug":"aetherisches-weihrauchoel-boswellia-carterii-5-ml","status":"publish","type":"product","link":"https:\/\/immortella.eu\/de\/p\/aetherisches-weihrauchoel-boswellia-carterii-5-ml\/","title":{"rendered":"\u00c4therisches Weihrauch\u00f6l (Boswellia carterii), 5 ml"},"content":{"rendered":"<p>Die reinigenden Eigenschaften von Weihrauch sind seit der Antike bekannt, weshalb er auch heute noch in Kirchen und Tempeln verwendet wird. \u00c4therisches Weihrauch\u00f6l wirkt beruhigend und wird h\u00e4ufig in der Aromatherapie und zur Meditation eingesetzt. Es eignet sich hervorragend zur Unterst\u00fctzung bei Atemwegsinfektionen.<\/p>\n<p>&nbsp;<\/p>\n<p><strong>Wirkungsweise:<\/strong><\/p>\n<p>&#8211; Beruhigende und immunmodulierende Wirkung<\/p>\n<p>Spendet Feuchtigkeit, strafft und regeneriert reife, trockene und empfindliche Haut<\/p>\n<p>Adstringierende Wirkung<\/p>\n<p>Entz\u00fcndungshemmende Wirkung<\/p>\n<p>&nbsp;<\/p>\n<p><strong>Passt gut zu: <\/strong><\/p>\n<p>Basilikum, Kardamom, Zeder, Zimt, Salbei, Koriander, Geranie, Ingwer, Bergamotte und Kamille<\/p>\n<p>&nbsp;<\/p>\n<p><strong>Botanische Bezeichnung: <\/strong><\/p>\n<p><em>Boswellia carterii<\/em><\/p>\n<p>&nbsp;<\/p>\n<p><strong>Anbau: <\/strong><\/p>\n<p>Konventionell<\/p>\n<p>&nbsp;<\/p>\n<p><strong>Herstellungsverfahren: <\/strong><\/p>\n<p>Wasserdampfdestillation<\/p>\n<p>&nbsp;<\/p>\n<p><strong>Ursprungsland: <\/strong><\/p>\n<p>Somalia<\/p>\n<p>&nbsp;<\/p>\n<p><strong>Vorsichtsma\u00dfnahmen: <\/strong><\/p>\n<p>Zur Anwendung auf der Haut das \u00e4therische \u00d6l mit einem Pflanzen\u00f6l mischen. Die Anwendung im ersten Schwangerschaftsdrittel wird nicht empfohlen. F\u00fcr Kinder unzug\u00e4nglich aufbewahren. Schwangere, stillende M\u00fctter und Menschen mit gesundheitlichen Problemen sollten vor der Anwendung ihren Arzt konsultieren.<\/p>\n","protected":false},"excerpt":{"rendered":"<p><strong>Anregendes und reinigendes \u00e4therisches \u00d6l mit charakteristischem harzig-holzigem Duft<\/strong><\/p>\n<p>\u2013 Es wirkt sehr meditativer und eignet sich zur Raumbefeuchtung im Diffusor.<\/p>\n<p>\u2013 Zur Inhalation oder Anwendung auf der Haut bei Verspannungen und Stress.<\/p>\n<p>\u2013 In der Kosmetik f\u00fcr zu Falten neigende Haut gesch\u00e4tzt, wird es meist in Kombination mit Wildrosen\u00f6l verwendet.<\/p>\n","protected":false},"featured_media":16818,"comment_status":"open","ping_status":"closed","template":"","meta":[],"product_cat":[121],"product_tag":[],"acf":[],"_links":{"self":[{"href":"https:\/\/immortella.eu\/de\/wp-json\/wp\/v2\/product\/16829"}],"collection":[{"href":"https:\/\/immortella.eu\/de\/wp-json\/wp\/v2\/product"}],"about":[{"href":"https:\/\/immortella.eu\/de\/wp-json\/wp\/v2\/types\/product"}],"replies":[{"embeddable":true,"href":"https:\/\/immortella.eu\/de\/wp-json\/wp\/v2\/comments?post=16829"}],"wp:featuredmedia":[{"embeddable":true,"href":"https:\/\/immortella.eu\/de\/wp-json\/wp\/v2\/media\/16818"}],"wp:attachment":[{"href":"https:\/\/immortella.eu\/de\/wp-json\/wp\/v2\/media?parent=16829"}],"wp:term":[{"taxonomy":"product_cat","embeddable":true,"href":"https:\/\/immortella.eu\/de\/wp-json\/wp\/v2\/product_cat?post=16829"},{"taxonomy":"product_tag","embeddable":true,"href":"https:\/\/immortella.eu\/de\/wp-json\/wp\/v2\/product_tag?post=16829"}],"curies":[{"name":"wp","href":"https:\/\/api.w.org\/{rel}","templated":true}]}}