{"id":16840,"date":"2022-02-04T08:00:48","date_gmt":"2022-02-04T07:00:59","guid":{"rendered":"https:\/\/immortella.eu\/?post_type=product&#038;p=16840"},"modified":"2026-04-14T11:49:41","modified_gmt":"2026-04-14T09:49:41","slug":"aetherisches-rosmarinoel-18-cineole-rosmarinus-officinalis-10-ml","status":"publish","type":"product","link":"https:\/\/immortella.eu\/de\/p\/aetherisches-rosmarinoel-18-cineole-rosmarinus-officinalis-10-ml\/","title":{"rendered":"\u00c4therisches Rosmarin\u00f6l 1,8-Cineole (Rosmarinus officinalis), 10 ml"},"content":{"rendered":"<p>Es st\u00e4rkt das Immunsystem und wird zur Vorbeugung von Grippe eingesetzt, meist in Kombination mit Eukalyptus- und Ravintsara\u00f6l. Es regt die Durchblutung an, tr\u00e4gt zur Erhaltung der Haardichte bei und f\u00f6rdert das Haarwachstum. Bei langfristiger Anwendung verleiht es dem Haar ein gesundes Aussehen und Glanz.<\/p>\n<p>&nbsp;<\/p>\n<p><strong>Passt gut zu: <\/strong><\/p>\n<p>Teebaum, Eukalyptus, Ravintsara, Basilikum, Bergamotte, Zeder, Weihrauch, Ingwer, Zitrone, Orange, Pfefferminze<\/p>\n<p>&nbsp;<\/p>\n<p><strong>Botanische Bezeichnung: <\/strong><\/p>\n<p><em>Rosmarinus officinalis<\/em><\/p>\n<p>&nbsp;<\/p>\n<p><strong>Anbau: <\/strong><\/p>\n<p>Konventionell<\/p>\n<p>&nbsp;<\/p>\n<p><strong>Herstellungsverfahren: <\/strong><\/p>\n<p>Wasserdampfdestillation der Zweige und Bl\u00fcten<\/p>\n<p>&nbsp;<\/p>\n<p><strong>Ursprungsland: <\/strong><\/p>\n<p>Tunesien<\/p>\n<p>&nbsp;<\/p>\n<p><strong>Vorsichtsma\u00dfnahmen: <\/strong><\/p>\n<p>Zur Anwendung auf der Haut das \u00e4therische \u00d6l mit einem Pflanzen\u00f6l mischen. Nicht f\u00fcr Personen mit Epilepsie und hohem Blutdruck geeignet. Darf nicht w\u00e4hrend der Schwangerschaft verwendet werden, da es Blutungen verursacht. Kann bei \u00fcberempfindlichen Personen Dermatitis verursachen. F\u00fcr Kinder unzug\u00e4nglich aufbewahren. Schwangere, stillende M\u00fctter und Menschen mit gesundheitlichen Problemen sollten vor der Anwendung ihren Arzt konsultieren.<\/p>\n","protected":false},"excerpt":{"rendered":"<p><strong>Anregendes und reinigendes \u00e4therisches \u00d6l mit einem angenehmen, holzigen und krautigen Duft.<\/strong><\/p>\n<p>&#8211; St\u00e4rkt das Immunsystem<\/p>\n<p>&#8211; F\u00f6rdert die Durchblutung und tr\u00e4gt zur Reduzierung von Cellulite bei<\/p>\n<p>&#8211; Regt das Haarwachstum an und verleiht dem Haar ein gesundes Aussehen und Glanz<\/p>\n<p>&#8211; Reguliert die Talgproduktion und hilft bei Schuppen und seborrhoischer Dermatitis<\/p>\n<p>&#8211; Hervorragend geeignet f\u00fcr die Anwendung im Diffusor<\/p>\n","protected":false},"featured_media":16832,"comment_status":"open","ping_status":"closed","template":"","meta":[],"product_cat":[121],"product_tag":[],"acf":[],"_links":{"self":[{"href":"https:\/\/immortella.eu\/de\/wp-json\/wp\/v2\/product\/16840"}],"collection":[{"href":"https:\/\/immortella.eu\/de\/wp-json\/wp\/v2\/product"}],"about":[{"href":"https:\/\/immortella.eu\/de\/wp-json\/wp\/v2\/types\/product"}],"replies":[{"embeddable":true,"href":"https:\/\/immortella.eu\/de\/wp-json\/wp\/v2\/comments?post=16840"}],"wp:featuredmedia":[{"embeddable":true,"href":"https:\/\/immortella.eu\/de\/wp-json\/wp\/v2\/media\/16832"}],"wp:attachment":[{"href":"https:\/\/immortella.eu\/de\/wp-json\/wp\/v2\/media?parent=16840"}],"wp:term":[{"taxonomy":"product_cat","embeddable":true,"href":"https:\/\/immortella.eu\/de\/wp-json\/wp\/v2\/product_cat?post=16840"},{"taxonomy":"product_tag","embeddable":true,"href":"https:\/\/immortella.eu\/de\/wp-json\/wp\/v2\/product_tag?post=16840"}],"curies":[{"name":"wp","href":"https:\/\/api.w.org\/{rel}","templated":true}]}}