{"id":19087,"date":"2022-12-06T09:22:49","date_gmt":"2022-12-06T08:22:49","guid":{"rendered":"https:\/\/immortella.eu\/?post_type=product&#038;p=19087"},"modified":"2025-12-04T15:23:10","modified_gmt":"2025-12-04T14:23:10","slug":"hydrating-facial-care-set","status":"publish","type":"product","link":"https:\/\/immortella.eu\/de\/p\/hydrating-facial-care-set\/","title":{"rendered":"HYDRATING FACIAL CARE SET"},"content":{"rendered":"<p><strong>HYDRATING FACIAL CARE SET<\/strong> f\u00fcr die feuchtigkeitsspendende Tages- und Nachtpflege<br \/>\nWir empfehlen es zur Pflege normaler bis trockener Haut. F\u00fcr die morgendliche Pflege empfehlen wir das Gesichtswasser und die feuchtigkeitsspendende Anti-Aging-Creme, um die Kollagenbildung anzuregen, und f\u00fcr die abendliche Pflege das Gesichtswasser in Kombination mit dem Overnight Treatment.<br \/>\nDie luxuri\u00f6se Verpackung macht es zum idealen Geschenk f\u00fcr jeden Anlass.<\/p>\n<p>&nbsp;<\/p>\n<p><strong>Feuchtigkeitsspendende Anti-Falten-Creme zur Stimulierung der Kollagensynthese<\/strong><\/p>\n<p>Eine regenerierende Creme mit leichter Textur und nat\u00fcrlichen Inhaltsstoffen, die gegen sichtbare Zeichen der Hautalterung wirkt. Rotalgen und Immortelle unterst\u00fctzen die Hautregeneration und Elastizit\u00e4t der Haut, indem sie die Kollagensynthese stimulieren, w\u00e4hrend Argan, Jojoba und Nachtkerze die Haut tiefgehend n\u00e4hren und pflegen. Die Die Haut wird gefestigt, revitalisiert und strahlt. F\u00fcr normale bis trockene Haut.<\/p>\n<p><strong>Anwendung:<\/strong><\/p>\n<p>Sanft auf die gereinigte Gesichts- und Halshaut einmassieren. F\u00fcr bessere Ergebnisse empfehlen wir, vorher ein Gesichtswasser zu benutzen.<\/p>\n<p><strong>Inhaltsstoffe:<\/strong><\/p>\n<p>Aqua, Argania Spinosa Kernel Oil*, Simmondsia Chinensis Seed Oil*, Prunus Armeniaca Kernel Oil*, Cetearyl Olivate, Sorbitan Olivate, Oenothera Biennis Oil, Coco-Caprylate, Tocopherol, Ahnfeltiopsis Concinna Extract, Helianthus Annuus Seed Oil, Citric Acid, Helichrysum Italicum Flower Oil*, Cinnamomum Camphora Linalooliferum Wood Oil, Rosmarinus Officinalis Leaf Extract, Sodium Phytate, Dehydroacetic Acid, Phenoxyethanol,<br \/>\nPropylene Glycol, Chlorphenesin, Sodium Dehydroacetate, Linalool**, Benzyl Alcohol, Limonene**, Geraniol**<br \/>\n*Zertifizierte organische Inhaltsstoffe<br \/>\n**aus nat\u00fcrlichen \u00e4therischen \u00d6len<\/p>\n<p>&nbsp;<\/p>\n<p><strong>\u00dcbernacht-Behandlung<\/strong><\/p>\n<p>Wachen Sie mit fester, strahlender und glatter Haut auf dank unserer reichhaltigen Nachtbehandlung mit regenerierenden Extrakten, die \u00fcber Nacht wirken. Das Produkt erneuert und gl\u00e4ttet die Haut und hilft gleichzeitig, das Auftreten von feinen Linien und F\u00e4ltchen zu reduzieren. F\u00fcr normale bis trockene Haut.<\/p>\n<p><strong>Anwendung:<\/strong><\/p>\n<p>Eine dickere Schicht auf die gereinigte Haut von Gesicht und Hals auftragen und \u00fcber Nacht einwirken lassen. Sie k\u00f6nnen das Produkt jede Nacht oder nach Bedarf verwenden.<\/p>\n<p><strong>Inhaltsstoffe:<\/strong><\/p>\n<p>Aqua, Butyrospermum Parkii Butter, Prunus Amygdalus Dulcis Oil, Simmondsia Chinensis Seed Oil*, Cetearyl Alcohol, Pentylene Glycol, Niacinamide, Rosa Canina Fruit Oil*, Candelilla Cera, Glycerin, Cetearyl Glucoside, Lysolecithin, Punica Granatum Seed Extract, Sodium Hyaluronate, Tocopherol, Pelargonium Graveolens Oil, Helichrysum Italicum Flower Oil*, Coco-Caprylate, Xanthan Gum, Sodium Stearoyl Glutamate, Rosmarinus Officinalis Leaf<br \/>\nExtract, Sodium Phytate, Helianthus Annuus Seed Oil, Citric Acid, Glycine Soja Oil, Linalool**, Citral**, Limonene**, Citronellol**, Geraniol**<br \/>\n*Zertifizierte organische Inhaltsstoffe<br \/>\n**aus nat\u00fcrlichen \u00e4therischen \u00d6len<\/p>\n<p>&nbsp;<\/p>\n<p><strong>Alkoholfreies Gesichtswasser<\/strong><\/p>\n<p>Erfrischendes Gesichtswasser ohne Alkohol auf Basis von Immortellenwasser, angereichert mit Aloe Vera, NaPCA, nat\u00fcrlichem Feuchtigkeitsspender und Hyalurons\u00e4ure. Dieses feuchtigkeitsspendende Gesichtswasser versorgt die Haut mit Feuchtigkeit, erfrischt und verj\u00fcngt sie. F\u00fcr alle Hauttypen.<\/p>\n<p><strong>Anwendung:<\/strong><\/p>\n<p>Auf die gereinigte Haut aufspr\u00fchen. Das Gesichtswasser wird als erster Schritt der Hautpflege nach der Reinigung des Gesichts angewendet. Es kann auch tags\u00fcber \u00fcber dem Make-up aufgetragen werden, um die Haut zu erfrischen.<\/p>\n<p><strong>Inhaltsstoffe:<br \/>\n<\/strong><\/p>\n<p>Aqua, Helichrysum Italicum Flower Water, Aloe Barbadensis Leaf Juice, Pentylene Glycol, Glycerin, Sodium Pca, Sodium Hyaluronate, Citric Acid, Sodium Phytate, Potassium Sorbate, Sodium Benzoate<\/p>\n<p>&nbsp;<\/p>\n","protected":false},"excerpt":{"rendered":"<p>&nbsp;<\/p>\n<p><strong>Pflegeset f\u00fcr t\u00e4glich erneuerte und gepflegte Haut:<\/strong><\/p>\n<p>-Feuchtigkeitsspendende Anti-Falten-Creme zur Stimulierung der Kollagensynthese, 50 ml<\/p>\n<p>-\u00dcbernacht-Behandlung, 50 ml<\/p>\n<p>-Alkoholfreies Gesichtswasser, 100 ml<\/p>\n<p>&nbsp;<\/p>\n","protected":false},"featured_media":19275,"comment_status":"open","ping_status":"closed","template":"","meta":[],"product_cat":[1160,123,118],"product_tag":[],"acf":[],"_links":{"self":[{"href":"https:\/\/immortella.eu\/de\/wp-json\/wp\/v2\/product\/19087"}],"collection":[{"href":"https:\/\/immortella.eu\/de\/wp-json\/wp\/v2\/product"}],"about":[{"href":"https:\/\/immortella.eu\/de\/wp-json\/wp\/v2\/types\/product"}],"replies":[{"embeddable":true,"href":"https:\/\/immortella.eu\/de\/wp-json\/wp\/v2\/comments?post=19087"}],"wp:featuredmedia":[{"embeddable":true,"href":"https:\/\/immortella.eu\/de\/wp-json\/wp\/v2\/media\/19275"}],"wp:attachment":[{"href":"https:\/\/immortella.eu\/de\/wp-json\/wp\/v2\/media?parent=19087"}],"wp:term":[{"taxonomy":"product_cat","embeddable":true,"href":"https:\/\/immortella.eu\/de\/wp-json\/wp\/v2\/product_cat?post=19087"},{"taxonomy":"product_tag","embeddable":true,"href":"https:\/\/immortella.eu\/de\/wp-json\/wp\/v2\/product_tag?post=19087"}],"curies":[{"name":"wp","href":"https:\/\/api.w.org\/{rel}","templated":true}]}}