{"id":19088,"date":"2022-11-30T15:25:17","date_gmt":"2022-12-05T10:54:46","guid":{"rendered":"https:\/\/immortella.eu\/?post_type=product&#038;p=19088"},"modified":"2024-12-18T00:01:30","modified_gmt":"2024-12-17T23:01:30","slug":"immortella-ultraschalldiffuser-aus-keramik","status":"publish","type":"product","link":"https:\/\/immortella.eu\/de\/p\/immortella-ultraschalldiffuser-aus-keramik\/","title":{"rendered":"IMMORTELLA Ultraschalldiffuser aus Keramik"},"content":{"rendered":"<p>Der Immortella-Diffuser mit seinem einzigartigen minimalistischen Design und modernen Look passt zu jedem Interieur. \u00c4u\u00dferst leiser und sicherer Betrieb mit diskretem Licht, das man bei Bedarf einschalten kann. Der Diffuser befeuchtet und erfrischt Ihr Wohnumfeld, reinigt die Luft und sorgt f\u00fcr eine gesunde und angenehme Atmosph\u00e4re. Durch die Zugabe von ein paar Tropfen \u00e4therischem \u00d6l schaffen Sie eine echte SPA-Oase.<\/p>\n<p><strong>Eigenschaften:<\/strong><br \/>\n&#8211; Ultraschalltechnologie &#8211; mit 2 bis 6 Stunden kontinuierlichem Betrieb und vier Zeiteinstellungen 30s\/1h\/2h\/ON.<br \/>\n&#8211; 7 LED-Lichtoptionen<br \/>\n&#8211; Luftionisator &#8211; hilft bei der Luftreinigung und Entfernung von Staub, Pollen und unangenehmen Ger\u00fcchen<br \/>\n&#8211; Automatische Abschaltung \u2013 ein wichtiges Sicherheitsmerkmal \u2013 wenn das Wasser verdampft ist, schaltet sich das Ger\u00e4t automatisch ab<br \/>\n&#8211; Inhalt &#8211; 100 ml<\/p>\n<p><strong>Technischen Spezifikationen:<\/strong><br \/>\nAbmessungen: 17,30 cm x 9,10 cm<br \/>\nMaterial: PP + Keramik + ABS<br \/>\nGewicht: 500 g<br \/>\nLautst\u00e4rke: &lt; 35 db(A)<br \/>\nLeistung: max. 10 W<\/p>\n<p>Der Diffuser wird mit Adapter, Gebrauchsanweisung und Wasserbecher geliefert.<\/p>\n<p>&nbsp;<\/p>\n","protected":false},"excerpt":{"rendered":"<p>&nbsp;<\/p>\n<p><strong>Der Immortella-Diffuser mit seinem einzigartigen minimalistischen Design und modernen Look passt zu jedem Interieur.<\/strong><\/p>\n<p>-Der Diffuser befeuchtet und erfrischt Ihr Wohnumfeld<\/p>\n<p>-reinigt die Luft und sorgt f\u00fcr eine gesunde<\/p>\n<p>-angenehme Atmosph\u00e4re<\/p>\n<p>&nbsp;<\/p>\n","protected":false},"featured_media":19116,"comment_status":"open","ping_status":"closed","template":"","meta":[],"product_cat":[108,121],"product_tag":[],"acf":[],"_links":{"self":[{"href":"https:\/\/immortella.eu\/de\/wp-json\/wp\/v2\/product\/19088"}],"collection":[{"href":"https:\/\/immortella.eu\/de\/wp-json\/wp\/v2\/product"}],"about":[{"href":"https:\/\/immortella.eu\/de\/wp-json\/wp\/v2\/types\/product"}],"replies":[{"embeddable":true,"href":"https:\/\/immortella.eu\/de\/wp-json\/wp\/v2\/comments?post=19088"}],"wp:featuredmedia":[{"embeddable":true,"href":"https:\/\/immortella.eu\/de\/wp-json\/wp\/v2\/media\/19116"}],"wp:attachment":[{"href":"https:\/\/immortella.eu\/de\/wp-json\/wp\/v2\/media?parent=19088"}],"wp:term":[{"taxonomy":"product_cat","embeddable":true,"href":"https:\/\/immortella.eu\/de\/wp-json\/wp\/v2\/product_cat?post=19088"},{"taxonomy":"product_tag","embeddable":true,"href":"https:\/\/immortella.eu\/de\/wp-json\/wp\/v2\/product_tag?post=19088"}],"curies":[{"name":"wp","href":"https:\/\/api.w.org\/{rel}","templated":true}]}}