{"id":19091,"date":"2023-10-18T14:01:44","date_gmt":"2023-10-18T12:01:44","guid":{"rendered":"https:\/\/immortella.eu\/?post_type=product&#038;p=19091"},"modified":"2025-12-04T15:27:21","modified_gmt":"2025-12-04T14:27:21","slug":"mens-essentials-set","status":"publish","type":"product","link":"https:\/\/immortella.eu\/de\/p\/mens-essentials-set\/","title":{"rendered":"MEN&#8217;S ESSENTIALS SET"},"content":{"rendered":"<p><strong>MEN&#8217;S ESSENTIALS SET &#8211; <\/strong>nat\u00fcrliche Produkte f\u00fcr hydratisierte Haut und ein frisches Aussehen runden die Hautpflegeroutine eines jeden Mannes ab.<\/p>\n<p>Das Set beinhaltet Produkte f\u00fcr die t\u00e4gliche morgendliche und abendliche Gesichtspflege, Tonerde-Peeling und Maske zur Porenreinigung (2-3 Mal pro Woche) sowie ein nat\u00fcrliches Deodorant f\u00fcr den ganzt\u00e4gigen Schutz vor unangenehmen Ger\u00fcchen.<\/p>\n<p>Das alkoholfreie Gesichtswasser und die feuchtigkeitsspendende Anti-Aging-Creme zur Kollagenbildung empfehlen wir als After-Shave-Pflege, um Irritationen nach dem Rasieren zu lindern.<\/p>\n<p>&nbsp;<\/p>\n<p><strong>Alkoholfreies Gesichtswasser<\/strong><\/p>\n<p>Erfrischendes Gesichtswasser ohne Alkohol auf Basis von Immortellenwasser, angereichert mit Aloe Vera, NaPCA, nat\u00fcrlichem Feuchtigkeitsspender und Hyalurons\u00e4ure. Dieses feuchtigkeitsspendende Gesichtswasser versorgt die Haut mit Feuchtigkeit, erfrischt und verj\u00fcngt sie. F\u00fcr alle Hauttypen.<\/p>\n<p><strong>Anwendung:<\/strong><\/p>\n<p>Auf die gereinigte Haut aufspr\u00fchen. Das Gesichtswasser wird als erster Schritt der Hautpflege nach der Reinigung des Gesichts angewendet. Es kann auch tags\u00fcber \u00fcber dem Make-up aufgetragen werden, um die Haut zu erfrischen.<\/p>\n<p><strong>Inhaltsstoffe:<br \/>\n<\/strong><\/p>\n<p>Aqua, Helichrysum Italicum Flower Water, Aloe Barbadensis Leaf Juice, Pentylene Glycol, Glycerin, Sodium Pca, Sodium Hyaluronate, Citric Acid, Sodium Phytate, Potassium Sorbate, Sodium Benzoate<\/p>\n<p>&nbsp;<\/p>\n<p><strong>Feuchtigkeitsspendende Anti-Falten-Creme zur Stimulierung der Kollagensynthese<\/strong><\/p>\n<p>Eine regenerierende Creme mit leichter Textur und nat\u00fcrlichen Inhaltsstoffen, die gegen sichtbare Zeichen der Hautalterung wirkt. Rotalgen und Immortelle unterst\u00fctzen die Hautregeneration und Elastizit\u00e4t der Haut, indem sie die Kollagensynthese stimulieren, w\u00e4hrend Argan, Jojoba und Nachtkerze die Haut tiefgehend n\u00e4hren und pflegen. Die Die Haut wird gefestigt, revitalisiert und strahlt. F\u00fcr normale bis trockene Haut.<\/p>\n<p><strong>Anwendung:<\/strong><\/p>\n<p>Sanft auf die gereinigte Gesichts- und Halshaut einmassieren. F\u00fcr bessere Ergebnisse empfehlen wir, vorher ein Gesichtswasser zu benutzen.<\/p>\n<p><strong>Inhaltsstoffe:<\/strong><\/p>\n<p>Aqua, Argania Spinosa Kernel Oil*, Simmondsia Chinensis Seed Oil*, Prunus Armeniaca Kernel Oil*, Cetearyl Olivate, Sorbitan Olivate, Oenothera Biennis Oil, Coco-Caprylate, Tocopherol, Ahnfeltiopsis Concinna Extract, Helianthus Annuus Seed Oil, Citric Acid, Helichrysum Italicum Flower Oil*, Cinnamomum Camphora Linalooliferum Wood Oil, Rosmarinus Officinalis Leaf Extract, Sodium Phytate, Dehydroacetic Acid, Phenoxyethanol,<br \/>\nPropylene Glycol, Chlorphenesin, Sodium Dehydroacetate, Linalool**, Benzyl Alcohol, Limonene**, Geraniol**<br \/>\n*Zertifizierte organische Inhaltsstoffe<br \/>\n**aus nat\u00fcrlichen \u00e4therischen \u00d6len<\/p>\n<p>&nbsp;<\/p>\n<p><strong>Gesichts-Ton-Peeling &amp; Maske<\/strong><\/p>\n<p>Eine nat\u00fcrliche 2-in-1-Behandlung, die die Haut gr\u00fcndlich reinigt, erneuert und sie gl\u00e4nzend und weich macht. Durch sanftes Massieren des Gesichts entfernen Aprikosenpartikel abgestorbene Zellen von der Hautoberfl\u00e4che, wei\u00dfe Tonerde regeneriert und beruhigt die Haut und gr\u00fcne Tonerde entfernt Giftstoffe und Unreinheiten. Jojoba- und Aprikosen\u00f6l pflegen und Immortelle wirkt auf die Zeichen der Hautalterung. Reguliert die Talgsekretion und mattiert die Haut. Das Produkt ist f\u00fcr alle Hauttypen bestimmt, au\u00dfer f\u00fcr zu Akne neigende Haut.<\/p>\n<p><strong>Anwendung:<\/strong><\/p>\n<p>Tragen Sie das Gesichtspeeling und die Maske aus Tonerde zweimal pro Woche auf die gereinigte und getrocknete Haut auf. 1 Minute einmassieren und 10 bis 20 Minuten auf der Haut einwirken lassen. Sp\u00fclen Sie die Maske ab und tragen Sie Ihr Lieblingsserum oder Ihre Lieblingscreme auf.<\/p>\n<p><strong>Inhaltsstoffe:<\/strong><\/p>\n<p>Aqua, Prunus Armeniaca, Kernel Oil*, Cetearyl Olivate, Sorbitan Olivate, Simmondsia Chinesis Seed Oil*, Montmorillonite, Illite, Kaolin, Prunus Armeniaca Seed Powder, Glycerin, Helichrysum Italicum Flower Oil*, Cinnamomum Champhora Linalooliferum Wood Oil, Rosmarinus Officinalis Leaf Extract, Helianthus Annuus Seed Oil, Xanthan Gum, Benzyl Alcohol, Sodium Phytate, Citric Acid, Dehydroacetic Acid, Linalool, Limonene<br \/>\n*Zertifizierte organische Inhaltsstoffe<\/p>\n<p>&nbsp;<\/p>\n<p><strong>Deo-Roll-on MEN<\/strong><\/p>\n<p>Deo f\u00fcr M\u00e4nner ohne Aluminium und Alkohol, f\u00fcr den ganzt\u00e4gigen Schutz gegen Schwei\u00df, mit \u00e4therischen \u00d6len aus Sandelholz und Zitrone. Eine wirksame Formulierung, die den ganzen Tag \u00fcber f\u00fcr Frische sorgt, ohne sch\u00e4dliche Inhaltsstoffe. Es nimmt Feuchtigkeit auf, neutralisiert Ger\u00fcche und pflegt die Achselhaut. F\u00fcr alle Hauttypen geeignet. Es hinterl\u00e4sst keine Spuren auf der Kleidung.<\/p>\n<p><strong>Anwendung:<\/strong><\/p>\n<p>Tragen Sie das Produkt auf die saubere und trockene Haut der Achselh\u00f6hlen auf.<\/p>\n<p><strong>Inhaltsstoffe:<\/strong><\/p>\n<p>Aqua, Glycerin, Pentylene Glycol, Potassium Alum, Amyris Balsamifera Bark Oil, Xanthan Gum, Citrus Limon Fruit Oil, Salvia Officinalis Oil, Sodium Phytate, Sodium Hydroxide, Limonene*, Citral*<br \/>\n*aus nat\u00fcrlichen \u00e4therischen \u00d6len<\/p>\n<p>&nbsp;<\/p>\n","protected":false},"excerpt":{"rendered":"<p>&nbsp;<\/p>\n<p><strong>MEN\u2019S ESSENTIALS SET f\u00fcr M\u00e4nner, denen ihre Haut wichtig ist. <\/strong><\/p>\n<p>-Alkoholfreies Gesichtswasser, 100 ml<\/p>\n<p>-Feuchtigkeitsspendende Anti-Falten-Creme zur Stimulierung der Kollagensynthese, 50 ml<\/p>\n<p>-Gesichts-Ton-Peeling &amp; Maske, 50 ml<\/p>\n<p>-Deo-Roll-on MEN, 50 ml<\/p>\n<p>&nbsp;<\/p>\n","protected":false},"featured_media":19140,"comment_status":"open","ping_status":"closed","template":"","meta":[],"product_cat":[1160,118],"product_tag":[],"acf":[],"_links":{"self":[{"href":"https:\/\/immortella.eu\/de\/wp-json\/wp\/v2\/product\/19091"}],"collection":[{"href":"https:\/\/immortella.eu\/de\/wp-json\/wp\/v2\/product"}],"about":[{"href":"https:\/\/immortella.eu\/de\/wp-json\/wp\/v2\/types\/product"}],"replies":[{"embeddable":true,"href":"https:\/\/immortella.eu\/de\/wp-json\/wp\/v2\/comments?post=19091"}],"wp:featuredmedia":[{"embeddable":true,"href":"https:\/\/immortella.eu\/de\/wp-json\/wp\/v2\/media\/19140"}],"wp:attachment":[{"href":"https:\/\/immortella.eu\/de\/wp-json\/wp\/v2\/media?parent=19091"}],"wp:term":[{"taxonomy":"product_cat","embeddable":true,"href":"https:\/\/immortella.eu\/de\/wp-json\/wp\/v2\/product_cat?post=19091"},{"taxonomy":"product_tag","embeddable":true,"href":"https:\/\/immortella.eu\/de\/wp-json\/wp\/v2\/product_tag?post=19091"}],"curies":[{"name":"wp","href":"https:\/\/api.w.org\/{rel}","templated":true}]}}