{"id":19645,"date":"2023-03-07T07:08:54","date_gmt":"2023-03-07T06:08:54","guid":{"rendered":"https:\/\/immortella.eu\/?post_type=product&#038;p=19645"},"modified":"2025-01-24T12:08:13","modified_gmt":"2025-01-24T11:08:13","slug":"pro-balance-repair-cream","status":"publish","type":"product","link":"https:\/\/immortella.eu\/de\/p\/pro-balance-repair-cream\/","title":{"rendered":"Pro Balance Repair Cream"},"content":{"rendered":"<p><span style=\"font-weight: 400;\">Probiotische Creme mit Ceramiden und Hafer f\u00fcr die Pflege aller Hauttypen, besonders empfindlicher Haut.\u00a0<\/span><\/p>\n<p><span style=\"font-weight: 400;\">Gibt der Haut die n\u00f6tige Feuchtigkeit zur\u00fcck, hilft bei der Wiederherstellung der Hautbarriere, hellt die Haut auf und gleich den Teint aus. Beruhigt, sch\u00fctzt, regeneriert und st\u00e4rkt das Mikrobiom der Haut. Beschleunigt die Regeneration der Epidermis.<\/span><\/p>\n<p><span style=\"font-weight: 400;\">Die Formel mit einem patentierten Komplex aus Pr\u00e4biotika, Probiotika, Postbiotika und Milchs\u00e4ure. Hyalurons\u00e4ure und NaPca-Feuchtigkeitsspender sorgen f\u00fcr eine intensive Feuchtigkeitsversorgung. Niacinamid hellt die Haut auf und gleich den Teint aus, w\u00e4hrend die Ceramide aus Hafer zur Wiederherstellung der Hautbarriere beitragen.<\/span><\/p>\n<p><span style=\"font-weight: 400;\">Die Creme ist f\u00fcr normale bis trockene, empfindliche und zu Ekzemen neigende Haut geeignet. Der spezifische Geruch kommt von den in der Formel enthaltenen Probiotika.<\/span><\/p>\n<p><span style=\"font-weight: 400;\">Dermatologisch getestet. Geeignet f\u00fcr Schwangere und stillende M\u00fctter.<\/span><\/p>\n<p>&nbsp;<\/p>\n<p><b>Hauptinhaltsstoffe:<\/b><\/p>\n<p><span style=\"font-weight: 400;\">Haferextrakt: angereichert mit Probiotika, Pr\u00e4biotika und nat\u00fcrlicher AHA-S\u00e4ure stimuliert es die Zellerneuerung und sorgt f\u00fcr strahlende Haut, n\u00e4hrt das Hautmikrobiom und verbessert das Erscheinungsbild gesch\u00e4digter oder gereizter Haut.<\/span><\/p>\n<p><span style=\"font-weight: 400;\">Hafer-Ceramide: Lipide, die helfen, Feuchtigkeit in der Haut zu bewahren, die Hautbarriere zu reparieren und zu sch\u00fctzen.<\/span><\/p>\n<p><span style=\"font-weight: 400;\">Hyalurons\u00e4ure, niedermolekular: eine hochaktive Komponente, die in die tieferen Hautschichten eindringt. Mindert Falten und feine Linien, erfrischt und gl\u00e4ttet die Haut.\u00a0<\/span><\/p>\n<p><span style=\"font-weight: 400;\">Niacinamid: die aktive Form von Vitamin B3 sch\u00fctzt vor \u00e4u\u00dferen Einfl\u00fcssen, gleicht den Teint aus, wirkt entz\u00fcndungshemmend und reduziert die Erscheinung feiner Linien und F\u00e4ltchen.<\/span><\/p>\n<p>&nbsp;<\/p>\n<p><b>Anwendung:<\/b><\/p>\n<p><span style=\"font-weight: 400;\">Sanft auf die gereinigte Haut von Gesicht und Hals einmassieren. Morgens und abends anwenden.\u00a0<\/span><\/p>\n<p><span style=\"font-weight: 400;\">.<\/span><\/p>\n<p>&nbsp;<\/p>\n<p><b>Verpackung:<\/b><\/p>\n<p><span style=\"font-weight: 400;\">Das Produkt wird in einer 50-ml-Airless-Verpackung geliefert, die eine pr\u00e4zisere Anwendung und l\u00e4ngere Produktfrische ohne Luft und die M\u00f6glichkeit einer Verunreinigung erm\u00f6glicht.<\/span><\/p>\n<p><span style=\"font-weight: 400;\">\u00a0<\/span><\/p>\n<p><b>Inhaltsstoffe (INCI):<\/b><\/p>\n<p><span style=\"font-weight: 400;\">Aqua, Cetearylalkohol, Cetearylglucosid, Squalan*, Nachtkerzen\u00f6l, Pentylenglykol, Avena Sativa Kernel Oil, Glycerin, Butyrospermum-Parkii-Butter, Natrium-PCA, Lactobacillus-Ferment, Avena-Sativa-Kernelextrakt, Niacinamid, Coco-Caprylat, Tocopherol, Candelilla Cera, Ahnfeltiopsis-Concinna-Extrakt, Natriumhyaluronat, Aloe-Barbadensis-Blattsaft, Natriumphytat, Xanthangummi, Natriumstearoylglutamat, Natriumdehydroacetat, Natriumbenzoat, Kaliumsorbat<\/span><\/p>\n<p><span style=\"font-weight: 400;\">*zertifizierte organische Inhaltsstoffe<\/span><\/p>\n<p><span style=\"font-weight: 400;\">**das Produkt enth\u00e4lt keine \u00e4therischen \u00d6le<\/span><\/p>\n","protected":false},"excerpt":{"rendered":"<p>&nbsp;<\/p>\n<p><span style=\"font-weight: 400;\">Feuchtigkeitscreme mit probiotischem Komplex, 50 ml.<\/span><\/p>\n<p><span style=\"font-weight: 400;\">Erneuert, beruhigt und sch\u00fctzt die Haut.<\/span><\/p>\n<p><span style=\"font-weight: 400;\">St\u00e4rkt das Mikrobiom der Haut.<\/span><\/p>\n<p><span style=\"font-weight: 400;\">Ceramide, Hafer, Hyalurons\u00e4ure.<\/span><\/p>\n<p>&nbsp;<\/p>\n","protected":false},"featured_media":19682,"comment_status":"open","ping_status":"closed","template":"","meta":[],"product_cat":[1242,118,370,371,372,373],"product_tag":[721],"acf":[],"_links":{"self":[{"href":"https:\/\/immortella.eu\/de\/wp-json\/wp\/v2\/product\/19645"}],"collection":[{"href":"https:\/\/immortella.eu\/de\/wp-json\/wp\/v2\/product"}],"about":[{"href":"https:\/\/immortella.eu\/de\/wp-json\/wp\/v2\/types\/product"}],"replies":[{"embeddable":true,"href":"https:\/\/immortella.eu\/de\/wp-json\/wp\/v2\/comments?post=19645"}],"wp:featuredmedia":[{"embeddable":true,"href":"https:\/\/immortella.eu\/de\/wp-json\/wp\/v2\/media\/19682"}],"wp:attachment":[{"href":"https:\/\/immortella.eu\/de\/wp-json\/wp\/v2\/media?parent=19645"}],"wp:term":[{"taxonomy":"product_cat","embeddable":true,"href":"https:\/\/immortella.eu\/de\/wp-json\/wp\/v2\/product_cat?post=19645"},{"taxonomy":"product_tag","embeddable":true,"href":"https:\/\/immortella.eu\/de\/wp-json\/wp\/v2\/product_tag?post=19645"}],"curies":[{"name":"wp","href":"https:\/\/api.w.org\/{rel}","templated":true}]}}