{"id":19647,"date":"2023-03-07T07:10:13","date_gmt":"2023-03-07T06:10:13","guid":{"rendered":"https:\/\/immortella.eu\/?post_type=product&#038;p=19647"},"modified":"2025-01-24T12:05:21","modified_gmt":"2025-01-24T11:05:21","slug":"pro-balance-mist","status":"publish","type":"product","link":"https:\/\/immortella.eu\/de\/p\/pro-balance-mist\/","title":{"rendered":"Pro Balance Hydrating Mist"},"content":{"rendered":"<p><span style=\"font-weight: 400;\">Ein leichtes, feuchtigkeitsspendendes Face Mist mit ausgleichender und entz\u00fcndungshemmender Wirkung. Erfrischt die Haut und ist geeignet f\u00fcr alle Hauttypen, insbesondere f\u00fcr empfindliche Haut.\u00a0<\/span><\/p>\n<p><span style=\"font-weight: 400;\">Verbessert die Elastizit\u00e4t der Haut, spendet Feuchtigkeit, erneuert, hellt die Haut auf und gleich den Teint aus. Die Formel mit einem patentierten Komplex aus Probiotika und Milchs\u00e4ure. Beruhigt und sch\u00fctzt die Haut, regeneriert und st\u00e4rkt das Mikrobiom der Haut.\u00a0<\/span><\/p>\n<p><span style=\"font-weight: 400;\">Dank der hohen Konzentration an Hyalurons\u00e4ure (1 %) und Niacinamid (5 %) spendet es intensive Feuchtigkeit und gleicht den Teint aus. Es hilft, Feuchtigkeit zu bewahren, sodass die Haut bereits nach der ersten Anwendung hydratisiert und erfrischt bleibt.<\/span><\/p>\n<p><span style=\"font-weight: 400;\">Lesen Sie <\/span><a href=\"https:\/\/immortella.eu\/mikrobiom-koze\/\"><span style=\"font-weight: 400;\">hier<\/span><\/a><span style=\"font-weight: 400;\">, warum das Hautmikrobiom wichtig ist und welche Ursachen ein Ungleichgewicht haben kann.<\/span><\/p>\n<p>&nbsp;<\/p>\n<p><b>Hauptinhaltsstoffe:<\/b><\/p>\n<p><span style=\"font-weight: 400;\">Haferextrakt: angereichert mit Probiotika, Pr\u00e4biotika und nat\u00fcrlicher AHA-S\u00e4ure stimuliert es die Zellerneuerung und sorgt f\u00fcr strahlende Haut, n\u00e4hrt das Hautmikrobiom und verbessert das Erscheinungsbild gesch\u00e4digter oder gereizter Haut.<\/span><\/p>\n<p><span style=\"font-weight: 400;\">Hyalurons\u00e4ure, niedermolekular: eine hochaktive Komponente, die in die tieferen Hautschichten eindringt. Mindert Falten und feine Linien, erfrischt und gl\u00e4ttet die Haut.\u00a0<\/span><\/p>\n<p><span style=\"font-weight: 400;\">Niacinamid: die aktive Form von Vitamin B3 sch\u00fctzt vor \u00e4u\u00dferen Einfl\u00fcssen, gleicht den Teint aus, wirkt entz\u00fcndungshemmend und reduziert die Erscheinung feiner Linien und F\u00e4ltchen.<\/span><\/p>\n<p>&nbsp;<\/p>\n<p><b>Anwendung:<\/b><\/p>\n<p><span style=\"font-weight: 400;\">Auf die gereinigte Haut von Gesicht und Hals spr\u00fchen. Verwenden Sie es als ersten Schritt der Hautpflege, nach der Gesichtsreinigung oder tags\u00fcber \u00fcber dem Make-up, um Ihre Haut zu erfrischen.<\/span><\/p>\n<p>&nbsp;<\/p>\n<p><b>Verpackung:<\/b><\/p>\n<p><span style=\"font-weight: 400;\">Das Produkt wird in einer 100-ml-Glasflasche mit feinem Zerst\u00e4uber geliefert.<\/span><\/p>\n<p><span style=\"font-weight: 400;\">\u00a0<\/span><\/p>\n<p><b>Inhaltsstoffe (INCI):<\/b><\/p>\n<p><span style=\"font-weight: 400;\">Aqua, Niacinamid, Pentylenglykol, Glycerin, Natrium-PCA, Lactobacillus-Ferment, Avena-Sativa-Kernelextrakt, Natriumhyaluronat, Natriumbenzoat, Kaliumsorbat<\/span><\/p>\n<p><span style=\"font-weight: 400;\">**das Produkt enth\u00e4lt keine \u00e4therischen \u00d6le<\/span><\/p>\n","protected":false},"excerpt":{"rendered":"<p>&nbsp;<\/p>\n<p><span style=\"font-weight: 400;\">Feuchtigkeitsspendendes Face Mist (Gesichtsspray) mit Probiotika, 100 ml.<\/span><\/p>\n<p><span style=\"font-weight: 400;\">Erneuert, beruhigt und hellt den Teint auf.<\/span><\/p>\n<p><span style=\"font-weight: 400;\">Entz\u00fcndungshemmende und erfrischende Wirkung.<\/span><\/p>\n<p><span style=\"font-weight: 400;\">5 % Niacinamid, 1 % Hyalurons\u00e4ure.<\/span><\/p>\n<p>&nbsp;<\/p>\n","protected":false},"featured_media":19685,"comment_status":"open","ping_status":"closed","template":"","meta":[],"product_cat":[1242,118,370,371,372,373],"product_tag":[377,1001],"acf":[],"_links":{"self":[{"href":"https:\/\/immortella.eu\/de\/wp-json\/wp\/v2\/product\/19647"}],"collection":[{"href":"https:\/\/immortella.eu\/de\/wp-json\/wp\/v2\/product"}],"about":[{"href":"https:\/\/immortella.eu\/de\/wp-json\/wp\/v2\/types\/product"}],"replies":[{"embeddable":true,"href":"https:\/\/immortella.eu\/de\/wp-json\/wp\/v2\/comments?post=19647"}],"wp:featuredmedia":[{"embeddable":true,"href":"https:\/\/immortella.eu\/de\/wp-json\/wp\/v2\/media\/19685"}],"wp:attachment":[{"href":"https:\/\/immortella.eu\/de\/wp-json\/wp\/v2\/media?parent=19647"}],"wp:term":[{"taxonomy":"product_cat","embeddable":true,"href":"https:\/\/immortella.eu\/de\/wp-json\/wp\/v2\/product_cat?post=19647"},{"taxonomy":"product_tag","embeddable":true,"href":"https:\/\/immortella.eu\/de\/wp-json\/wp\/v2\/product_tag?post=19647"}],"curies":[{"name":"wp","href":"https:\/\/api.w.org\/{rel}","templated":true}]}}