{"id":19649,"date":"2023-03-07T07:11:06","date_gmt":"2023-03-07T06:11:06","guid":{"rendered":"https:\/\/immortella.eu\/?post_type=product&#038;p=19649"},"modified":"2024-12-18T00:01:29","modified_gmt":"2024-12-17T23:01:29","slug":"pro-balance-radiance-serum","status":"publish","type":"product","link":"https:\/\/immortella.eu\/de\/p\/pro-balance-radiance-serum\/","title":{"rendered":"Pro Balance Radiance Serum"},"content":{"rendered":"<p><img decoding=\"async\" loading=\"lazy\" class=\" wp-image-21259 aligncenter\" src=\"https:\/\/immortella.eu\/wp-content\/uploads\/2023\/02\/grazia-best-of-beauty-300x300.jpg\" alt=\"\" width=\"152\" height=\"152\" srcset=\"https:\/\/immortella.eu\/wp-content\/uploads\/2023\/02\/grazia-best-of-beauty-300x300.jpg 300w, https:\/\/immortella.eu\/wp-content\/uploads\/2023\/02\/grazia-best-of-beauty-1024x1024.jpg 1024w, https:\/\/immortella.eu\/wp-content\/uploads\/2023\/02\/grazia-best-of-beauty-150x150.jpg 150w, https:\/\/immortella.eu\/wp-content\/uploads\/2023\/02\/grazia-best-of-beauty-768x768.jpg 768w, https:\/\/immortella.eu\/wp-content\/uploads\/2023\/02\/grazia-best-of-beauty-324x324.jpg 324w, https:\/\/immortella.eu\/wp-content\/uploads\/2023\/02\/grazia-best-of-beauty-460x460.jpg 460w, https:\/\/immortella.eu\/wp-content\/uploads\/2023\/02\/grazia-best-of-beauty-100x100.jpg 100w, https:\/\/immortella.eu\/wp-content\/uploads\/2023\/02\/grazia-best-of-beauty.jpg 1181w\" sizes=\"(max-width: 152px) 100vw, 152px\" \/><\/p>\n<p><span style=\"font-weight: 400;\">Probiotisches Feuchtigkeitsserum f\u00fcr eine st\u00e4rkere und strahlendere Haut. Verbessert die Elastizit\u00e4t der Haut, spendet Feuchtigkeit, erneuert, hellt die Haut auf und gleich den Teint aus. Nicht komedogenes und leichtes Serum f\u00fcr alle Hauttypen, besonders empfindliche Haut.\u00a0<\/span><\/p>\n<p><span style=\"font-weight: 400;\">Die Formel mit einem patentierten Komplex aus Probiotika und Milchs\u00e4ure. Beruhigt und sch\u00fctzt die Haut, regeneriert und st\u00e4rkt das Mikrobiom der Haut.\u00a0<\/span><\/p>\n<p><span style=\"font-weight: 400;\">Dank der hohen Konzentration an Hyalurons\u00e4ure (1 %) und Niacinamid (5 %) spendet es intensive Feuchtigkeit und gleicht den Teint aus. Das Algenextrakt regt die Kollagensynthese an und verbessert die Elastizit\u00e4t, regeneriert und st\u00e4rkt die Haut.\u00a0<\/span><\/p>\n<p><span style=\"font-weight: 400;\">Warum die Hautmikrobiom wichtig sind und was das Ungleichgewicht verursacht k\u00f6nnen Sie <\/span><a href=\"https:\/\/immortella.eu\/mikrobiom-koze\/\"><span style=\"font-weight: 400;\">hier <\/span><\/a><span style=\"font-weight: 400;\">erfahren.<\/span><\/p>\n<p>&nbsp;<\/p>\n<p><b>Hauptinhaltsstoffe:<\/b><\/p>\n<p><span style=\"font-weight: 400;\">Haferextrakt, angereichert mit Probiotika, Pr\u00e4biotika und der nat\u00fcrlichen AHA-S\u00e4ure, f\u00f6rdert die Zellerneuerung und sorgt f\u00fcr strahlende Haut, pflegt das Miktrobiom der Haut und verbessert das Aussegen von gesch\u00e4digter oder gereizter Haut.<\/span><\/p>\n<p><span style=\"font-weight: 400;\">Hyalurons\u00e4ure, niedermolekular: eine hochaktive Komponente, die in die tieferen Hautschichten eindringt. Mindert Falten und feine Linien, erfrischt und gl\u00e4ttet die Haut.\u00a0<\/span><\/p>\n<p><span style=\"font-weight: 400;\">Niacinamid: aktive Form des Vitamins B3 sch\u00fctzt vor sch\u00e4dlichen Au\u00dfeneinfl\u00fcssen, gleicht den Teint aus, hat eine entz\u00fcndungshemmende Wirkung und mindert das Auftreten von feinen Linien und F\u00e4ltchen.<\/span><\/p>\n<p><span style=\"font-weight: 400;\">Das Gel der Rotalge: regt die Kollagenbildung an und verhindert Feuchtigkeitsverlust.<\/span><\/p>\n<p>&nbsp;<\/p>\n<p><b>Anwendung:<\/b><\/p>\n<p><span style=\"font-weight: 400;\">Ein paar Tropfen auf die gereinigte Haut von Gesicht und Hals einmassieren. F\u00fcr bessere Resultate empfehlen wir das Serum nach dem Gesichtswasser, aber vor der Gesichtscreme aufzutragen.<\/span><\/p>\n<p>&nbsp;<\/p>\n<p><b>Produkttyp:<\/b><\/p>\n<p><span style=\"font-weight: 400;\">Das Produkt umfasst eine 30-ml-Glasflasche mit einem Pipetten-Applikator zur pr\u00e4zisen Anwendung.<\/span><\/p>\n<p><span style=\"font-weight: 400;\">\u00a0<\/span><\/p>\n<p><b>Inhalt (INCI):<\/b><\/p>\n<p><span style=\"font-weight: 400;\">Aqua, Glycerin, Aloe Barbadensis Leaf Juice, Niacinamide, Pentylene Glycol, Sodium PCA, Sodium Hyaluronate, Ahnfeltiopsis Concinna Extract, Xanthan Gum, Lactobacillus Ferment, Avena Sativa Kernel Extract, Sodium Benzoate, Potassium Sorbate, Sodium Dehydroacetate<\/span><\/p>\n<p><span style=\"font-weight: 400;\">**das Produkt enth\u00e4lt keine \u00e4therischen \u00d6le<\/span><\/p>\n","protected":false},"excerpt":{"rendered":"<p>&nbsp;<\/p>\n<p><span style=\"font-weight: 400;\">Feuchtigkeitsserum mit Probiotika, 30 ml.<\/span><\/p>\n<p><span style=\"font-weight: 400;\">Spendet intensiv Feuchtigkeit und hellt den Teint auf.<\/span><\/p>\n<p><span style=\"font-weight: 400;\">Regt die Kollagenbildung an.<\/span><\/p>\n<p><span style=\"font-weight: 400;\">5 % Niacinamid, 1 % Hyalurons\u00e4ure.<\/span><\/p>\n<p>&nbsp;<\/p>\n","protected":false},"featured_media":21252,"comment_status":"open","ping_status":"closed","template":"","meta":[],"product_cat":[1242,108,123,118,370,371,372,373],"product_tag":[376,377,380,381],"acf":[],"_links":{"self":[{"href":"https:\/\/immortella.eu\/de\/wp-json\/wp\/v2\/product\/19649"}],"collection":[{"href":"https:\/\/immortella.eu\/de\/wp-json\/wp\/v2\/product"}],"about":[{"href":"https:\/\/immortella.eu\/de\/wp-json\/wp\/v2\/types\/product"}],"replies":[{"embeddable":true,"href":"https:\/\/immortella.eu\/de\/wp-json\/wp\/v2\/comments?post=19649"}],"wp:featuredmedia":[{"embeddable":true,"href":"https:\/\/immortella.eu\/de\/wp-json\/wp\/v2\/media\/21252"}],"wp:attachment":[{"href":"https:\/\/immortella.eu\/de\/wp-json\/wp\/v2\/media?parent=19649"}],"wp:term":[{"taxonomy":"product_cat","embeddable":true,"href":"https:\/\/immortella.eu\/de\/wp-json\/wp\/v2\/product_cat?post=19649"},{"taxonomy":"product_tag","embeddable":true,"href":"https:\/\/immortella.eu\/de\/wp-json\/wp\/v2\/product_tag?post=19649"}],"curies":[{"name":"wp","href":"https:\/\/api.w.org\/{rel}","templated":true}]}}