{"id":19740,"date":"2023-03-21T11:37:26","date_gmt":"2023-03-21T10:37:26","guid":{"rendered":"https:\/\/immortella.eu\/?post_type=product&#038;p=19740"},"modified":"2025-12-04T15:23:26","modified_gmt":"2025-12-04T14:23:26","slug":"pro-balance-set","status":"publish","type":"product","link":"https:\/\/immortella.eu\/de\/p\/pro-balance-set\/","title":{"rendered":"Pro Balance Set"},"content":{"rendered":"<p><span style=\"font-weight: 400;\">Das Pro Balance Set beinhaltet alle Produkte dieser Linie, die Sie f\u00fcr die t\u00e4gliche Routine zur Pflege und sanften Gesichtsreinigung f\u00fcr jeden Hauttyp ben\u00f6tigen. Das Ergebnis sind gereinigte Poren, ein ebenm\u00e4\u00dfiger Teint, intensive Feuchtigkeitsversorgung und eine gest\u00e4rkte Hautbarriere. Leichte Texturen, die an alle Hauttypen mit Schwerpunkt auf empfindlicher Haut angepasst sind, erneuern die Haut, pflegen sie tiefenwirksam und regulieren die Talgsekretion, hellen den Teint auf und st\u00e4rken das Mikrobiom der Haut f\u00fcr eine widerstandsf\u00e4higere und gepflegtere Haut.<\/span><\/p>\n<p><span style=\"font-weight: 400;\">Formuliert mit einem patentierten Komplex aus Pr\u00e4biotika, Ceramiden und Niacinamid zur St\u00e4rkung und Wiederherstellung der Hautbarriere, Pflanzenextrakten zur Beruhigung und zum Schutz sowie einer hohen Konzentration der Hyalurons\u00e4ure f\u00fcr eine intensive Feuchtigkeit.<\/span><\/p>\n<p>&nbsp;<\/p>\n<p><b>Pro Balance Mist<\/b><\/p>\n<p><span style=\"font-weight: 400;\">Das feuchtigkeitsspendende Face Mist mit Probiotika gleicht die Haut aus und bereitet sie f\u00fcr weitere Produkte aus ihrer t\u00e4glichen Routine vor. Die Haut ist bereits nach der ersten Anwendung mit Feuchtigkeit versorgt und erfrischt.<\/span><\/p>\n<p><span style=\"font-weight: 400;\">Das Produkt wurde mit einem patentierten Komplex aus Pr\u00e4biotika, Probiotika, Postbiotika und Milchs\u00e4ure formuliert, beruhigt und regeneriert die Haut. Dank Niacinamid (5 %) und Hyalurons\u00e4ure (1 %) hilft es, die Talgproduktion zu regulieren, den Teint zu gl\u00e4tten und Feuchtigkeit zu speichern.<\/span><\/p>\n<p><span style=\"font-weight: 400;\">Zur Pflege aller Hauttypen, speziell f\u00fcr empfindliche Haut entwickelt.\u00a0<\/span><\/p>\n<p>&nbsp;<\/p>\n<p><b>Anwendung:<\/b><\/p>\n<p><span style=\"font-weight: 400;\">Auf die gereinigte Haut von Gesicht und Hals spr\u00fchen. Als ersten Schritt bei der Hautpflege, nach der Gesichtsreinigung anwenden. Kann auch tags\u00fcber auf das Make-Up aufgetragen werden, um die Haut zu erfrischen.<\/span><\/p>\n<p>&nbsp;<\/p>\n<p><b>Pro Balance Radiance Serum<\/b><\/p>\n<p><span style=\"font-weight: 400;\">Feuchtigkeitsserum f\u00fcr eine st\u00e4rkere und strahlendere Haut. Verbessert die Elastizit\u00e4t der Haut, spendet Feuchtigkeit, erneuert, hellt die Haut auf und gleich den Teint aus. Nicht komedogenes und leichtes Serum f\u00fcr alle Hauttypen, besonders aber f\u00fcr empfindliche Haut.\u00a0<\/span><\/p>\n<p><span style=\"font-weight: 400;\">Die Formel mit einem patentierten Komplex aus Probiotika und Milchs\u00e4ure. Beruhigt und sch\u00fctzt die Haut, regeneriert und st\u00e4rkt das Mikrobiom der Haut.\u00a0<\/span><\/p>\n<p><span style=\"font-weight: 400;\">Dank der hohen Konzentration an Hyalurons\u00e4ure (1 %) und Niacinamid (5 %) spendet es intensive Feuchtigkeit und gleicht den Teint aus. Das Algenextrakt regt die Kollagensynthese an und verbessert die Elastizit\u00e4t, regeneriert und st\u00e4rkt die Haut.\u00a0<\/span><\/p>\n<p>&nbsp;<\/p>\n<p><b>Anwendung:<\/b><\/p>\n<p><span style=\"font-weight: 400;\">Die Maske 2-3 mal in der Woche auf die gereinigte Haut auftragen. 15 Minuten einwirken lassen, dann mit warmem Wasser absp\u00fclen oder vorsichtig mit einem feuchten Handtuch abwischen.<\/span><\/p>\n<p>&nbsp;<\/p>\n<p><b>Pro Balance Repair Cream<\/b><\/p>\n<p><span style=\"font-weight: 400;\">Probiotische Creme mit Ceramiden und Hafer f\u00fcr die Pflege aller Hauttypen, besonders empfindlicher Haut. Beruhigt, sch\u00fctzt, regeneriert und st\u00e4rkt das Mikrobiom der Haut. Gibt der Haut die n\u00f6tige Feuchtigkeit zur\u00fcck, hilft bei der Wiederherstellung der Hautbarriere, hellt die Haut auf und gleich den Teint aus.<\/span><\/p>\n<p><span style=\"font-weight: 400;\">Die Formel mit einem patentierten Komplex aus Pr\u00e4biotika, Probiotika, Postbiotika und Milchs\u00e4ure. Hyalurons\u00e4ure und NaPca-Feuchtigkeitsspender sorgen f\u00fcr eine intensive Feuchtigkeitsversorgung. Niacinamid hellt die Haut auf und gleich den Teint aus, w\u00e4hrend die Ceramide aus Hafer zur Wiederherstellung der Hautbarriere beitragen.<\/span><\/p>\n<p><span style=\"font-weight: 400;\">Die Creme ist f\u00fcr normale bis trockene, empfindliche und zu Ekzemen neigende Haut geeignet. Der spezifische Geruch kommt von den in der Formel enthaltenen Probiotika.<\/span><\/p>\n<p>&nbsp;<\/p>\n<p><b>Anwendung:<\/b><\/p>\n<p><span style=\"font-weight: 400;\">Sanft auf die gereinigte Haut von Gesicht und Hals einmassieren. Morgens und abends anwenden.\u00a0<\/span><\/p>\n<p>&nbsp;<\/p>\n<p><b>Pink Oat Mask<\/b><\/p>\n<p><span style=\"font-weight: 400;\">Eine luxuri\u00f6se Gesichtsmaske aus Ton mit Haferzusatz zur Verbesserung von Tonus und Textur der Haut. Rosa Tonerde reinigt die Poren und entfernt Unreinheiten und Giftstoffe aus der Haut. Mit einem probiotischen Komplex angereicherter Haferextrakt st\u00e4rkt das Mikrobiom der Haut, w\u00e4hrend nat\u00fcrliche AHA-S\u00e4ure die Zellerneuerung f\u00f6rdert. Das Ergebnis ist eine strahlende, reine Haut.\u00a0<\/span><\/p>\n<p><span style=\"font-weight: 400;\">Dank der Hyalurons\u00e4ure spendet die Pink Oat Maske Feuchtigkeit und hinterl\u00e4sst eine glatte und strahlende Haut. Das Produkt ist f\u00fcr alle Hauttypen geeignet, auch f\u00fcr empfindliche Haut.<\/span><\/p>\n<p>&nbsp;<\/p>\n<p><b>Anwendung:<\/b><\/p>\n<p><span style=\"font-weight: 400;\">Die Maske 2-3 mal in der Woche auf die gereinigte Haut auftragen. 15 Minuten einwirken lassen, dann mit warmem Wasser absp\u00fclen oder vorsichtig mit einem feuchten Handtuch abwischen.<\/span><\/p>\n<p>&nbsp;<\/p>\n<p><b>Inhaltsstoffe (INCI) Pro Balance Mist:<\/b><\/p>\n<p><span style=\"font-weight: 400;\">Aqua, Niacinamid, Pentylenglykol, Glycerin, Natrium-PCA, Lactobacillus-Ferment, Avena-Sativa-Kernelextrakt, Natriumhyaluronat, Natriumbenzoat, Kaliumsorbat<\/span><\/p>\n<p><span style=\"font-weight: 400;\">**das Produkt enth\u00e4lt keine \u00e4therischen \u00d6le<\/span><\/p>\n<p>&nbsp;<\/p>\n<p><b>Inhaltsstoffe (INCI) Pro Balance Radiance Serum:<\/b><\/p>\n<p><span style=\"font-weight: 400;\">Aqua, Glycerin, Aloe Barbadensis-Blattsaft, Niacinamid, Pentylenglykol, Natrium-PCA, Natriumhyaluronat, Ahnfeltiopsis Concinna-Extrakt, Xanthangummi, Lactobacillus-Ferment, Avena-Sativa-Kernelextrakt, Natriumbenzoat, Kaliumsorbat, Natriumdehydroacetat<\/span><\/p>\n<p><span style=\"font-weight: 400;\">**das Produkt enth\u00e4lt keine \u00e4therischen \u00d6le<\/span><\/p>\n<p>&nbsp;<\/p>\n<p><b>Inhaltsstoffe (INCI) Pro Balance Repair Cream:<\/b><\/p>\n<p><span style=\"font-weight: 400;\">Aqua, Cetearylalkohol, Cetearylglucosid, Squalan*, Nachtkerzen\u00f6l, Pentylenglykol, Avena Sativa Kernel Oil, Glycerin, Butyrospermum-Parkii-Butter, Natrium-PCA, Lactobacillus-Ferment, Avena-Sativa-Kernelextrakt, Niacinamid, Coco-Caprylat, Tocopherol, Candelilla Cera, Ahnfeltiopsis-Concinna-Extrakt, Natriumhyaluronat, Aloe-Barbadensis-Blattsaft, Natriumphytat, Xanthangummi, Natriumstearoylglutamat, Natriumdehydroacetat, Natriumbenzoat, Kaliumsorbat<\/span><\/p>\n<p><span style=\"font-weight: 400;\">*zertifizierte organische Inhaltsstoffe<\/span><\/p>\n<p><span style=\"font-weight: 400;\">**das Produkt enth\u00e4lt keine \u00e4therischen \u00d6le<\/span><\/p>\n<p>&nbsp;<\/p>\n<p><b>Inhaltsstoffe (INCI) Pink Oat Mask:<\/b><\/p>\n<p><span style=\"font-weight: 400;\">Aqua, Ton, Butyrospermum Parkii Butter (Sheabutter), Prunus Amygdalus Dulcis \u00d6l, Avena Sativa Kernel Oil, Aloe Barbadensis Blattsaft, Cetearylalkohol, Glycerin, Cetearylglucosid, Lactobacillus Ferment, Avena-Sativa-Kernelextrakt, Natriumhyaluronat, Tocopherol, Natriumstearoylglutamat, Xanthangummi, Rosmarinus Officinalis Blattextrakt, Zitronens\u00e4ure, Natriumphytat, Helianthus Annuus Samen\u00f6l, Dehydroessigs\u00e4ure, Natriumbenzoat, Kaliumsorbat, Benzylalkohol, Glycin-Soja\u00f6l<\/span><\/p>\n","protected":false},"excerpt":{"rendered":"<p><span style=\"font-weight: 400;\">Ein Set f\u00fcr die komplette Gesichtspflege, sanfte Reinigung und einen ebenm\u00e4\u00dfigen Teint.<\/span><\/p>\n<p>&nbsp;<\/p>\n<p><span style=\"font-weight: 400;\">Pro Balance Mist, 100 ml<\/span><\/p>\n<p><span style=\"font-weight: 400;\">Pro Balance Radiance Serum, 30 ml<\/span><\/p>\n<p><span style=\"font-weight: 400;\">Pro Balance Repair Cream, 50 ml<\/span><\/p>\n<p><span style=\"font-weight: 400;\">Pink Oat Mask, 50 ml<\/span><\/p>\n","protected":false},"featured_media":19717,"comment_status":"open","ping_status":"closed","template":"","meta":[],"product_cat":[1160,1242,118,372],"product_tag":[374,375,380,381],"acf":[],"_links":{"self":[{"href":"https:\/\/immortella.eu\/de\/wp-json\/wp\/v2\/product\/19740"}],"collection":[{"href":"https:\/\/immortella.eu\/de\/wp-json\/wp\/v2\/product"}],"about":[{"href":"https:\/\/immortella.eu\/de\/wp-json\/wp\/v2\/types\/product"}],"replies":[{"embeddable":true,"href":"https:\/\/immortella.eu\/de\/wp-json\/wp\/v2\/comments?post=19740"}],"wp:featuredmedia":[{"embeddable":true,"href":"https:\/\/immortella.eu\/de\/wp-json\/wp\/v2\/media\/19717"}],"wp:attachment":[{"href":"https:\/\/immortella.eu\/de\/wp-json\/wp\/v2\/media?parent=19740"}],"wp:term":[{"taxonomy":"product_cat","embeddable":true,"href":"https:\/\/immortella.eu\/de\/wp-json\/wp\/v2\/product_cat?post=19740"},{"taxonomy":"product_tag","embeddable":true,"href":"https:\/\/immortella.eu\/de\/wp-json\/wp\/v2\/product_tag?post=19740"}],"curies":[{"name":"wp","href":"https:\/\/api.w.org\/{rel}","templated":true}]}}