{"id":20447,"date":"2023-09-04T10:46:34","date_gmt":"2023-09-04T08:46:34","guid":{"rendered":"https:\/\/immortella.eu\/?post_type=product&#038;p=20447"},"modified":"2025-12-04T15:27:03","modified_gmt":"2025-12-04T14:27:03","slug":"aromatherapy-kit-small","status":"publish","type":"product","link":"https:\/\/immortella.eu\/de\/p\/aromatherapy-kit-small\/","title":{"rendered":"AROMATHERAPY KIT &#8211; SMALL"},"content":{"rendered":"<p><strong>AROMATHERAPY KIT &#8211; SMALL<\/strong> beinhaltet den Immortella Keramikdiffuser und die BEATMUNGSSET. Schaffen Sie Ihre eigene gesunde Umgebung.<\/p>\n<p>&nbsp;<\/p>\n<p><strong>\u00c4<\/strong><strong>therische \u00d6le:<\/strong><\/p>\n<p>-\u00c4therisches \u00d6l von Ravintsara (Cinnamomum camphora ct. Cineol), 10 ml<br \/>\n-\u00c4therisches Teebaum\u00f6l (Melaleuca alternifolia), 10 ml<br \/>\n-\u00c4therisches \u00d6l Eukalyptus (Eucalyptus radiata), 10 ml<\/p>\n<p>&nbsp;<\/p>\n<p><strong>IMMORTELLA Ultraschalldiffuser aus Keramik<\/strong><\/p>\n<p>Der Immortella-Diffuser mit seinem einzigartigen minimalistischen Design und modernen Look passt zu jedem Interieur. \u00c4u\u00dferst leiser und sicherer Betrieb mit diskretem Licht, das man bei Bedarf einschalten kann. Der Diffuser befeuchtet und erfrischt Ihr Wohnumfeld, reinigt die Luft und sorgt f\u00fcr eine gesunde und angenehme Atmosph\u00e4re. Durch die Zugabe von ein paar Tropfen \u00e4therischem \u00d6l schaffen Sie eine echte SPA-Oase.<\/p>\n<p><strong>Eigenschaften:<\/strong><br \/>\n\u2013 Ultraschalltechnologie \u2013 mit 2 bis 6 Stunden kontinuierlichem Betrieb und vier Zeiteinstellungen 30s\/1h\/2h\/ON.<br \/>\n\u2013 7 LED-Lichtoptionen<br \/>\n\u2013 Luftionisator \u2013 hilft bei der Luftreinigung und Entfernung von Staub, Pollen und unangenehmen Ger\u00fcchen<br \/>\n\u2013 Automatische Abschaltung \u2013 ein wichtiges Sicherheitsmerkmal \u2013 wenn das Wasser verdampft ist, schaltet sich das Ger\u00e4t automatisch ab<br \/>\n\u2013 Inhalt \u2013 100 ml<\/p>\n<p><strong>Technischen Spezifikationen:<\/strong><br \/>\nAbmessungen: 17,30 cm x 9,10 cm<br \/>\nMaterial: PP + Keramik + ABS<br \/>\nGewicht: 500 g<br \/>\nLautst\u00e4rke: &lt; 35 db(A)<br \/>\nLeistung: max. 10 W<\/p>\n<p>Der Diffuser wird mit Adapter, Gebrauchsanweisung und Wasserbecher geliefert.<\/p>\n","protected":false},"excerpt":{"rendered":"<p>&nbsp;<\/p>\n<p><strong>IMMORTELLA Ultraschalldiffuser + BEATMUNGSSET:<\/strong><\/p>\n<p>-\u00c4therisches \u00d6l von Ravintsara (Cinnamomum camphora ct. Cineol), 10 ml<\/p>\n<p>-\u00c4therisches \u00d6l Eukalyptus (Eucalyptus radiata), 10 ml<\/p>\n<p>-\u00c4therisches Teebaum\u00f6l (Melaleuca alternifolia), 10 ml<\/p>\n<p>&nbsp;<\/p>\n","protected":false},"featured_media":20683,"comment_status":"open","ping_status":"closed","template":"","meta":[],"product_cat":[1160,123,121],"product_tag":[],"acf":[],"_links":{"self":[{"href":"https:\/\/immortella.eu\/de\/wp-json\/wp\/v2\/product\/20447"}],"collection":[{"href":"https:\/\/immortella.eu\/de\/wp-json\/wp\/v2\/product"}],"about":[{"href":"https:\/\/immortella.eu\/de\/wp-json\/wp\/v2\/types\/product"}],"replies":[{"embeddable":true,"href":"https:\/\/immortella.eu\/de\/wp-json\/wp\/v2\/comments?post=20447"}],"wp:featuredmedia":[{"embeddable":true,"href":"https:\/\/immortella.eu\/de\/wp-json\/wp\/v2\/media\/20683"}],"wp:attachment":[{"href":"https:\/\/immortella.eu\/de\/wp-json\/wp\/v2\/media?parent=20447"}],"wp:term":[{"taxonomy":"product_cat","embeddable":true,"href":"https:\/\/immortella.eu\/de\/wp-json\/wp\/v2\/product_cat?post=20447"},{"taxonomy":"product_tag","embeddable":true,"href":"https:\/\/immortella.eu\/de\/wp-json\/wp\/v2\/product_tag?post=20447"}],"curies":[{"name":"wp","href":"https:\/\/api.w.org\/{rel}","templated":true}]}}