{"id":21291,"date":"2024-01-09T09:12:16","date_gmt":"2024-01-09T08:12:16","guid":{"rendered":"https:\/\/immortella.eu\/?post_type=product&#038;p=21291"},"modified":"2024-12-18T00:01:29","modified_gmt":"2024-12-17T23:01:29","slug":"100-squalan-oel","status":"publish","type":"product","link":"https:\/\/immortella.eu\/de\/p\/100-squalan-oel\/","title":{"rendered":"Squalan-\u00d6l 100%"},"content":{"rendered":"<p><img decoding=\"async\" loading=\"lazy\" class=\"aligncenter  wp-image-23443\" src=\"https:\/\/immortella.eu\/wp-content\/uploads\/2018\/05\/Grazia-Awards-Winner.png\" alt=\"\" width=\"158\" height=\"158\" srcset=\"https:\/\/immortella.eu\/wp-content\/uploads\/2018\/05\/Grazia-Awards-Winner.png 312w, https:\/\/immortella.eu\/wp-content\/uploads\/2018\/05\/Grazia-Awards-Winner-300x300.png 300w, https:\/\/immortella.eu\/wp-content\/uploads\/2018\/05\/Grazia-Awards-Winner-150x150.png 150w, https:\/\/immortella.eu\/wp-content\/uploads\/2018\/05\/Grazia-Awards-Winner-100x100.png 100w\" sizes=\"(max-width: 158px) 100vw, 158px\" \/><\/p>\n<p>&nbsp;<\/p>\n<p><span style=\"font-weight: 400;\">Nicht fettendes nat\u00fcrliche s \u00d6l mit einer leichten Textur f\u00fcr tiefe Feuchtigkeit und zum Schutz der gesunden Hautbarriere. F\u00fcr alle Hauttypen geeignet, sogar f\u00fcr Haut, die kein \u00d6l vertr\u00e4gt.<\/span><\/p>\n<p><span style=\"font-weight: 400;\">Squalan-\u00d6l hilft bei Trockenheit, Elastizit\u00e4tsverlust und beugt Zeichen der Hautalterung vor. Squalan kommt nat\u00fcrlich in der Haut vor, wie Kollagen, aber sein Gehalt nimmt mit zunehmendem Alter ab und es ist w\u00fcnschenswert, es zu ersetzen. Das Resultat ist eine strahlende, vollere und widerstandsf\u00e4higere Haut mit verbesserter Elastizit\u00e4t.<\/span><\/p>\n<p><span style=\"font-weight: 400;\">Dank seiner leichten Struktur zieht es schnell ein und verstopft nicht die Poren. Wir empfehlen Ihnen das \u00d6l als letzten Schritt bei Ihrere Skincare-Routine zu benutzen, den das Squalan-\u00d6l sichert die Feuchtigkeitsversorgung und hilft bei einer besseren Absorption anderer Produkte aus der Skincare-Routine.\u00a0<\/span><\/p>\n<p><span style=\"font-weight: 400;\">Es bietet eine ideale Basis f\u00fcr manuelle Gesichtsmassage, Lymphdrainage, Cupping und Massage mit Hilfe eines Gua-Sha-Steins, Gesichtsrollers oder anderen Massageger\u00e4ten.<\/span><\/p>\n<p><span style=\"font-weight: 400;\">Es eignet sich hervorragend zur Pflege aller Hauttypen, auch fettiger, d\u00fcnner und empfindlicher Haut.<\/span><\/p>\n<p><span style=\"font-weight: 400;\">Es eignet sich auch zur Haar-, K\u00f6rper- und Nagelpflege.\u00a0<\/span><\/p>\n<p>&nbsp;<\/p>\n<p><b>Warum sollten Sie es ausprobieren:<\/b><\/p>\n<ul>\n<li style=\"font-weight: 400;\" aria-level=\"1\"><span style=\"font-weight: 400;\">Es tr\u00e4gt dazu bei, weitere pflegende Wirkstoffe in die tieferen Hautschichten aufzunehmen.<\/span><\/li>\n<li style=\"font-weight: 400;\" aria-level=\"1\"><span style=\"font-weight: 400;\">Es beruhigt, n\u00e4hrt und hydriert die Haut.<\/span><\/li>\n<li style=\"font-weight: 400;\" aria-level=\"1\"><span style=\"font-weight: 400;\">Als letzter Schritt in der Hautpflegeroutine sorgt es f\u00fcr Feuchtigkeitsversorgung.<\/span><\/li>\n<li style=\"font-weight: 400;\" aria-level=\"1\"><span style=\"font-weight: 400;\">Hilft bei der Vorbeugung von Falten, feinen Linien und schlaffer Haut.<\/span><\/li>\n<li style=\"font-weight: 400;\" aria-level=\"1\"><span style=\"font-weight: 400;\">Es ist ein leichtes und nicht fettendes \u00d6l, das die Poren nicht verstopft.<\/span><\/li>\n<li style=\"font-weight: 400;\" aria-level=\"1\"><span style=\"font-weight: 400;\">Es eignet sich auch hervorragend zur Haar-, K\u00f6rper- und Nagelpflege.<\/span><\/li>\n<\/ul>\n<p>&nbsp;<\/p>\n<p><b>Anwendung bei der Gesichtspflege:<\/b><\/p>\n<p><span style=\"font-weight: 400;\">Ein paar Tropfen des Squalan-\u00d6ls sanft in Gesicht, Hals und Dekollet\u00e9 einmassieren. Als letzten Schritt in der Gesichtspflege verwenden.<\/span><\/p>\n<p><span style=\"font-weight: 400;\">F\u00fcr Gesichtsmassage &#8211; ein Paar Tropfen auf gereinigte Haut geben oder im letzten Schritt der Skincare-Routine anwenden, mit der Massage mit sauberen H\u00e4nden, Gesichtsroller oder anderen Ger\u00e4ten weitermachen.<\/span><\/p>\n<p>&nbsp;<\/p>\n<p><b>Anwendung bei der K\u00f6rperpflege:<\/b><\/p>\n<p><span style=\"font-weight: 400;\">F\u00fcr die Pflege des ganzen K\u00f6rpers &#8211; ein Paar Tropfen in die Lotion oder K\u00f6rpercreme f\u00fcr zus\u00e4tzliche Feuchtigkeit und bessere Absorption dazugeben.<\/span><\/p>\n<p><span style=\"font-weight: 400;\">F\u00fcr die Pflege kleinerer Bereiche &#8211; ein Paar Tropfen des reinen Squalan-\u00d6ls auf sehr trockene Bereiche wie H\u00e4nde, Ellbogen, Knie einmassieren.\u00a0<\/span><\/p>\n<p><span style=\"font-weight: 400;\">Zum Baden &#8211; einige Tropfen des \u00d6ls ins Badewasser geben.<\/span><\/p>\n<p>&nbsp;<\/p>\n<p><b>Anwendung bei der Haarpflege:<\/b><\/p>\n<p><span style=\"font-weight: 400;\">F\u00fcr die Pflege der Kopfhaut &#8211; zur Feuchtigkeitsversorgung und Beruhigung der Kopfhaut vor dem Haarwaschen. 30-60 Minuten oder \u00fcber Nacht wirken lassen. Am Morgen dass Haar waschen.\u00a0<\/span><\/p>\n<p><span style=\"font-weight: 400;\">F\u00fcr die Pflege der Haarspitzen und Haarglanz &#8211; einige Tropfen von der Mitte des Haars zu den Haarspitzen auftragen. Auf trockenes oder nasses Haar auftragen.<\/span><\/p>\n<p>&nbsp;<\/p>\n<p><b>Produkttyp:<\/b><\/p>\n<p><span style=\"font-weight: 400;\">Das Produkt besteht aus einer 20-ml-Glasflasche mit einem Pipetten-Applikator zur pr\u00e4zisen Anwendung.<\/span><\/p>\n<p><span style=\"font-weight: 400;\">\u00a0<\/span><\/p>\n<p><b>Inhalt (INCI):<\/b><\/p>\n<p><span style=\"font-weight: 400;\">Squalan-\u00d6l*<\/span><\/p>\n<p><span style=\"font-weight: 400;\">*zertifizierte organische Inhaltsstoffe<\/span><\/p>\n","protected":false},"excerpt":{"rendered":"<p>&nbsp;<\/p>\n<p><span style=\"font-weight: 400;\">Rein und nat\u00fcrlich, 100 % Pflanzensqualan, 20 ml.<\/span><\/p>\n<p><span style=\"font-weight: 400;\">Es pflegt, hydriert die Haut und sorgt f\u00fcr Feuchtigkeitsversorgung.\u00a0<\/span><\/p>\n<p><span style=\"font-weight: 400;\">Nicht komedogenes und nicht fettendes \u00d6l. F\u00fcr alle Hauttypen.<\/span><\/p>\n<p>&nbsp;<\/p>\n","protected":false},"featured_media":23431,"comment_status":"open","ping_status":"closed","template":"","meta":[],"product_cat":[1242,118,370,371,372,373],"product_tag":[398,623],"acf":[],"_links":{"self":[{"href":"https:\/\/immortella.eu\/de\/wp-json\/wp\/v2\/product\/21291"}],"collection":[{"href":"https:\/\/immortella.eu\/de\/wp-json\/wp\/v2\/product"}],"about":[{"href":"https:\/\/immortella.eu\/de\/wp-json\/wp\/v2\/types\/product"}],"replies":[{"embeddable":true,"href":"https:\/\/immortella.eu\/de\/wp-json\/wp\/v2\/comments?post=21291"}],"wp:featuredmedia":[{"embeddable":true,"href":"https:\/\/immortella.eu\/de\/wp-json\/wp\/v2\/media\/23431"}],"wp:attachment":[{"href":"https:\/\/immortella.eu\/de\/wp-json\/wp\/v2\/media?parent=21291"}],"wp:term":[{"taxonomy":"product_cat","embeddable":true,"href":"https:\/\/immortella.eu\/de\/wp-json\/wp\/v2\/product_cat?post=21291"},{"taxonomy":"product_tag","embeddable":true,"href":"https:\/\/immortella.eu\/de\/wp-json\/wp\/v2\/product_tag?post=21291"}],"curies":[{"name":"wp","href":"https:\/\/api.w.org\/{rel}","templated":true}]}}