{"id":23247,"date":"2024-10-09T14:58:22","date_gmt":"2024-10-09T12:58:22","guid":{"rendered":"https:\/\/immortella.eu\/?post_type=product&#038;p=23247"},"modified":"2026-02-17T13:13:05","modified_gmt":"2026-02-17T12:13:05","slug":"pro-balance-duo-set","status":"publish","type":"product","link":"https:\/\/immortella.eu\/de\/p\/pro-balance-duo-set\/","title":{"rendered":"Pro Balance Duo Set"},"content":{"rendered":"<p>Das Pro Balance Duo Set ist eine ideale Kombination f\u00fcr sanfte Reinigung, ebenm\u00e4\u00dfigen Teint, intensive Feuchtigkeitsversorgung und St\u00e4rkung der Hautbarriere.<\/p>\n<p>Formuliert mit einem patentierten Komplex aus Pr\u00e4biotika, Ceramiden und Niacinamid zur St\u00e4rkung und Wiederherstellung der Hautbarriere, Pflanzenextrakten zur Beruhigung und zum Schutz sowie einer hohen Konzentration an Hyalurons\u00e4ure f\u00fcr eine intensive Feuchtigkeitsversorgung.<\/p>\n<p>&nbsp;<\/p>\n<p><b>Pro Balance Repair Cream<\/b><\/p>\n<p>Probiotische Creme mit Ceramiden und Hafer zur Pflege aller Hauttypen mit Schwerpunkt auf empfindlicher Haut. Beruhigt, sch\u00fctzt, stellt das Mikrobiom der Haut wieder her und st\u00e4rkt es. Es gibt der Haut die n\u00f6tige Feuchtigkeit zur\u00fcck, hilft bei der Wiederherstellung der Hautbarriere, hellt den Teint auf und gleicht ihn aus.<\/p>\n<p>Formel mit einem patentierten Komplex aus Pr\u00e4biotika, Probiotika, Postbiotika und Milchs\u00e4ure. F\u00fcr eine intensive Feuchtigkeitsversorgung sind Hyalurons\u00e4ure und NaPca-Humectane verantwortlich. Niacinamid hellt den Teint auf und gleicht ihn aus, w\u00e4hrend Ceramide aus Hafer dabei helfen, die Hautbarriere wiederherzustellen.<\/p>\n<p>Die Creme ist f\u00fcr normale bis trockene, empfindliche und zu Ekzemen neigende Haut bestimmt. Der spezifische Geruch kommt von den in der Formulierung enthaltenen Probiotika.<\/p>\n<p>&nbsp;<\/p>\n<p><strong>Verwendungsmethode:<\/strong><\/p>\n<p>Sanft auf die gereinigte Gesichts- und Halshaut einmassieren. Morgens und abends anwenden.<\/p>\n<p>&nbsp;<\/p>\n<p><b>Pink Oat Mask<\/b><\/p>\n<p>Eine luxuri\u00f6se Gesichtsmaske aus Ton mit Haferzusatz zur Verbesserung des Hauttons und der Hautstruktur. Rosa Tonerde reinigt die Poren und entfernt Unreinheiten und Giftstoffe aus der Haut. Mit einem Komplex aus Probiotika angereicherter Haferextrakt st\u00e4rkt das Mikrobiom der Haut, w\u00e4hrend nat\u00fcrliche AHA-S\u00e4ure die Zellerneuerung anregt. Das Ergebnis ist eine strahlende, gereinigte Haut.<\/p>\n<p>Dank Hyalurons\u00e4ure spendet die Pink Oat Mask tiefenwirksam Feuchtigkeit und hinterl\u00e4sst eine glatte und strahlende Haut. Das Produkt ist f\u00fcr alle Hauttypen geeignet, auch f\u00fcr empfindliche Haut.<\/p>\n<p>&nbsp;<\/p>\n<p><strong>Verwendungsmethode:<\/strong><\/p>\n<p>Tragen Sie die Maske 2-3 mal pro Woche auf die gereinigte Haut auf. 15 Minuten einwirken lassen, dann mit warmem Wasser absp\u00fclen oder vorsichtig mit einem feuchten Handtuch abwischen.<\/p>\n<p>&nbsp;<\/p>\n<p><span style=\"font-weight: 400;\">\u00a0<\/span><\/p>\n<p><b>Zusammensetzung (INCI) Pro Balance Repair Cream:<\/b><\/p>\n<p><span style=\"font-weight: 400;\">Aqua, Cetearyl Alcohol, Cetearyl Glucoside, Squalane*, Oenothera Biennis Oil, Pentylene Glycol, Avena Sativa Kernel Oil, Glycerin, Butyrospermum Parkii Butter, Sodium PCA, Lactobacillus Ferment, Avena Sativa Kernel Extract, Niacinamide, Coco-Caprylate, Tocopherol, Candelilla Cera, Ahnfeltiopsis Concinna Extract, Sodium Hyaluronate, Aloe Barbadensis Leaf Juice, Sodium Phytate, Xanthan Gum, Sodium Stearoyl Glutamate, Sodium Dehydroacetate, Sodium Benzoate, Potassium Sorbate<\/span><\/p>\n<p>*zertifizierte Bio-Zutaten<\/p>\n<p>**Das Produkt enth\u00e4lt keine \u00e4therischen \u00d6le<\/p>\n<p>&nbsp;<\/p>\n<p><b>Zusammensetzung (INCI) Pink Oat Mask:<\/b><\/p>\n<p><span style=\"font-weight: 400;\">Aqua, Clay, Butyrospermum Parkii Butter, Prunus Amygdalus Dulcis Oil, Avena Sativa, Kernel Oil, Aloe Barbadensis Leaf Juice, Cetearyl Alcohol, Glycerin, Cetearyl Glucoside, Lactobacillus Ferment, Avena Sativa Kernel Extract, Sodium Hyaluronate, Tocopherol, Sodium Stearoyl Glutamate, Xanthan Gum, Rosmarinus Officinalis Leaf, Extract, Citric Acid, Sodium Phytate, Helianthus Annuus Seed Oil, Dehydroacetic Acid, Sodium Benzoate, Potassium Sorbate, Benzyl Alcohol, Glycine Soja Oil<\/span><\/p>\n","protected":false},"excerpt":{"rendered":"<p>Das Set f\u00fcr einen ebenm\u00e4\u00dfigen Teint und ein gepflegtes Gesicht enth\u00e4lt:<\/p>\n<p>Pro Balance Repair Cream, 50 ml<\/p>\n<p>Pink Oat Mask, 50 ml<\/p>\n","protected":false},"featured_media":23242,"comment_status":"open","ping_status":"closed","template":"","meta":[],"product_cat":[1160,118,370,371,372,373],"product_tag":[374,375,376,377,378,379,380,381,382],"acf":[],"_links":{"self":[{"href":"https:\/\/immortella.eu\/de\/wp-json\/wp\/v2\/product\/23247"}],"collection":[{"href":"https:\/\/immortella.eu\/de\/wp-json\/wp\/v2\/product"}],"about":[{"href":"https:\/\/immortella.eu\/de\/wp-json\/wp\/v2\/types\/product"}],"replies":[{"embeddable":true,"href":"https:\/\/immortella.eu\/de\/wp-json\/wp\/v2\/comments?post=23247"}],"wp:featuredmedia":[{"embeddable":true,"href":"https:\/\/immortella.eu\/de\/wp-json\/wp\/v2\/media\/23242"}],"wp:attachment":[{"href":"https:\/\/immortella.eu\/de\/wp-json\/wp\/v2\/media?parent=23247"}],"wp:term":[{"taxonomy":"product_cat","embeddable":true,"href":"https:\/\/immortella.eu\/de\/wp-json\/wp\/v2\/product_cat?post=23247"},{"taxonomy":"product_tag","embeddable":true,"href":"https:\/\/immortella.eu\/de\/wp-json\/wp\/v2\/product_tag?post=23247"}],"curies":[{"name":"wp","href":"https:\/\/api.w.org\/{rel}","templated":true}]}}