{"id":23280,"date":"2024-11-12T22:10:38","date_gmt":"2024-11-12T21:10:38","guid":{"rendered":"https:\/\/immortella.eu\/?post_type=product&#038;p=23280"},"modified":"2024-12-18T00:01:29","modified_gmt":"2024-12-17T23:01:29","slug":"bioretin-oil-serum","status":"publish","type":"product","link":"https:\/\/immortella.eu\/de\/p\/bioretin-oil-serum\/","title":{"rendered":"Bioretin-oil Serum"},"content":{"rendered":"<p>&nbsp;<\/p>\n<p>Regenerierendes und gl\u00e4ttendes \u00d6lserum mit Bio-Retinol. Es wirkt aktiv gegen Falten und feine Linien, verbessert die Hautstruktur, beruhigt, reguliert die Talgsekretion, gleicht den Teint aus und hellt ihn auf. Bei t\u00e4glicher Anwendung beugt es der Lichtalterung der Haut vor und reduziert Pigmentver\u00e4nderungen.<\/p>\n<p>Ohne unerw\u00fcnschte Reizungen und Nebenwirkungen von Retinol. Die vielseitige Formel mit Bio-Retinol (3 %), Ceramiden und Antioxidantien beruhigt, sch\u00fctzt und wirkt effektiv ohne R\u00f6tungen und Brennen der Haut. Das Bioretin-\u00d6l-Serum kann problemlos im Alltag verwendet werden, da es im Gegensatz zu klassischen Retinolen keine Sonnenempfindlichkeit hervorruft.<\/p>\n<p>F\u00fcr alle Hauttypen mit Schwerpunkt auf Problemhaut, Haut mit Strukturver\u00e4nderungen und reifer Haut. Dank seiner sanften Formel eignet es sich f\u00fcr zu Akne neigende Problemhaut und Retinol-empfindliche Haut.<\/p>\n<p>&nbsp;<\/p>\n<p><strong>Hauptzutaten:<\/strong><\/p>\n<ul>\n<li style=\"font-weight: 400;\" aria-level=\"1\">Bio-Retinol: ein nat\u00fcrlicher und stabiler Ersatz f\u00fcr Retinol, gewonnen aus dem Extrakt der Pflanze Bidens Pilosa. Es wirkt gegen die Zeichen des Alterns (ohne unerw\u00fcnschte Nebenwirkungen).<\/li>\n<li style=\"font-weight: 400;\" aria-level=\"1\">Squalan: ein nicht fettendes \u00d6l, das die Hautbarriere intensiv mit Feuchtigkeit versorgt, n\u00e4hrt und sch\u00fctzt. Es hilft den Wirkstoffen, tiefer in die Haut einzudringen.<\/li>\n<li style=\"font-weight: 400;\" aria-level=\"1\">Granatapfelextrakt: reich an Antioxidantien und Punicins\u00e4ure, die entz\u00fcndungshemmend und regenerierend wirkt.<\/li>\n<li style=\"font-weight: 400;\" aria-level=\"1\">Ceramide aus Hafer \u2013 Lipide, die dabei helfen, die Feuchtigkeit in der Haut zu speichern, die Hautbarriere wiederherzustellen und zu sch\u00fctzen.<\/li>\n<\/ul>\n<p>&nbsp;<\/p>\n<p><strong>Verwendungsmethode:<\/strong><\/p>\n<p>Sanft auf die gereinigte Gesichts- und Halshaut einmassieren. Morgens und abends als letzten Schritt der Pflegeroutine anwenden.<\/p>\n<p>&nbsp;<\/p>\n<p><strong>Verpackung:<\/strong><\/p>\n<p>Das Produkt befindet sich in einer 30-ml-Glasflasche mit Pipette zur pr\u00e4zisen Dosierung.<\/p>\n<p>&nbsp;<\/p>\n<p><b>Zusammensetzung (INCI):<\/b><\/p>\n<p><span style=\"font-weight: 400;\">Squalane, Avena Sativa Kernel Oil, Rosa Moschata Seed Oil, Coco-caprylate, Punica Granatum Seed Extract, Astrocaryum Murumuru Seed Butter, Gossypium Herbaceum Seed Oil, Bidens Pilosa Extract, Tocopherol, Linum Usitatissimum Seed Oil, Glycine Soja Oil, Rosmarinus Officinalis Leaf Extract<\/span><\/p>\n","protected":false},"excerpt":{"rendered":"<p>Erneuerndes Serum mit nat\u00fcrlichem Retinol, 30 ml.<\/p>\n<p>Es verbessert die Textur, gl\u00e4ttet und wirkt der Hautalterung entgegen.<\/p>\n<p>Gleicht den Teint aus, sch\u00fctzt die Haut, st\u00e4rkt die Hautbarriere.<\/p>\n<p>Nicht komedogenes und nicht fettendes \u00d6lserum.<\/p>\n<p>F\u00fcr alle Hauttypen, auch f\u00fcr problematische\/zu Akne neigende Haut.<\/p>\n","protected":false},"featured_media":25072,"comment_status":"open","ping_status":"closed","template":"","meta":[],"product_cat":[118,370,371,372,373],"product_tag":[377,378,381,382,391,392,393,394,395,396,397,398],"acf":[],"_links":{"self":[{"href":"https:\/\/immortella.eu\/de\/wp-json\/wp\/v2\/product\/23280"}],"collection":[{"href":"https:\/\/immortella.eu\/de\/wp-json\/wp\/v2\/product"}],"about":[{"href":"https:\/\/immortella.eu\/de\/wp-json\/wp\/v2\/types\/product"}],"replies":[{"embeddable":true,"href":"https:\/\/immortella.eu\/de\/wp-json\/wp\/v2\/comments?post=23280"}],"wp:featuredmedia":[{"embeddable":true,"href":"https:\/\/immortella.eu\/de\/wp-json\/wp\/v2\/media\/25072"}],"wp:attachment":[{"href":"https:\/\/immortella.eu\/de\/wp-json\/wp\/v2\/media?parent=23280"}],"wp:term":[{"taxonomy":"product_cat","embeddable":true,"href":"https:\/\/immortella.eu\/de\/wp-json\/wp\/v2\/product_cat?post=23280"},{"taxonomy":"product_tag","embeddable":true,"href":"https:\/\/immortella.eu\/de\/wp-json\/wp\/v2\/product_tag?post=23280"}],"curies":[{"name":"wp","href":"https:\/\/api.w.org\/{rel}","templated":true}]}}