{"id":25106,"date":"2025-07-28T19:13:13","date_gmt":"2025-07-28T17:13:13","guid":{"rendered":"https:\/\/immortella.eu\/?post_type=product&#038;p=25106"},"modified":"2025-07-28T19:13:13","modified_gmt":"2025-07-28T17:13:13","slug":"hydra-light-cream","status":"publish","type":"product","link":"https:\/\/immortella.eu\/de\/p\/hydra-light-cream\/","title":{"rendered":"Hydra Light Cream"},"content":{"rendered":"<p>Eine leichte, aber wirkungsstarke Feuchtigkeitscreme mit vier nat\u00fcrlichen Feuchtigkeitsspendern, Bioretinol, Squalan und Vitamin E.<\/p>\n<p>Dank der kraftvollen Kombination aktiver Inhaltsstoffe bleibt die Haut den ganzen Tag intensiv mit Feuchtigkeit versorgt \u2013 mit sichtbar verfeinerter Textur und einem gesunden, nat\u00fcrlichen Glanz. Und das ganz ohne ein schweres Hautgef\u00fchl. Diese universelle Gesichtscreme eignet sich f\u00fcr alle Hauttypen \u2013 egal ob bei Unreinheiten, Trockenheit oder fahlem Teint.<\/p>\n<p>Hydra Light Cream bietet eine neue Dimension der Hautpflege mit nat\u00fcrlichen und hochwertigen Inhaltsstoffen \u2013 f\u00fcr Balance, Geschmeidigkeit und Frische, die Ihre Haut verdient.<\/p>\n<p>Geeignet f\u00fcr alle Hauttypen \u2013 einschlie\u00dflich problematischer, empfindlicher und zu Akne neigender Haut.<\/p>\n<p>Dermatologisch getestet. Sicher f\u00fcr Schwangere und stillende M\u00fctter.<\/p>\n<p><strong>Hauptinhaltsstoffe:<\/strong><\/p>\n<p>4 nat\u00fcrliche Feuchtigkeitsspender: NaPCA, Glycerin, Aloe Vera und Hyalurons\u00e4ure \u2013 spenden intensiv Feuchtigkeit und stellen die Geschmeidigkeit der Haut wieder her.<br \/>\nBioretinol: Eine nat\u00fcrliche, stabile Alternative zu Retinol \u2013 ohne unerw\u00fcnschte Nebenwirkungen. Behandelt Zeichen der Hautalterung.<br \/>\nSqualan: Ein leichtes, nicht fettendes \u00d6l, das tiefenwirksam pflegt, die Hautbarriere sch\u00fctzt und das Eindringen aktiver Wirkstoffe unterst\u00fctzt.<br \/>\nVitamin E: Liefert antioxidativen Schutz und n\u00e4hrt die Haut intensiv.<\/p>\n<p><strong>Anwendung:<\/strong><br \/>\nSanft auf die gereinigte Haut von Gesicht und Hals auftragen. Morgens und abends anwenden.<\/p>\n<p><strong>Verpackung:<\/strong><br \/>\nDie Creme befindet sich in einem eleganten, luftdichten 50-ml-Airless-Spender f\u00fcr pr\u00e4zises Auftragen und langanhaltende Frische \u2013 ohne Luftkontakt und ohne Kontaminationsrisiko.<\/p>\n<p><strong>Inhaltsstoffe (INCI):<\/strong><br \/>\nAqua, Simmondsia Chinensis Seed Oil*, Squalane, Aloe Barbadensis Leaf Juice, Glycerin, Cetearyl Olivate, Sorbitan Olivate, Sodium PCA, Butyrospermum Parkii Butter*, Sodium Hyaluronate, Astrocaryum Murumuru Seed Butter, Bidens Pilosa Extract, Gossypium Herbaceum Seed Oil, Linum Usitatissimum Seed Oil, Tocopherol, Benzyl Alcohol, Cetearyl Alcohol, Cetearyl Glucoside, Dehydroacetic Acid, Xanthan Gum, Sodium Phytate, Citric Acid<\/p>\n<p>*Zertifizierte organische Inhaltsstoffe<\/p>\n","protected":false},"excerpt":{"rendered":"<p>Leichte feuchtigkeitsspendende Gesichtscreme, 50 ml<\/p>\n<p>Luftige Textur, intensive Feuchtigkeit und Regeneration.<\/p>\n<p>F\u00fcr alle Hauttypen geeignet \u2013 einschlie\u00dflich problematischer, empfindlicher und zu Akne neigender Haut.<\/p>\n<p>Mit 4 nat\u00fcrlichen Feuchtigkeitsspendern, Bioretinol, Squalan und Vitamin E.<\/p>\n","protected":false},"featured_media":25121,"comment_status":"open","ping_status":"closed","template":"","meta":[],"product_cat":[1242,118,370,371,372,373],"product_tag":[377,378,382,391,998,999,1000,1001],"acf":[],"_links":{"self":[{"href":"https:\/\/immortella.eu\/de\/wp-json\/wp\/v2\/product\/25106"}],"collection":[{"href":"https:\/\/immortella.eu\/de\/wp-json\/wp\/v2\/product"}],"about":[{"href":"https:\/\/immortella.eu\/de\/wp-json\/wp\/v2\/types\/product"}],"replies":[{"embeddable":true,"href":"https:\/\/immortella.eu\/de\/wp-json\/wp\/v2\/comments?post=25106"}],"wp:featuredmedia":[{"embeddable":true,"href":"https:\/\/immortella.eu\/de\/wp-json\/wp\/v2\/media\/25121"}],"wp:attachment":[{"href":"https:\/\/immortella.eu\/de\/wp-json\/wp\/v2\/media?parent=25106"}],"wp:term":[{"taxonomy":"product_cat","embeddable":true,"href":"https:\/\/immortella.eu\/de\/wp-json\/wp\/v2\/product_cat?post=25106"},{"taxonomy":"product_tag","embeddable":true,"href":"https:\/\/immortella.eu\/de\/wp-json\/wp\/v2\/product_tag?post=25106"}],"curies":[{"name":"wp","href":"https:\/\/api.w.org\/{rel}","templated":true}]}}