{"id":26752,"date":"2026-04-14T12:17:17","date_gmt":"2026-04-14T10:17:17","guid":{"rendered":"https:\/\/immortella.eu\/?post_type=product&#038;p=26752"},"modified":"2026-04-14T12:17:18","modified_gmt":"2026-04-14T10:17:18","slug":"lip-eye-anti-age-treatment","status":"publish","type":"product","link":"https:\/\/immortella.eu\/de\/p\/lip-eye-anti-age-treatment\/","title":{"rendered":"Lip &#038; Eye Anti-Age Treatment"},"content":{"rendered":"<p>Lip &amp; Eye Treatment ist ein multifunktionaler Balsam f\u00fcr die Lippen und Augenpartie, der die Haut intensiv mit Feuchtigkeit versorgt, pflegt und sch\u00fctzt. Die Formel mit Hyalurons\u00e4ure, Vitamin E, Bioretinol und Ceramiden aus Hafer hilft, die Hautbarriere zu st\u00e4rken, feine Linien zu reduzieren und die Hautelastizit\u00e4t wiederherzustellen.<\/p>\n<p>Die Haut der Lippen und der Augenpartie geh\u00f6rt zu den d\u00fcnnsten und empfindlichsten im Gesicht.<\/p>\n<p>Deshalb ben\u00f6tigt sie eine besondere Pflege, die gleichzeitig:<\/p>\n<ul>\n<li>Feuchtigkeit spendet<\/li>\n<li>die Hautbarriere sch\u00fctzt<\/li>\n<li>die Zeichen der Hautalterung mildert<\/li>\n<li>die Elastizit\u00e4t wiederherstellt<\/li>\n<\/ul>\n<p>Dieser praktische Balsam ist ideal f\u00fcr die t\u00e4gliche Pflege, da er die empfindlichsten Bereiche \u2013 Lippen, Lippenkontur und Augenpartie \u2013 gleichzeitig pflegt. N\u00e4hrende \u00d6le n\u00e4hren die Haut, w\u00e4hrend aktive Inhaltsstoffe f\u00fcr langanhaltende Feuchtigkeit und Anti-Aging-Wirkung sorgen.<\/p>\n<p>Die Lippen und Augenpflege ist die perfekte Wahl f\u00fcr alle, die sich eine einfache, aber effektive Hautpflege w\u00fcnschen.<\/p>\n<p>Dermatologisch getestet. Sicher f\u00fcr Schwangere und Stillende.<\/p>\n<p>&nbsp;<\/p>\n<p><strong>Hauptinhaltsstoffe:<\/strong><\/p>\n<p>Bio-Retinol: Ein nat\u00fcrlicher und stabiler Retinolersatz aus Bidens Pilosa-Pflanzenextrakt. Wirkt gegen Zeichen der Hautalterung (ohne unerw\u00fcnschte Nebenwirkungen).<\/p>\n<p>Hyalurons\u00e4ure: Bindet intensiv Feuchtigkeit und spendet tiefenwirksame Hydratisierung.<\/p>\n<p>Vitamin E: Ein starkes Antioxidans, das die Haut vor oxidativem Stress sch\u00fctzt.<\/p>\n<p>Hafer-Ceramide: Lipide, die helfen, die Feuchtigkeit in der Haut zu bewahren, die Hautbarriere zu regenerieren und zu sch\u00fctzen.<\/p>\n<p>Nat\u00fcrliche, pflegende \u00d6le: N\u00e4hren, machen die Haut weich und sch\u00fctzen empfindliche Haut.<\/p>\n<p>&nbsp;<\/p>\n<p><strong>Anwendung:<\/strong><\/p>\n<p>Tragen Sie eine kleine Menge Balsam auf folgende Bereiche auf:<\/p>\n<ul>\n<li>Lippen und die Partie oberhalb der Lippen (F\u00e4ltchen)<\/li>\n<li>Augenpartie<\/li>\n<\/ul>\n<p>Morgens, abends oder nach Bedarf tags\u00fcber anwenden. Kann allein oder als Teil Ihrer t\u00e4glichen Hautpflege verwendet werden.<\/p>\n<p>&nbsp;<\/p>\n<p><strong>Verpackung:<\/strong><\/p>\n<p>Das Produkt ist in einem 5-ml-Schraubverschlussstift erh\u00e4ltlich.<\/p>\n<p>&nbsp;<\/p>\n<p><strong>Zusammensetzung (INCI):<\/strong><\/p>\n<p>Mangifera Indica Samenbutter, Kokosnuss\u00f6l*, Euphorbia Cerifera Wachs, Rizinus\u00f6l, Prunus Armeniaca Kernel \u00d6l*, Rosa Moschata Samen\u00f6l*, Squalan, Argania Spinosa Kernel \u00d6l*, Avena Sativa Kernel \u00d6l, Astrocaryum Murumuru Samenbutter, Tocopherol, Gossypium Herbaceum Samen\u00f6l, Bidens Pilosa Extrakt, Copernicia Cerifera Wachs, Linum Usitatissimum Samen\u00f6l, Glycine Soja \u00d6l, Sorbitan Olivate, Natriumhyaluronat, Caprons\u00e4ure<\/p>\n<p>*Zertifizierte Bio-Inhaltsstoffe<\/p>\n","protected":false},"excerpt":{"rendered":"<p>Multifunktionaler Balsam, 5 ml.<\/p>\n<p>F\u00fcr Lippen und Augenpartie.<\/p>\n<p>Intensive Pflege f\u00fcr besonders empfindliche Hautpartien.<\/p>\n<p>Spendet Feuchtigkeit, sch\u00fctzt die Hautbarriere und verbessert die Elastizit\u00e4t.<\/p>\n<p>Mit Hyalurons\u00e4ure, Bioretinol, Vitamin E und Hafer-Ceramiden.<\/p>\n<p>Dermatologisch getestet.<\/p>\n","protected":false},"featured_media":26612,"comment_status":"open","ping_status":"closed","template":"","meta":[],"product_cat":[1154,1242,118,370,371,372,373],"product_tag":[391,1180,1231,1232,1233,1239],"acf":[],"_links":{"self":[{"href":"https:\/\/immortella.eu\/de\/wp-json\/wp\/v2\/product\/26752"}],"collection":[{"href":"https:\/\/immortella.eu\/de\/wp-json\/wp\/v2\/product"}],"about":[{"href":"https:\/\/immortella.eu\/de\/wp-json\/wp\/v2\/types\/product"}],"replies":[{"embeddable":true,"href":"https:\/\/immortella.eu\/de\/wp-json\/wp\/v2\/comments?post=26752"}],"wp:featuredmedia":[{"embeddable":true,"href":"https:\/\/immortella.eu\/de\/wp-json\/wp\/v2\/media\/26612"}],"wp:attachment":[{"href":"https:\/\/immortella.eu\/de\/wp-json\/wp\/v2\/media?parent=26752"}],"wp:term":[{"taxonomy":"product_cat","embeddable":true,"href":"https:\/\/immortella.eu\/de\/wp-json\/wp\/v2\/product_cat?post=26752"},{"taxonomy":"product_tag","embeddable":true,"href":"https:\/\/immortella.eu\/de\/wp-json\/wp\/v2\/product_tag?post=26752"}],"curies":[{"name":"wp","href":"https:\/\/api.w.org\/{rel}","templated":true}]}}