{"id":26753,"date":"2026-04-14T12:22:14","date_gmt":"2026-04-14T10:22:14","guid":{"rendered":"https:\/\/immortella.eu\/?post_type=product&#038;p=26753"},"modified":"2026-04-14T12:22:15","modified_gmt":"2026-04-14T10:22:15","slug":"sensitive-skin-routine","status":"publish","type":"product","link":"https:\/\/immortella.eu\/de\/p\/sensitive-skin-routine\/","title":{"rendered":"Sensitive Skin Routine"},"content":{"rendered":"<p>Das Pflegeset f\u00fcr empfindliche Haut bietet eine komplette Gesichtspflegeroutine. Es enth\u00e4lt alle Produkte f\u00fcr die Morgen- und Abendpflege. Wir empfehlen, die Pink Oat Mask 1-2 Mal pro Woche anzuwenden, um optimale Ergebnisse zu erzielen, oder so oft wie Ihre Haut es vertr\u00e4gt.<\/p>\n<p>&nbsp;<\/p>\n<p><strong>Pro Balance Mist<\/strong><\/p>\n<p>Das feuchtigkeitsspendende Spray mit Probiotika gleicht den Hautton aus und bereitet die Haut optimal auf die weiteren Pflegeprodukte vor. Schon nach der ersten Anwendung f\u00fchlt sich die Haut hydratisiert und erfrischt an.<\/p>\n<p>Die patentierte Formel mit Probiotika, Pr\u00e4biotika, Postbiotika und Milchs\u00e4ure beruhigt und regeneriert die Haut. Dank Niacinamid (5 %) und Hyalurons\u00e4ure (1 %) reguliert es die Talgproduktion, sorgt f\u00fcr einen ebenm\u00e4\u00dfigen Teint und spendet Feuchtigkeit.<\/p>\n<p>F\u00fcr alle Hauttypen geeignet, speziell f\u00fcr empfindliche Haut entwickelt.<\/p>\n<p><strong>Anwendung:<\/strong><\/p>\n<p>Auf das gereinigte Gesicht und den Hals spr\u00fchen. Nach der Gesichtsreinigung als ersten Schritt der Hautpflege verwenden. Kann tags\u00fcber auch \u00fcber dem Make-up aufgetragen werden, um die Haut zu erfrischen.<\/p>\n<p>&nbsp;<\/p>\n<p><strong>Pro Balance Radiance Serum<\/strong><\/p>\n<p>Feuchtigkeitsspendendes Serum mit Probiotika f\u00fcr eine st\u00e4rkere und strahlendere Haut. Verbessert die Hautelastizit\u00e4t, spendet Feuchtigkeit, regeneriert, hellt den Teint auf und sorgt f\u00fcr einen ebenm\u00e4\u00dfigen Hautton. Nicht komedogen und leicht. F\u00fcr alle Hauttypen geeignet, insbesondere f\u00fcr empfindliche Haut.<\/p>\n<p>Formel mit patentiertem Probiotika-Komplex und Milchs\u00e4ure. Beruhigt und sch\u00fctzt die Haut, regt die Hauterneuerung an und st\u00e4rkt das Hautmikrobiom.<\/p>\n<p>Dank der hohen Konzentrationen an Hyalurons\u00e4ure (1 %) und Niacinamid (5 %) spendet es intensive Feuchtigkeit und sorgt f\u00fcr einen ebenm\u00e4\u00dfigen Teint. Algenextrakt stimuliert die Kollagensynthese, verbessert die Elastizit\u00e4t, regeneriert und strafft die Haut.<\/p>\n<p><strong>Anwendung:<\/strong><\/p>\n<p>Einige Tropfen auf die gereinigte Haut von Gesicht und Hals einmassieren. F\u00fcr optimale Ergebnisse empfehlen wir, das Serum nach dem Gesichtswasser und vor der Gesichtscreme aufzutragen.<\/p>\n<p>&nbsp;<\/p>\n<p><strong>Pro Balance Repair Creme<\/strong><\/p>\n<p>Probiotische Creme mit Ceramiden und Hafer f\u00fcr alle Hauttypen, insbesondere f\u00fcr empfindliche Haut. Beruhigt, sch\u00fctzt, regeneriert und st\u00e4rkt das Hautmikrobiom. Spendet der Haut Feuchtigkeit, st\u00e4rkt die Hautbarriere und sorgt f\u00fcr einen strahlenden, ebenm\u00e4\u00dfigen Teint.<\/p>\n<p>Die Formel enth\u00e4lt einen patentierten Komplex aus Pr\u00e4biotika, Probiotika, Postbiotika und Milchs\u00e4ure. Hyalurons\u00e4ure und der Feuchtigkeitsspender NaPca spenden intensive Feuchtigkeit. Niacinamid hellt den Teint auf und sorgt f\u00fcr einen ebenm\u00e4\u00dfigen Teint, w\u00e4hrend Hafer-Ceramide die Hautbarriere st\u00e4rken.<\/p>\n<p>Die Creme ist f\u00fcr normale bis trockene, empfindliche und zu Ekzemen neigende Haut geeignet. Der besondere Duft stammt von den enthaltenen Probiotika.<\/p>\n<p><strong>Anwendung:<\/strong><\/p>\n<p>Sanft in die gereinigte Haut von Gesicht und Hals einmassieren. Morgens und abends anwenden.<\/p>\n<p>&nbsp;<\/p>\n<p><b>Brightening Eye Cream<\/b><\/p>\n<p>Eine seidig-pflegende Augencreme mit Bio-Retinol. Gl\u00e4ttet, hellt auf und spendet Feuchtigkeit f\u00fcr die empfindliche Augenpartie \u2013 ganz ohne die unerw\u00fcnschten Nebenwirkungen von Retinol.<\/p>\n<p>Die innovative Formel mit nat\u00fcrlichem Retinol mildert Schwellungen, Augenringe, feine Linien und F\u00e4ltchen, Trockenheit und Elastizit\u00e4tsverlust. Das Ergebnis: ein jugendlicher, erholter und frischer Teint.<\/p>\n<p>F\u00fcr alle Hauttypen geeignet, auch f\u00fcr empfindliche Haut. Dermatologisch getestet. Sicher f\u00fcr Schwangere und Stillende.<\/p>\n<p><strong>Anwendung:<\/strong><\/p>\n<p>Sanft mit leichten Klopfbewegungen in die Augenpartie einmassieren. Morgens und abends anwenden. Ideal als Make-up-Grundlage.<\/p>\n<p>&nbsp;<\/p>\n<p><strong><b>Bioretin-oil Serum<\/b><\/strong><\/p>\n<p>Regenerierendes und gl\u00e4ttendes \u00d6l-Serum mit Bio-Retinol. Wirkt aktiv gegen Falten und feine Linien, verbessert die Hautstruktur, beruhigt, reguliert die Talgproduktion, sorgt f\u00fcr einen ebenm\u00e4\u00dfigen und strahlenden Teint. Bei t\u00e4glicher Anwendung beugt es lichtbedingter Hautalterung vor und reduziert Pigmentflecken.<\/p>\n<p>Ohne die unerw\u00fcnschten Irritationen und Nebenwirkungen von Retinol. Die vielseitige Formel mit Bio-Retinol (3 %), Ceramiden und Antioxidantien beruhigt, sch\u00fctzt und wirkt effektiv, ohne R\u00f6tungen oder Brennen zu verursachen. Das Bioretin-\u00d6l-Serum ist sicher f\u00fcr die t\u00e4gliche Anwendung, da es im Gegensatz zu klassischen Retinolen keine Lichtempfindlichkeit hervorruft.<\/p>\n<p>F\u00fcr alle Hauttypen geeignet, insbesondere f\u00fcr problematische, unebene und reife Haut. Dank seiner sanften Formel ist es auch f\u00fcr unreine, zu Akne neigende Haut und Haut mit Retinolempfindlichkeit geeignet.<\/p>\n<p><strong>Anwendung:<\/strong><\/p>\n<p>Sanft auf das gereinigte Gesicht und den Hals einmassieren. Morgens und abends als letzten Schritt Ihrer Hautpflege verwenden.<\/p>\n<p>&nbsp;<\/p>\n<p><b>Pink Oat Mask<\/b><\/p>\n<p>Eine luxuri\u00f6se Gesichtsmaske mit Tonerde und Hafer, die den Hautton und die Hautstruktur verbessert. Rosa Tonerde reinigt die Poren und entfernt Unreinheiten und Giftstoffe. Haferextrakt, angereichert mit einem probiotischen Komplex, st\u00e4rkt das Hautmikrobiom, w\u00e4hrend nat\u00fcrliche AHA-S\u00e4ure die Zellerneuerung anregt. Das Ergebnis ist eine strahlend reine Haut.<\/p>\n<p>Dank Hyalurons\u00e4ure spendet die Pink Oat Mask intensive Feuchtigkeit und macht die Haut glatt und strahlend. Das Produkt ist f\u00fcr alle Hauttypen geeignet, auch f\u00fcr empfindliche Haut.<\/p>\n<p><strong>Anwendung:<\/strong><\/p>\n<p>Tragen Sie die Maske 2-3 Mal pro Woche auf die gereinigte Haut auf. 15 Minuten einwirken lassen, anschlie\u00dfend mit warmem Wasser absp\u00fclen oder sanft mit einem feuchten Tuch abwischen.<\/p>\n<p>&nbsp;<\/p>\n<p><strong>Zusammensetzung (INCI) Pro Balance Mist:<\/strong><\/p>\n<p>Aqua, Niacinamid, Pentylenglykol, Glycerin, Natrium-PCA, Lactobacillus-Ferment, Avena Sativa-Kernextrakt, Natriumhyaluronat, Natriumbenzoat, Kaliumsorbat<\/p>\n<p>**Das Produkt enth\u00e4lt keine \u00e4therischen \u00d6le.<\/p>\n<p><strong>Zusammensetzung (INCI) Pro Balance Radiance Serum:<\/strong><\/p>\n<p>Aqua, Glycerin, Aloe Barbadensis-Blattsaft, Niacinamid, Pentylenglykol, Natrium-PCA, Natriumhyaluronat, Aloe-vera-Extrakt, Xanthan, Lactobacillus-Ferment, Avena Sativa-Kernextrakt, Natriumbenzoat, Kaliumsorbat, Natriumdehydroacetat<\/p>\n<p>**Das Produkt enth\u00e4lt keine \u00e4therischen \u00d6le.<\/p>\n<p><strong>Zusammensetzung (INCI) Pro Balance Repair Cream:<\/strong><\/p>\n<p>Aqua, Cetearylalkohol, Cetearylglucosid, Squalan*, Nachtkerzen\u00f6l, Pentylenglykol Glykol, Haferkern\u00f6l, Glycerin, Sheabutter, Natrium-PCA, Lactobacillus-Ferment, Haferkernextrakt, Niacinamid, Coco-Caprylat, Tocopherol, Candelillawachs, Ahornblattextrakt, Natriumhyaluronat, Aloe-vera-Blattsaft, Natriumphytat, Xanthangummi, Natriumstearoylglutamat, Natriumdehydroacetat, Natriumbenzoat, Kaliumsorbat<\/p>\n<p>*Zertifizierte Bio-Inhaltsstoffe<\/p>\n<p>**Das Produkt enth\u00e4lt keine \u00e4therischen \u00d6le<\/p>\n<p><strong>Zusammensetzung (INCI) Aufhellende Augencreme:<\/strong><\/p>\n<p>Squalan, Niacinamid, Cetearylalkohol, Cetearylglucosid, Nachtkerzen\u00f6l, Coco-Caprylat, Hagebutten\u00f6l, Jojoba\u00f6l, Glycerin, Zweizahnextrakt, Murumuru-Butter, Gossypium Herbaceum-Samen\u00f6l, Leinsamen\u00f6l, Candelillawachs, Italienisches Strohblumen\u00f6l, Zitronens\u00e4ure, Xanthangummi, Tocopherol, Natriumstearoylglutamat, Natriumphytat, Benzylalkohol, Dehydroessigs\u00e4ure<\/p>\n<p><strong>Zusammensetzung (INCI) Bioretin-\u00d6l-Serum:<\/strong><\/p>\n<p>Squalan, Haferkern\u00f6l, Moschusrosen\u00f6l, Coco-Caprylat, Granatapfelkernextrakt, Murumuru-Butter, Gossypium-Herbaceum-Samen\u00f6l, Bidens-Pilosa-Extrakt, Tocopherol, Leinsamen\u00f6l, Soja\u00f6l, Rosmarinblattextrakt<\/p>\n<p><strong>Zusammensetzung (INCI) der Rosa-Hafer-Maske:<\/strong><\/p>\n<p>Wasser, Tonerde, Sheabutter, Mandel\u00f6l, Haferkern\u00f6l, Aloe-vera-Blattsaft, Cetearylalkohol Glycerin, Cetearylglucosid, Lactobacillus-Ferment, Haferkernextrakt, Natriumhyaluronat, Tocopherol, Natriumstearoylglutamat, Xanthan, Rosmarinblattextrakt, Zitronens\u00e4ure, Natriumphytat, Sonnenblumen\u00f6l, Dehydroessigs\u00e4ure, Natriumbenzoat, Kaliumsorbat, Benzylalkohol, Soja\u00f6l<\/p>\n","protected":false},"excerpt":{"rendered":"<p>Das Set f\u00fcr empfindliche Haut enth\u00e4lt:<\/p>\n<p>&nbsp;<\/p>\n<p>Pro Balance Mist, 100 ml<\/p>\n<p>Pro Balance Radiance Serum,\u00a030 ml<\/p>\n<p>Pro Balance Repair Cream, 50 ml<\/p>\n<p>Brightening Eye Cream, 15 ml<\/p>\n<p>Bioretin-oil Serum, 30 ml<\/p>\n<p>Pink Oat Mask, 50ml<\/p>\n","protected":false},"featured_media":26405,"comment_status":"open","ping_status":"closed","template":"","meta":[],"product_cat":[1160,118,372],"product_tag":[1001],"acf":[],"_links":{"self":[{"href":"https:\/\/immortella.eu\/de\/wp-json\/wp\/v2\/product\/26753"}],"collection":[{"href":"https:\/\/immortella.eu\/de\/wp-json\/wp\/v2\/product"}],"about":[{"href":"https:\/\/immortella.eu\/de\/wp-json\/wp\/v2\/types\/product"}],"replies":[{"embeddable":true,"href":"https:\/\/immortella.eu\/de\/wp-json\/wp\/v2\/comments?post=26753"}],"wp:featuredmedia":[{"embeddable":true,"href":"https:\/\/immortella.eu\/de\/wp-json\/wp\/v2\/media\/26405"}],"wp:attachment":[{"href":"https:\/\/immortella.eu\/de\/wp-json\/wp\/v2\/media?parent=26753"}],"wp:term":[{"taxonomy":"product_cat","embeddable":true,"href":"https:\/\/immortella.eu\/de\/wp-json\/wp\/v2\/product_cat?post=26753"},{"taxonomy":"product_tag","embeddable":true,"href":"https:\/\/immortella.eu\/de\/wp-json\/wp\/v2\/product_tag?post=26753"}],"curies":[{"name":"wp","href":"https:\/\/api.w.org\/{rel}","templated":true}]}}