{"id":26758,"date":"2026-01-29T16:18:31","date_gmt":"2026-01-29T15:18:31","guid":{"rendered":"https:\/\/immortella.eu\/p\/dry-skin-routine\/"},"modified":"2026-04-14T12:39:56","modified_gmt":"2026-04-14T10:39:56","slug":"dry-skin-routine","status":"publish","type":"product","link":"https:\/\/immortella.eu\/de\/p\/dry-skin-routine\/","title":{"rendered":"Dry Skin Routine"},"content":{"rendered":"<p>Das Pflegeset f\u00fcr trockene Haut bietet eine komplette Gesichtspflegeroutine f\u00fcr trockene Haut. Es enth\u00e4lt alle Produkte f\u00fcr die Morgen- und Abendroutine. F\u00fcr optimale Ergebnisse empfehlen wir die Anwendung des Tonerde-Peelings und der Maske 1-2 Mal pro Woche.<\/p>\n<p>&nbsp;<\/p>\n<p><strong>Hydrating Toner<\/strong><\/p>\n<p>Ein erfrischendes Gesichtswasser mit Immortellenbl\u00fctenwasser. F\u00fcr intensive Feuchtigkeit und entz\u00fcndungshemmende Wirkung bei allen Hauttypen, insbesondere bei trockener Haut.<\/p>\n<p>Das feuchtigkeitsspendende Gesichtswasser beruhigt und regeneriert die Haut, reguliert die Talgproduktion, verj\u00fcngt, erfrischt und bereitet die Haut optimal auf die nachfolgende Pflege vor. Die Formel mit Aloe Vera, NaPCA, einem nat\u00fcrlichen Feuchtigkeitsspender, und einer hohen Konzentration an Hyalurons\u00e4ure (1 %) deckt den gesamten Feuchtigkeitsbedarf der Haut.<\/p>\n<p>Hilft, die Feuchtigkeit zu bewahren und hinterl\u00e4sst die Haut bereits nach der ersten Anwendung hydratisiert und erfrischt.<\/p>\n<p><strong>Anwendung:<\/strong><\/p>\n<p>Auf das gereinigte Gesicht und den Hals spr\u00fchen. Als ersten Schritt der Hautpflege nach der Gesichtsreinigung oder tags\u00fcber \u00fcber dem Make-up anwenden, um die Haut zu erfrischen.<\/p>\n<p>&nbsp;<\/p>\n<p><strong>Regenerative Cream<\/strong><\/p>\n<p>Eine leichte, regenerierende Gesichtscreme. Nat\u00fcrliche Inhaltsstoffe wirken sichtbaren Zeichen der Hautalterung entgegen, regen die Kollagenproduktion an und pflegen die Haut intensiv. Die regenerierende Creme zieht schnell ein und ist eine hervorragende Make-up-Grundlage.<\/p>\n<p>Immortelle hilft, die Hautelastizit\u00e4t zu regenerieren und zu erhalten, w\u00e4hrend Rotalgengel Feuchtigkeit spendet und die Kollagenproduktion anregt. Wertvolles Argan-, Jojoba- und Nachtkerzen\u00f6l pflegen und n\u00e4hren die Haut intensiv und machen sie seidig weich.<\/p>\n<p>Das Ergebnis: straffe, revitalisierte und strahlende Haut. Geeignet f\u00fcr normale bis trockene Haut.<\/p>\n<p><strong>Anwendung:<\/strong><\/p>\n<p>Sanft in das gereinigte Gesicht und den Hals einmassieren. F\u00fcr optimale Ergebnisse empfehlen wir die Anwendung des Feuchtigkeits-Toners vor der Creme.<\/p>\n<p>&nbsp;<\/p>\n<p><strong>Brightening Eyecream<\/strong><\/p>\n<p>Eine seidig-pflegende Augencreme mit Bio-Retinol. Gl\u00e4ttet, hellt auf und spendet Feuchtigkeit f\u00fcr die empfindliche Augenpartie \u2013 ganz ohne die unerw\u00fcnschten Nebenwirkungen von Retinol.<\/p>\n<p>Die innovative Formel mit nat\u00fcrlichem Retinol mildert Schwellungen, Augenringe, feine Linien und F\u00e4ltchen, Trockenheit und Elastizit\u00e4tsverlust. Das Ergebnis: ein jugendlicher, erholter und frischer Teint.<\/p>\n<p>F\u00fcr alle Hauttypen geeignet, auch f\u00fcr empfindliche Haut. Dermatologisch getestet. Sicher f\u00fcr Schwangere und Stillende.<\/p>\n<p><strong>Anwendung:<\/strong><\/p>\n<p>Sanft mit leichten Klopfbewegungen in die Augenpartie einmassieren. Morgens und abends anwenden. Ideal als Make-up-Grundlage.<\/p>\n<p>&nbsp;<\/p>\n<p><strong>Intense Repair Face Oil<\/strong><\/p>\n<p>\u00d6lserum f\u00fcr das Gesicht mit starker Anti-Aging-Wirkung. Erneuert die Haut intensiv, ohne zu beschweren oder einen Fettfilm zu hinterlassen. Die luxuri\u00f6s duftende Formel zieht schnell ein und verleiht der Haut ein strahlendes Aussehen.<\/p>\n<p>Eine reichhaltige Kombination aus Pflanzen\u00f6len von Wildrose, Jojoba, Nachtkerze, Olive und Aprikose, angereichert mit Granatapfelextrakt sowie \u00e4therischen \u00d6len von Immortelle und Geranie.<\/p>\n<p>Das Intensive Repair Oil verleiht der Haut neue Strahlkraft, gleicht den Teint aus, erneuert die Haut und wirkt sichtbaren Zeichen der Hautalterung entgegen. Die Haut wird gestrafft, gen\u00e4hrt und verj\u00fcngt. F\u00fcr normale bis trockene Haut. Geeignet f\u00fcr die Tages- und Nachtpflege.<\/p>\n<p><strong>Anwendung:<\/strong><\/p>\n<p>Einige Tropfen auf das gereinigte Gesicht und den Hals einmassieren. F\u00fcr optimale Ergebnisse empfehlen wir, das \u00d6lserum als letzten Schritt Ihrer Hautpflege-Routine anzuwenden.<\/p>\n<p>&nbsp;<\/p>\n<p><b>Overnight Treatment<\/b><\/p>\n<p>Eine reichhaltige Nachtpflege mit regenerierenden Pflanzenextrakten und pflegenden \u00d6len. Die Overnight Treatment regeneriert und gl\u00e4ttet die Haut und mildert feine Linien und F\u00e4ltchen.<\/p>\n<p>Am Morgen nach der Anwendung ist die Haut straffer, strahlender und glatter. Sie sorgt f\u00fcr einen ebenm\u00e4\u00dfigen Teint und einen nat\u00fcrlichen, gesunden Glow. Geeignet f\u00fcr normale bis trockene und feuchtigkeitsarme Haut.<\/p>\n<p><strong>Anwendung:<\/strong><\/p>\n<p>Tragen Sie eine dicke Schicht der Pflege auf das gereinigte Gesicht und den Hals auf und lassen Sie sie \u00fcber Nacht einwirken. Sie k\u00f6nnen das Produkt jeden Abend oder nach Bedarf anwenden.<\/p>\n<p>&nbsp;<\/p>\n<p>&nbsp;<\/p>\n<p><b><strong>Zusammensetzung <\/strong>(INCI) Hydrating Toner:<\/b><\/p>\n<p><span style=\"font-weight: 400;\">Aqua, Helichrysum Italicum Flower Water, Aloe Barbadensis Leaf Juice, Pentylene Glycol, Glycerin, Sodium Pca, Sodium Hyaluronate, Citric Acid, Sodium Phytate, Potassium Sorbate, Sodium Benzoate\u00a0<\/span><\/p>\n<p>&nbsp;<\/p>\n<p><b><strong>Zusammensetzung <\/strong>(INCI) Regenerative Cream:<\/b><\/p>\n<p><span style=\"font-weight: 400;\">Aqua, Argania Spinosa Kernel Oil*, Simmondsia Chinensis Seed Oil*, Prunus Armeniaca Kernel Oil*, Cetearyl Olivate, Sorbitan Olivate, Oenothera Biennis Oil, Coco- Caprylate, Tocopherol, Ahnfeltiopsis Concinna Extract, Helianthus Annuus Seed Oil, Citric Acid, Helichrysum Italicum Flower Oil*, Cinnamomum Camphora Linalooliferum Wood Oil, Rosmarinus Officinalis Leaf Extract, Sodium Phytate, Dehydroacetic Acid, Sodium Benzoate, Sodium dehydroacetate, Potassium Sorbate, Benzyl Alcohol, Linalool**, Limonene**, Geraniol**<\/span><\/p>\n<p>*Zertifizierte Bio-Zutaten<\/p>\n<p>&nbsp;<\/p>\n<p><b><strong>Zusammensetzung <\/strong>(INCI) Brightening Eye Cream:<\/b><\/p>\n<p><span style=\"font-weight: 400;\">Squalane, Niacinamide, Cetearyl Alcohol, Cetearyl Glucoside, Oenothera Biennis Oil, Coco-Caprylate, Rosa Rubiginosa Oil, Simmondsia Chinensis Seed Oil, Glycerin, Bidens Pilosa Extract, Astrocaryum Murumuru Seed Butter, Gossypium Herbaceum Seed Oil, Linum Usitatissimum Seed Oil, Candelilla Cera, Helichrysum Italicum Flower Oil, Citric Acid, Xanthan Gum, Tocopherol, Sodium Stearoyl Glutamate, Sodium Phytate, Benzyl Alcohol, Dehydroacetic Acid<\/span><\/p>\n<p>&nbsp;<\/p>\n<p><b><strong>Zusammensetzung <\/strong>(INCI) Intense Repair Face Oil:<\/b><\/p>\n<p><span style=\"font-weight: 400;\">Prunus Armeniaca Kernel Oil*, Simmondsia Chinensis Seed Oil*, Olea Europaea Fruit Oil*, Oenothera Biennis Oil, Rosa Rubiginosa Seed Oil*, Coco-Caprylate, Punica Granatum Seed Extract, Helichrysum Italicum Flower Oil*, Pelargonium Graveolens Oil, Rosmarinus Officinalis Leaf Extract, Helianthus Annuus Seed Oil, Tocopherol, Citronellol, Limonene, Citral, Geraniol, Linalool<\/span><\/p>\n<p>*Zertifizierte Bio-Zutaten<\/p>\n<p>&nbsp;<\/p>\n<p><b><strong>Zusammensetzung <\/strong>(INCI) Overnight Treatment:<\/b><\/p>\n<p><span style=\"font-weight: 400;\">Aqua, Butyrospermum Parkii Butter, Prunus Amygdalus Dulcis Oil, Simmondsia Chinensis Seed Oil*, Cetearyl Alcohol, Pentylene Glycol, Niacinamide, Rosa Canina Fruit Oil*, Candelilla Cera, Glycerin, Cetearyl Glucoside, Lysolecithin, Punica Granatum Seed Extract, Sodium Hyaluronate, Tocopherol, Pelargonium Graveolens Oil, Helichrysum Italicum Flower Oil*, Coco-Caprylate, Xanthan Gum, Sodium Stearoyl Glutamate, Rosmarinus Officinalis Leaf <\/span><span style=\"font-weight: 400;\">Extract, Sodium Phytate, Helianthus Annuus Seed Oil, Citric Acid, Glycine Soja Oil, Linalool**, Citral**, Limonene**, Citronellol**, Geraniol**<\/span><\/p>\n<p><span style=\"font-weight: 400;\">**Zertifizierte Bio-Zutaten<\/span><\/p>\n","protected":false},"excerpt":{"rendered":"<p>Das Set f\u00fcr trockene Haut enth\u00e4lt:<\/p>\n<p>&nbsp;<\/p>\n<p><span style=\"font-weight: 400;\">Hydrating Toner, 100 ml<\/span><\/p>\n<p><span style=\"font-weight: 400;\">Regenerative Cream, <\/span><span style=\"font-weight: 400;\">50 ml<\/span><\/p>\n<p><span style=\"font-weight: 400;\">Brightening Eye Cream, 15 ml<\/span><\/p>\n<p><span style=\"font-weight: 400;\">Intense Repair Face Oil, 30 ml<\/span><\/p>\n<p><span style=\"font-weight: 400;\">Overnight Treatment, 50ml<\/span><\/p>\n","protected":false},"featured_media":26378,"comment_status":"open","ping_status":"closed","template":"","meta":[],"product_cat":[1160,118,371],"product_tag":[1001,1239,1240,1241],"acf":[],"_links":{"self":[{"href":"https:\/\/immortella.eu\/de\/wp-json\/wp\/v2\/product\/26758"}],"collection":[{"href":"https:\/\/immortella.eu\/de\/wp-json\/wp\/v2\/product"}],"about":[{"href":"https:\/\/immortella.eu\/de\/wp-json\/wp\/v2\/types\/product"}],"replies":[{"embeddable":true,"href":"https:\/\/immortella.eu\/de\/wp-json\/wp\/v2\/comments?post=26758"}],"wp:featuredmedia":[{"embeddable":true,"href":"https:\/\/immortella.eu\/de\/wp-json\/wp\/v2\/media\/26378"}],"wp:attachment":[{"href":"https:\/\/immortella.eu\/de\/wp-json\/wp\/v2\/media?parent=26758"}],"wp:term":[{"taxonomy":"product_cat","embeddable":true,"href":"https:\/\/immortella.eu\/de\/wp-json\/wp\/v2\/product_cat?post=26758"},{"taxonomy":"product_tag","embeddable":true,"href":"https:\/\/immortella.eu\/de\/wp-json\/wp\/v2\/product_tag?post=26758"}],"curies":[{"name":"wp","href":"https:\/\/api.w.org\/{rel}","templated":true}]}}