{"id":26761,"date":"2026-01-29T15:28:40","date_gmt":"2026-01-29T14:28:40","guid":{"rendered":"https:\/\/immortella.eu\/p\/combination-skin-routine\/"},"modified":"2026-04-14T12:39:28","modified_gmt":"2026-04-14T10:39:28","slug":"combination-skin-routine","status":"publish","type":"product","link":"https:\/\/immortella.eu\/de\/p\/combination-skin-routine\/","title":{"rendered":"Combination Skin Routine"},"content":{"rendered":"<p>Das Pflegeset f\u00fcr Mischhaut bietet eine komplette Gesichtspflegeroutine. Es enth\u00e4lt alle Produkte f\u00fcr die Morgen- und Abendroutine. F\u00fcr optimale Ergebnisse empfehlen wir die Anwendung des Tonerde-Peelings und der Maske 1-2 Mal pro Woche.<\/p>\n<p>&nbsp;<\/p>\n<p><strong>Hydrating Toner<\/strong><\/p>\n<p>Ein erfrischendes Gesichtswasser mit Immortellenbl\u00fctenwasser. F\u00fcr intensive Feuchtigkeit und entz\u00fcndungshemmende Wirkung bei allen Hauttypen, insbesondere bei trockener Haut.<\/p>\n<p>Das feuchtigkeitsspendende Gesichtswasser beruhigt und regeneriert die Haut, reguliert die Talgproduktion, verj\u00fcngt, erfrischt und bereitet die Haut optimal auf die nachfolgende Pflege vor. Die Formel mit Aloe Vera, NaPCA, einem nat\u00fcrlichen Feuchtigkeitsspender, und einer hohen Konzentration an Hyalurons\u00e4ure (1 %) deckt den gesamten Feuchtigkeitsbedarf der Haut.<\/p>\n<p>Hilft, die Feuchtigkeit zu bewahren und hinterl\u00e4sst die Haut bereits nach der ersten Anwendung hydratisiert und erfrischt.<\/p>\n<p><strong>Anwendung:<\/strong><\/p>\n<p>Auf das gereinigte Gesicht und den Hals spr\u00fchen. Als ersten Schritt der Hautpflege nach der Gesichtsreinigung oder tags\u00fcber \u00fcber dem Make-up anwenden, um die Haut zu erfrischen.<\/p>\n<p>&nbsp;<\/p>\n<p><strong>Pro Balance Radiance Serum<\/strong><\/p>\n<p>Feuchtigkeitsspendendes Serum mit Probiotika f\u00fcr eine st\u00e4rkere und strahlendere Haut. Verbessert die Hautelastizit\u00e4t, spendet Feuchtigkeit, regeneriert, hellt den Teint auf und sorgt f\u00fcr einen ebenm\u00e4\u00dfigen Hautton. Nicht komedogen und leicht. F\u00fcr alle Hauttypen geeignet, insbesondere f\u00fcr empfindliche Haut.<\/p>\n<p>Formel mit patentiertem Probiotika-Komplex und Milchs\u00e4ure. Beruhigt und sch\u00fctzt die Haut, regt die Hauterneuerung an und st\u00e4rkt das Hautmikrobiom.<\/p>\n<p>Dank der hohen Konzentrationen an Hyalurons\u00e4ure (1 %) und Niacinamid (5 %) spendet es intensive Feuchtigkeit und sorgt f\u00fcr einen ebenm\u00e4\u00dfigen Teint. Algenextrakt stimuliert die Kollagensynthese, verbessert die Elastizit\u00e4t, regeneriert und strafft die Haut.<\/p>\n<p><strong>Anwendung:<\/strong><\/p>\n<p>Einige Tropfen auf die gereinigte Haut von Gesicht und Hals einmassieren. F\u00fcr optimale Ergebnisse empfehlen wir, das Serum nach dem Gesichtswasser und vor der Gesichtscreme aufzutragen.<\/p>\n<p>&nbsp;<\/p>\n<p><b>Hydra Light Cream<\/b><\/p>\n<p>Eine leichte und dennoch wirkungsvolle Feuchtigkeitscreme mit vier nat\u00fcrlichen Feuchtigkeitsspendern: Bioretinol, Squalan und Vitamin E.<\/p>\n<p>Dank der kraftvollen Kombination aktiver Inhaltsstoffe bleibt die Haut den ganzen Tag \u00fcber mit Feuchtigkeit versorgt, wirkt sichtbar erfrischt und erh\u00e4lt einen gesunden, nat\u00fcrlichen Glow \u2013 ganz ohne sich schwer anzuf\u00fchlen. Diese universelle Creme eignet sich f\u00fcr alle Hauttypen, egal ob Sie mit Unreinheiten, Trockenheit oder einem m\u00fcden Teint zu k\u00e4mpfen haben.<\/p>\n<p>Geeignet f\u00fcr alle Hauttypen, auch f\u00fcr problematische, empfindliche und zu Akne neigende Haut. Dermatologisch getestet. Sicher f\u00fcr Schwangere und Stillende.<\/p>\n<p><strong>Anwendung:<\/strong><\/p>\n<p>Sanft auf das gereinigte Gesicht und den Hals einmassieren. Morgens und abends anwenden.<\/p>\n<p>&nbsp;<\/p>\n<p><b>Brightening Eye Cream<\/b><\/p>\n<p>Eine seidig-pflegende Augencreme mit Bio-Retinol. Gl\u00e4ttet, hellt auf und spendet Feuchtigkeit f\u00fcr die empfindliche Augenpartie \u2013 ganz ohne die unerw\u00fcnschten Nebenwirkungen von Retinol.<\/p>\n<p>Die innovative Formel mit nat\u00fcrlichem Retinol mildert Schwellungen, Augenringe, feine Linien und F\u00e4ltchen, Trockenheit und Elastizit\u00e4tsverlust. Das Ergebnis: ein jugendlicher, erholter und frischer Teint.<\/p>\n<p>F\u00fcr alle Hauttypen geeignet, auch f\u00fcr empfindliche Haut. Dermatologisch getestet. Sicher f\u00fcr Schwangere und Stillende.<\/p>\n<p><strong>Anwendung:<\/strong><\/p>\n<p>Sanft mit leichten Klopfbewegungen in die Augenpartie einmassieren. Morgens und abends anwenden. Ideal als Make-up-Grundlage.<\/p>\n<p>&nbsp;<\/p>\n<p><strong><b>Bioretin-oil Serum<\/b><\/strong><\/p>\n<p>Regenerierendes und gl\u00e4ttendes \u00d6l-Serum mit Bio-Retinol. Wirkt aktiv gegen Falten und feine Linien, verbessert die Hautstruktur, beruhigt, reguliert die Talgproduktion, sorgt f\u00fcr einen ebenm\u00e4\u00dfigen und strahlenden Teint. Bei t\u00e4glicher Anwendung beugt es lichtbedingter Hautalterung vor und reduziert Pigmentflecken.<\/p>\n<p>Ohne die unerw\u00fcnschten Irritationen und Nebenwirkungen von Retinol. Die vielseitige Formel mit Bio-Retinol (3 %), Ceramiden und Antioxidantien beruhigt, sch\u00fctzt und wirkt effektiv, ohne R\u00f6tungen oder Brennen zu verursachen. Das Bioretin-\u00d6l-Serum ist sicher f\u00fcr die t\u00e4gliche Anwendung, da es im Gegensatz zu klassischen Retinolen keine Lichtempfindlichkeit hervorruft.<\/p>\n<p>F\u00fcr alle Hauttypen geeignet, insbesondere f\u00fcr problematische, unebene und reife Haut. Dank seiner sanften Formel ist es auch f\u00fcr unreine, zu Akne neigende Haut und Haut mit Retinolempfindlichkeit geeignet.<\/p>\n<p><strong>Anwendung:<\/strong><\/p>\n<p>Sanft auf das gereinigte Gesicht und den Hals einmassieren. Morgens und abends als letzten Schritt Ihrer Hautpflege verwenden.<\/p>\n<p>&nbsp;<\/p>\n<p><b>Clay Scrub &amp; Mask<\/b><\/p>\n<p>2-in-1-Gesichtsmaske mit wei\u00dfer und gr\u00fcner Tonerde sowie Aprikosenpartikeln. Peelt die Haut, reinigt die Poren porentief, erneuert sie und verleiht ihr ein strahlendes und zartes Aussehen. Reguliert die Talgproduktion und mattiert den Teint.<\/p>\n<p>Wei\u00dfe Tonerde erneuert und beruhigt die Haut, w\u00e4hrend gr\u00fcne Tonerde Giftstoffe und Unreinheiten entfernt. Aprikosenpartikel entfernen abgestorbene Hautsch\u00fcppchen durch eine sanfte Gesichtsmassage. Jojoba- und Aprikosen\u00f6l pflegen die Haut, und Immortelle wirkt den Zeichen der Hautalterung entgegen.<\/p>\n<p>Geeignet f\u00fcr alle Hauttypen, au\u00dfer f\u00fcr zu Akne neigende Haut mit akuten Entz\u00fcndungen.<\/p>\n<p><strong>Anwendung:<\/strong><\/p>\n<p>Tragen Sie die Maske 1-2 Mal pro Woche auf die gereinigte Haut auf. Massieren Sie eine kleine Menge 1 Minute lang sanft ein, tragen Sie anschlie\u00dfend den Rest auf und lassen Sie die Maske 10 bis 15 Minuten einwirken. Sobald die Maske getrocknet ist, sp\u00fclen Sie sie mit Wasser ab und fahren Sie mit den weiteren Schritten Ihrer Pflegeroutine fort.<\/p>\n<p>&nbsp;<\/p>\n<p><b><strong>Zusammensetzung <\/strong>(INCI) Hydrating Toner:<\/b><\/p>\n<p><span style=\"font-weight: 400;\">Aqua, Helichrysum Italicum Flower Water, Aloe Barbadensis Leaf Juice, Pentylene Glycol, Glycerin, Sodium Pca, Sodium Hyaluronate, Citric Acid, Sodium Phytate, Potassium Sorbate, Sodium Benzoate\u00a0<\/span><\/p>\n<p>&nbsp;<\/p>\n<p><b><strong>Zusammensetzung <\/strong>(INCI) Pro Balance Radiance Serum:<\/b><\/p>\n<p><span style=\"font-weight: 400;\">Aqua, Glycerin, Aloe Barbadensis Leaf Juice, Niacinamide, Pentylene Glycol, Sodium PCA, Sodium Hyaluronate, Ahnfeltiopsis Concinna Extract, Xanthan Gum, Lactobacillus Ferment, Avena Sativa Kernel Extract, Sodium Benzoate, Potassium Sorbate, Sodium Dehydroacetate<\/span><\/p>\n<p>**Das Produkt enth\u00e4lt keine \u00e4therischen \u00d6le.<\/p>\n<p><span style=\"font-weight: 400;\">\u00a0<\/span><\/p>\n<p><b><strong>Zusammensetzung <\/strong>(INCI) Hydra Light Cream:<\/b><\/p>\n<p><span style=\"font-weight: 400;\">Aqua, Simmondsia Chinensis Seed Oil*, Squalane, Aloe Barbadensis Leaf Juice, Glycerin, Cetearyl Olivate, Sorbitan Olivate, Sodium PCA, Butyrospermum Parkii Butter*, Sodium Hyaluronate, Astrocaryum Murumuru Seed Butter, Bidens Pilosa Extract, Gossypium Herbaceum Seed Oil, Linum Usitatissimum Seed Oil, Tocopherol, Benzyl Alcohol, Cetearyl Alcohol, Cetearyl Glucoside, Dehydroacetic Acid, Xanthan Gum, Sodium Phytate, Citric Acid<\/span><\/p>\n<p>*Zertifizierte Bio-Zutaten<\/p>\n<p>&nbsp;<\/p>\n<p><b><strong>Zusammensetzung <\/strong>(INCI) Brightening Eye Cream:<\/b><\/p>\n<p><span style=\"font-weight: 400;\">Squalane, Niacinamide, Cetearyl Alcohol, Cetearyl Glucoside, Oenothera Biennis Oil, Coco-Caprylate, Rosa Rubiginosa Oil, Simmondsia Chinensis Seed Oil, Glycerin, Bidens Pilosa Extract, Astrocaryum Murumuru Seed Butter, Gossypium Herbaceum Seed Oil, Linum Usitatissimum Seed Oil, Candelilla Cera, Helichrysum Italicum Flower Oil, Citric Acid, Xanthan Gum, Tocopherol, Sodium Stearoyl Glutamate, Sodium Phytate, Benzyl Alcohol, Dehydroacetic Acid<\/span><\/p>\n<p>&nbsp;<\/p>\n<p><b><strong>Zusammensetzung <\/strong>(INCI) Bioretin-oil Serum:<\/b><\/p>\n<p><span style=\"font-weight: 400;\">Squalane, Avena Sativa Kernel Oil, Rosa Moschata Seed Oil, Coco-caprylate, Punica Granatum Seed Extract, Astrocaryum Murumuru Seed Butter, Gossypium Herbaceum Seed Oil, Bidens Pilosa Extract, Tocopherol, Linum Usitatissimum Seed Oil, Glycine Soja Oil, Rosmarinus Officinalis Leaf Extract<\/span><\/p>\n<p>&nbsp;<\/p>\n<p><b><strong>Zusammensetzung <\/strong>(INCI) Clay Scrub &amp; Mask:<\/b><\/p>\n<p><span style=\"font-weight: 400;\">Aqua, Prunus Armeniaca, Kernel Oil*, Cetearyl Olivate, Sorbitan Olivate, Simmondsia Chinesis Seed Oil*, Montmorillonite, Illite, Kaolin, Prunus Armeniaca Seed Powder, Glycerin, Helichrysum Italicum Flower Oil*, Cinnamomum Champhora Linalooliferum Wood Oil, Rosmarinus Officinalis Leaf Extract, Helianthus Annuus Seed Oil, Xanthan Gum, Benzyl Alcohol, Sodium Phytate, Citric Acid, Dehydroacetic Acid, Linalool, Limonene<\/span><\/p>\n<p>*Zertifizierte Bio-Zutaten<\/p>\n","protected":false},"excerpt":{"rendered":"<p>Das Kombinations-Hautset enth\u00e4lt:<\/p>\n<p>&nbsp;<\/p>\n<p><span style=\"font-weight: 400;\">Hydrating Toner, 100 ml<\/span><\/p>\n<p><span style=\"font-weight: 400;\">Pro Balance Radiance Serum, <\/span><span style=\"font-weight: 400;\">30 ml<\/span><\/p>\n<p><span style=\"font-weight: 400;\">Hydra Light Cream, <\/span><span style=\"font-weight: 400;\">50 ml<\/span><\/p>\n<p><span style=\"font-weight: 400;\">Brightening Eye Cream, 15 ml<\/span><\/p>\n<p><span style=\"font-weight: 400;\">Bioretin-oil Serum, 30 ml<\/span><\/p>\n<p><span style=\"font-weight: 400;\">Clay Scrub &amp; Mask, 50ml<\/span><\/p>\n","protected":false},"featured_media":26367,"comment_status":"open","ping_status":"closed","template":"","meta":[],"product_cat":[1160,1242],"product_tag":[1001,1243,1244],"acf":[],"_links":{"self":[{"href":"https:\/\/immortella.eu\/de\/wp-json\/wp\/v2\/product\/26761"}],"collection":[{"href":"https:\/\/immortella.eu\/de\/wp-json\/wp\/v2\/product"}],"about":[{"href":"https:\/\/immortella.eu\/de\/wp-json\/wp\/v2\/types\/product"}],"replies":[{"embeddable":true,"href":"https:\/\/immortella.eu\/de\/wp-json\/wp\/v2\/comments?post=26761"}],"wp:featuredmedia":[{"embeddable":true,"href":"https:\/\/immortella.eu\/de\/wp-json\/wp\/v2\/media\/26367"}],"wp:attachment":[{"href":"https:\/\/immortella.eu\/de\/wp-json\/wp\/v2\/media?parent=26761"}],"wp:term":[{"taxonomy":"product_cat","embeddable":true,"href":"https:\/\/immortella.eu\/de\/wp-json\/wp\/v2\/product_cat?post=26761"},{"taxonomy":"product_tag","embeddable":true,"href":"https:\/\/immortella.eu\/de\/wp-json\/wp\/v2\/product_tag?post=26761"}],"curies":[{"name":"wp","href":"https:\/\/api.w.org\/{rel}","templated":true}]}}